{"id":1638,"date":"2017-02-11T11:46:15","date_gmt":"2017-02-11T11:46:15","guid":{"rendered":"http:\/\/consulting.stylemixthemes.com\/demo\/?page_id=1638"},"modified":"2023-02-27T04:58:12","modified_gmt":"2023-02-27T04:58:12","slug":"contact","status":"publish","type":"page","link":"https:\/\/tokyoconsultingfirm.com\/turkey\/contact\/","title":{"rendered":"Contact"},"content":{"rendered":"<p>[vc_row css=&#8221;.vc_custom_1485423383193{margin-bottom: 20px !important;}&#8221;][vc_column css=&#8221;.vc_custom_1485424286916{margin-bottom: 30px !important;}&#8221; offset=&#8221;vc_col-lg-4&#8243;][stm_contacts_widget style=&#8221;style_4&#8243; title=&#8221;contact details&#8221; address=&#8221;Address : LEVENT Mah. G\u00dcLL\u00dc Sok. No:11 &#8211; 34330 BE\u015e\u0130KTA\u015e \/ \u0130STANBUL&#8221; phone=&#8221;Mobile : +90-539-585-4248, +90-539-598-9911, +90-539-778-7180&#8243; facebook=&#8221;https:\/\/www.facebook.com\/TCFTurkeyIstanbul-109572280720006\/&#8221; twitter=&#8221;https:\/\/twitter.com\/TurkeyTcf&#8221; email=&#8221;tcf-turkey@tokyoconsultinggroup.com&#8221;][\/vc_column][vc_column css=&#8221;.vc_custom_1485424295749{margin-bottom: 30px !important;}&#8221; offset=&#8221;vc_col-lg-8&#8243;][vc_column_text]<form action=\"https:\/\/tokyoconsultingfirm.com\/turkey\/wp-json\/ws-form\/v1\/submit\" class=\"wsf-form wsf-form-canvas\" id=\"ws-form-1\" data-id=\"1\"  data-instance-id=\"1\"  method=\"POST\" data-wsf-style-id=\"1\"><\/form>[\/vc_column_text][\/vc_column][\/vc_row]<\/p>\n","protected":false},"excerpt":{"rendered":"<p>[vc_row css=&#8221;.vc_custom_1485423383193{margin-bottom: 20px !important;}&#8221;][vc_column css=&#8221;.vc_custom_1485424286916{margin-bottom: 30px !important;}&#8221; offset=&#8221;vc_col-lg-4&#8243;][stm_contacts_widget style=&#8221;style_4&#8243; title=&#8221;contact details&#8221; address=&#8221;Address : LEVENT Mah. G\u00dcLL\u00dc Sok. No:11 &#8211; 34330 BE\u015e\u0130KTA\u015e \/ \u0130STANBUL&#8221; phone=&#8221;Mobile : +90-539-585-4248, +90-539-598-9911, +90-539-778-7180&#8243; facebook=&#8221;https:\/\/www.facebook.com\/TCFTurkeyIstanbul-109572280720006\/&#8221; twitter=&#8221;https:\/\/twitter.com\/TurkeyTcf&#8221; email=&#8221;tcf-turkey@tokyoconsultinggroup.com&#8221;][\/vc_column][vc_column css=&#8221;.vc_custom_1485424295749{margin-bottom: 30px !important;}&#8221; offset=&#8221;vc_col-lg-8&#8243;][vc_column_text][\/vc_column_text][\/vc_column][\/vc_row]<\/p>\n","protected":false},"author":1,"featured_media":0,"parent":0,"menu_order":0,"comment_status":"closed","ping_status":"closed","template":"","meta":{"_exactmetrics_skip_tracking":false,"_exactmetrics_sitenote_active":false,"_exactmetrics_sitenote_note":"","_exactmetrics_sitenote_category":0,"_uf_show_specific_survey":0,"_uf_disable_surveys":false,"footnotes":""},"class_list":["post-1638","page","type-page","status-publish","hentry"],"aioseo_notices":[],"yoast_head":"<!-- This site is optimized with the Yoast SEO plugin v25.9 - https:\/\/yoast.com\/wordpress\/plugins\/seo\/ -->\n<title>Contact - TCF Turkey<\/title>\n<meta name=\"robots\" content=\"index, follow, max-snippet:-1, max-image-preview:large, max-video-preview:-1\" \/>\n<link rel=\"canonical\" href=\"https:\/\/tokyoconsultingfirm.com\/turkey\/contact\/\" \/>\n<meta property=\"og:locale\" content=\"en_US\" \/>\n<meta property=\"og:type\" content=\"article\" \/>\n<meta property=\"og:title\" content=\"Contact - TCF Turkey\" \/>\n<meta property=\"og:description\" content=\"[vc_row css=&#8221;.vc_custom_1485423383193{margin-bottom: 20px !important;}&#8221;][vc_column css=&#8221;.vc_custom_1485424286916{margin-bottom: 30px !important;}&#8221; offset=&#8221;vc_col-lg-4&#8243;][stm_contacts_widget style=&#8221;style_4&#8243; title=&#8221;contact details&#8221; address=&#8221;Address : LEVENT Mah. G\u00dcLL\u00dc Sok. No:11 &#8211; 34330 BE\u015e\u0130KTA\u015e \/ \u0130STANBUL&#8221; phone=&#8221;Mobile : +90-539-585-4248, +90-539-598-9911, +90-539-778-7180&#8243; facebook=&#8221;https:\/\/www.facebook.com\/TCFTurkeyIstanbul-109572280720006\/&#8221; twitter=&#8221;https:\/\/twitter.com\/TurkeyTcf&#8221; email=&#8221;tcf-turkey@tokyoconsultinggroup.com&#8221;][\/vc_column][vc_column css=&#8221;.vc_custom_1485424295749{margin-bottom: 30px !important;}&#8221; offset=&#8221;vc_col-lg-8&#8243;][vc_column_text][\/vc_column_text][\/vc_column][\/vc_row]\" \/>\n<meta property=\"og:url\" content=\"https:\/\/tokyoconsultingfirm.com\/turkey\/contact\/\" \/>\n<meta property=\"og:site_name\" content=\"TCF Turkey\" \/>\n<meta property=\"article:modified_time\" content=\"2023-02-27T04:58:12+00:00\" \/>\n<meta name=\"twitter:card\" content=\"summary_large_image\" \/>\n<script type=\"application\/ld+json\" class=\"yoast-schema-graph\">{\"@context\":\"https:\/\/schema.org\",\"@graph\":[{\"@type\":\"WebPage\",\"@id\":\"https:\/\/tokyoconsultingfirm.com\/turkey\/contact\/\",\"url\":\"https:\/\/tokyoconsultingfirm.com\/turkey\/contact\/\",\"name\":\"Contact - TCF Turkey\",\"isPartOf\":{\"@id\":\"https:\/\/tokyoconsultingfirm.com\/turkey\/#website\"},\"datePublished\":\"2017-02-11T11:46:15+00:00\",\"dateModified\":\"2023-02-27T04:58:12+00:00\",\"breadcrumb\":{\"@id\":\"https:\/\/tokyoconsultingfirm.com\/turkey\/contact\/#breadcrumb\"},\"inLanguage\":\"en-US\",\"potentialAction\":[{\"@type\":\"ReadAction\",\"target\":[\"https:\/\/tokyoconsultingfirm.com\/turkey\/contact\/\"]}]},{\"@type\":\"BreadcrumbList\",\"@id\":\"https:\/\/tokyoconsultingfirm.com\/turkey\/contact\/#breadcrumb\",\"itemListElement\":[{\"@type\":\"ListItem\",\"position\":1,\"name\":\"Home\",\"item\":\"https:\/\/tokyoconsultingfirm.com\/turkey\/\"},{\"@type\":\"ListItem\",\"position\":2,\"name\":\"Contact\"}]},{\"@type\":\"WebSite\",\"@id\":\"https:\/\/tokyoconsultingfirm.com\/turkey\/#website\",\"url\":\"https:\/\/tokyoconsultingfirm.com\/turkey\/\",\"name\":\"TCF Turkey\",\"description\":\"Tokyo consulting Firm Turkey\",\"potentialAction\":[{\"@type\":\"SearchAction\",\"target\":{\"@type\":\"EntryPoint\",\"urlTemplate\":\"https:\/\/tokyoconsultingfirm.com\/turkey\/?s={search_term_string}\"},\"query-input\":{\"@type\":\"PropertyValueSpecification\",\"valueRequired\":true,\"valueName\":\"search_term_string\"}}],\"inLanguage\":\"en-US\"}]}<\/script>\n<!-- \/ Yoast SEO plugin. -->","yoast_head_json":{"title":"Contact - TCF Turkey","robots":{"index":"index","follow":"follow","max-snippet":"max-snippet:-1","max-image-preview":"max-image-preview:large","max-video-preview":"max-video-preview:-1"},"canonical":"https:\/\/tokyoconsultingfirm.com\/turkey\/contact\/","og_locale":"en_US","og_type":"article","og_title":"Contact - TCF Turkey","og_description":"[vc_row css=&#8221;.vc_custom_1485423383193{margin-bottom: 20px !important;}&#8221;][vc_column css=&#8221;.vc_custom_1485424286916{margin-bottom: 30px !important;}&#8221; offset=&#8221;vc_col-lg-4&#8243;][stm_contacts_widget style=&#8221;style_4&#8243; title=&#8221;contact details&#8221; address=&#8221;Address : LEVENT Mah. G\u00dcLL\u00dc Sok. No:11 &#8211; 34330 BE\u015e\u0130KTA\u015e \/ \u0130STANBUL&#8221; phone=&#8221;Mobile : +90-539-585-4248, +90-539-598-9911, +90-539-778-7180&#8243; facebook=&#8221;https:\/\/www.facebook.com\/TCFTurkeyIstanbul-109572280720006\/&#8221; twitter=&#8221;https:\/\/twitter.com\/TurkeyTcf&#8221; email=&#8221;tcf-turkey@tokyoconsultinggroup.com&#8221;][\/vc_column][vc_column css=&#8221;.vc_custom_1485424295749{margin-bottom: 30px !important;}&#8221; offset=&#8221;vc_col-lg-8&#8243;][vc_column_text][\/vc_column_text][\/vc_column][\/vc_row]","og_url":"https:\/\/tokyoconsultingfirm.com\/turkey\/contact\/","og_site_name":"TCF Turkey","article_modified_time":"2023-02-27T04:58:12+00:00","twitter_card":"summary_large_image","schema":{"@context":"https:\/\/schema.org","@graph":[{"@type":"WebPage","@id":"https:\/\/tokyoconsultingfirm.com\/turkey\/contact\/","url":"https:\/\/tokyoconsultingfirm.com\/turkey\/contact\/","name":"Contact - TCF Turkey","isPartOf":{"@id":"https:\/\/tokyoconsultingfirm.com\/turkey\/#website"},"datePublished":"2017-02-11T11:46:15+00:00","dateModified":"2023-02-27T04:58:12+00:00","breadcrumb":{"@id":"https:\/\/tokyoconsultingfirm.com\/turkey\/contact\/#breadcrumb"},"inLanguage":"en-US","potentialAction":[{"@type":"ReadAction","target":["https:\/\/tokyoconsultingfirm.com\/turkey\/contact\/"]}]},{"@type":"BreadcrumbList","@id":"https:\/\/tokyoconsultingfirm.com\/turkey\/contact\/#breadcrumb","itemListElement":[{"@type":"ListItem","position":1,"name":"Home","item":"https:\/\/tokyoconsultingfirm.com\/turkey\/"},{"@type":"ListItem","position":2,"name":"Contact"}]},{"@type":"WebSite","@id":"https:\/\/tokyoconsultingfirm.com\/turkey\/#website","url":"https:\/\/tokyoconsultingfirm.com\/turkey\/","name":"TCF Turkey","description":"Tokyo consulting Firm Turkey","potentialAction":[{"@type":"SearchAction","target":{"@type":"EntryPoint","urlTemplate":"https:\/\/tokyoconsultingfirm.com\/turkey\/?s={search_term_string}"},"query-input":{"@type":"PropertyValueSpecification","valueRequired":true,"valueName":"search_term_string"}}],"inLanguage":"en-US"}]}},"_links":{"self":[{"href":"https:\/\/tokyoconsultingfirm.com\/turkey\/wp-json\/wp\/v2\/pages\/1638","targetHints":{"allow":["GET"]}}],"collection":[{"href":"https:\/\/tokyoconsultingfirm.com\/turkey\/wp-json\/wp\/v2\/pages"}],"about":[{"href":"https:\/\/tokyoconsultingfirm.com\/turkey\/wp-json\/wp\/v2\/types\/page"}],"author":[{"embeddable":true,"href":"https:\/\/tokyoconsultingfirm.com\/turkey\/wp-json\/wp\/v2\/users\/1"}],"replies":[{"embeddable":true,"href":"https:\/\/tokyoconsultingfirm.com\/turkey\/wp-json\/wp\/v2\/comments?post=1638"}],"version-history":[{"count":15,"href":"https:\/\/tokyoconsultingfirm.com\/turkey\/wp-json\/wp\/v2\/pages\/1638\/revisions"}],"predecessor-version":[{"id":6911,"href":"https:\/\/tokyoconsultingfirm.com\/turkey\/wp-json\/wp\/v2\/pages\/1638\/revisions\/6911"}],"wp:attachment":[{"href":"https:\/\/tokyoconsultingfirm.com\/turkey\/wp-json\/wp\/v2\/media?parent=1638"}],"curies":[{"name":"wp","href":"https:\/\/api.w.org\/{rel}","templated":true}]}}