{"id":1638,"date":"2017-02-11T11:46:15","date_gmt":"2017-02-11T11:46:15","guid":{"rendered":"http:\/\/consulting.stylemixthemes.com\/demo\/?page_id=1638"},"modified":"2024-02-19T03:46:26","modified_gmt":"2024-02-19T03:46:26","slug":"lien-he","status":"publish","type":"page","link":"https:\/\/tokyoconsultingfirm.com\/vietnam\/lien-he\/","title":{"rendered":"Li\u00ean h\u1ec7"},"content":{"rendered":"<p>[vc_row css=&#8221;.vc_custom_1485423383193{margin-bottom: 20px !important;}&#8221;][vc_column css=&#8221;.vc_custom_1485424286916{margin-bottom: 30px !important;}&#8221; offset=&#8221;vc_col-lg-4&#8243;][vc_column_text]<\/p>\n<div class=\"wpb_text_column wpb_content_element \">\n<div class=\"wpb_wrapper\">\n<h3>\u0110\u1ecaA CH\u1ec8<\/h3>\n<\/div>\n<\/div>\n<div class=\"separator transparent \"><\/div>\n<div class=\"wpb_text_column wpb_content_element vc_custom_1585217336991\">\n<div class=\"wpb_wrapper\">\n<h4><span style=\"color: #800000;\"><strong><u>V\u0103n Ph\u00f2ng H\u00e0 N\u1ed9i<\/u><\/strong><\/span><\/h4>\n<p>Ph\u00f2ng 305, T\u1ea7ng 3, Th\u00e1p A, T\u00f2a nh\u00e0 Sky City Tower, S\u1ed1 88, \u0110\u01b0\u1eddng L\u00e1ng H\u1ea1, Ph\u01b0\u1eddng L\u00e1ng H\u1ea1, Qu\u1eadn \u0110\u1ed1ng \u0110a, H\u00e0 N\u1ed9i, Vi\u1ec7t Nam<\/p>\n<h6>84-(0)-24-3538-1964<\/h6>\n<\/div>\n<\/div>\n<p>[\/vc_column_text][vc_column_text]<\/p>\n<h4><span style=\"color: #800000;\"><strong><u>V\u0103n Ph\u00f2ng TP. HCM<\/u><\/strong><\/span><\/h4>\n<p>Ph\u00f2ng 803, T\u1ea7ng 8, D.C Tower, 111D L\u00fd Ch\u00ednh Th\u1eafng, Ph\u01b0\u1eddng V\u00f5 Th\u1ecb S\u00e1u, Qu\u1eadn 3, TP.HCM, Vi\u1ec7t Nam<\/p>\n<h6>84-(0)-28-3935-2735<\/h6>\n<p>[\/vc_column_text][\/vc_column][vc_column css=&#8221;.vc_custom_1485424295749{margin-bottom: 30px !important;}&#8221; offset=&#8221;vc_col-lg-8&#8243;][vc_raw_js]JTVCd3NfZm9ybSUyMGlkJTNEJTIyMyUyMiU1RA==[\/vc_raw_js][\/vc_column][\/vc_row]<\/p>\n","protected":false},"excerpt":{"rendered":"<p>[vc_row css=&#8221;.vc_custom_1485423383193{margin-bottom: 20px !important;}&#8221;][vc_column css=&#8221;.vc_custom_1485424286916{margin-bottom: 30px !important;}&#8221; offset=&#8221;vc_col-lg-4&#8243;][vc_column_text] \u0110\u1ecaA CH\u1ec8 V\u0103n Ph\u00f2ng H\u00e0 N\u1ed9i Ph\u00f2ng 305, T\u1ea7ng 3, Th\u00e1p A, T\u00f2a nh\u00e0 Sky City Tower, S\u1ed1 88, \u0110\u01b0\u1eddng L\u00e1ng H\u1ea1, Ph\u01b0\u1eddng L\u00e1ng H\u1ea1, Qu\u1eadn \u0110\u1ed1ng \u0110a, H\u00e0 N\u1ed9i, Vi\u1ec7t Nam 84-(0)-24-3538-1964 [\/vc_column_text][vc_column_text] V\u0103n Ph\u00f2ng TP. HCM Ph\u00f2ng 803, T\u1ea7ng 8, D.C Tower, 111D L\u00fd Ch\u00ednh<\/p>\n","protected":false},"author":1,"featured_media":0,"parent":0,"menu_order":0,"comment_status":"closed","ping_status":"closed","template":"","meta":[],"_links":{"self":[{"href":"https:\/\/tokyoconsultingfirm.com\/vietnam\/wp-json\/wp\/v2\/pages\/1638"}],"collection":[{"href":"https:\/\/tokyoconsultingfirm.com\/vietnam\/wp-json\/wp\/v2\/pages"}],"about":[{"href":"https:\/\/tokyoconsultingfirm.com\/vietnam\/wp-json\/wp\/v2\/types\/page"}],"author":[{"embeddable":true,"href":"https:\/\/tokyoconsultingfirm.com\/vietnam\/wp-json\/wp\/v2\/users\/1"}],"replies":[{"embeddable":true,"href":"https:\/\/tokyoconsultingfirm.com\/vietnam\/wp-json\/wp\/v2\/comments?post=1638"}],"version-history":[{"count":0,"href":"https:\/\/tokyoconsultingfirm.com\/vietnam\/wp-json\/wp\/v2\/pages\/1638\/revisions"}],"wp:attachment":[{"href":"https:\/\/tokyoconsultingfirm.com\/vietnam\/wp-json\/wp\/v2\/media?parent=1638"}],"curies":[{"name":"wp","href":"https:\/\/api.w.org\/{rel}","templated":true}]}}