{"id":6238,"date":"2019-11-26T04:29:34","date_gmt":"2019-11-26T04:29:34","guid":{"rendered":"http:\/\/consulting.stylemixthemes.com\/demo\/?page_id=6238"},"modified":"2025-08-28T07:11:43","modified_gmt":"2025-08-28T07:11:43","slug":"ve-cong-ty","status":"publish","type":"page","link":"https:\/\/tokyoconsultingfirm.com\/vietnam\/ve-cong-ty\/","title":{"rendered":"V\u1ec1 c\u00f4ng ty"},"content":{"rendered":"<p>[vc_section][vc_row][vc_column][vc_custom_heading stm_title_font_weight=&#8221;700&#8243; text=&#8221;T\u1ea6M NH\u00ccN C\u1ee6A CH\u00daNG T\u00d4I&#8221; font_container=&#8221;tag:h1|font_size:35px|text_align:center|color:%23ff0000&#8243; google_fonts=&#8221;font_family:Montserrat%3Aregular%2C700|font_style:700%20bold%20regular%3A700%3Anormal&#8221;][\/vc_column][\/vc_row][vc_row][vc_column width=&#8221;1\/3&#8243; el_class=&#8221;item-cotloi&#8221;][stm_info_box align_center=&#8221;yes&#8221; title=&#8221;Gi\u00e1 tr\u1ecb c\u1ed1t l\u00f5i&#8221; image=&#8221;7578&#8243; vc_image_size=&#8221;85&#8243;]Ch\u00ednh l\u00e0 DNA c\u1ee7a doanh nghi\u1ec7p.<\/p>\n<p>Ch\u00fang ta ph\u1ea3i t\u00f4n tr\u1ecdng v\u00e0 tu\u00e2n th\u1ee7[\/stm_info_box][stm_spacing lg_spacing=&#8221;30px&#8221;][\/vc_column][vc_column width=&#8221;1\/3&#8243; el_class=&#8221;item-cotloi&#8221;][stm_info_box align_center=&#8221;yes&#8221; title=&#8221;M\u1ee5c \u0111\u00edch&#8221; image=&#8221;7577&#8243; vc_image_size=&#8221;85&#8243;]L\u00ed do c\u01a1 b\u1ea3n \u0111\u1ec3 doanh nghi\u1ec7p t\u1ed3n t\u1ea1i.<\/p>\n<p>\u00dd ngh\u0129a t\u1ed3n t\u1ea1i b\u1eaft ngu\u1ed3n t\u1eeb nh\u1eefng gi\u00e1 tr\u1ecb c\u1ed1t l\u00f5i[\/stm_info_box][stm_spacing lg_spacing=&#8221;30px&#8221;][\/vc_column][vc_column width=&#8221;1\/3&#8243; el_class=&#8221;item-cotloi&#8221;][stm_info_box align_center=&#8221;yes&#8221; title=&#8221;S\u1ee9 m\u1ec7nh&#8221; image=&#8221;7576&#8243; vc_image_size=&#8221;85&#8243;]Nh\u1eefng m\u1ee5c ti\u00eau, tham v\u1ecdng r\u00f5 r\u00e0ng, t\u00e1o b\u1ea1o v\u00e0 h\u1ea5p d\u1eabn, c\u00f3 th\u1eddi h\u1ea1n c\u1ee5 th\u1ec3[\/stm_info_box][stm_spacing lg_spacing=&#8221;30px&#8221;][\/vc_column][\/vc_row][vc_row][vc_column width=&#8221;7\/12&#8243;][vc_single_image image=&#8221;7590&#8243; img_size=&#8221;full&#8221; css=&#8221;.vc_custom_1706932216038{border-radius: 15px !important;}&#8221; el_class=&#8221;border-ra15&#8243;][stm_spacing lg_spacing=&#8221;30px&#8221;][\/vc_column][vc_column width=&#8221;5\/12&#8243;][vc_column_text el_class=&#8221;block-content-cotloi&#8221;]<\/p>\n<h4><strong>\u2666\u00a0 Gi\u00e1 tr\u1ecb c\u1ed1t l\u00f5i c\u1ee7a TCF Vi\u1ec7t Nam<\/strong><\/h4>\n<p><span style=\"color: #ff0000;\">Nh\u1eefng nguy\u00ean t\u1eafc Kuno:<\/span><\/p>\n<ol>\n<li style=\"list-style-type: none;\">\n<ol>\n<li>Nh\u1eefng g\u00ec ch\u00fang ta cho \u0111i l\u00e0 nh\u1eefng g\u00ec ch\u00fang ta nh\u1eadn \u0111\u01b0\u1ee3c<\/li>\n<li>M\u1ecdi v\u1ea5n \u0111\u1ec1 \u0111\u1ec1u b\u1eaft ngu\u1ed3n t\u1eeb ch\u00fang ta<\/li>\n<li>Kh\u00f4ng ng\u1eebng m\u1edf r\u1ed9ng tr\u00e1ch nhi\u1ec7m trong c\u00f4ng vi\u1ec7c<\/li>\n<li>S\u1ef1 bi\u1ebft \u01a1n.<\/li>\n<\/ol>\n<\/li>\n<\/ol>\n<p>[\/vc_column_text][stm_spacing lg_spacing=&#8221;30px&#8221;][\/vc_column][\/vc_row][vc_row][vc_column width=&#8221;5\/12&#8243;][vc_column_text el_class=&#8221;block-content-cotloi&#8221;]<\/p>\n<h4><strong>\u2666 <\/strong>M\u1ee5c \u0111\u00edch c\u1ee7a TCF Vi\u1ec7t Nam<\/h4>\n<ol>\n<li style=\"list-style-type: none;\">\n<ol>\n<li>Ch\u00fang t\u00f4i lu\u00f4n n\u1ed7 l\u1ef1c kh\u00f4ng m\u1ec7t m\u1ecfi.<\/li>\n<li>Ch\u00fang t\u00f4i l\u00e0m vi\u1ec7c v\u1edbi nh\u1eefng \u0111\u1ed3ng nghi\u1ec7p t\u1ed1t nh\u1ea5t.<\/li>\n<li>Ch\u00fang t\u00f4i lu\u00f4n suy ng\u1eabm v\u1ec1 d\u1ecbch v\u1ee5 t\u1ed1i \u01b0u<\/li>\n<li>Ch\u00fang t\u00f4i kh\u00f4ng ng\u1eebng c\u1ea3i thi\u1ec7n.<\/li>\n<li>Ch\u00fang t\u00f4i h\u01b0\u1edbng \u0111\u1ebfn s\u1ef1 y\u00eau m\u1ebfn t\u1eeb kh\u00e1ch h\u00e0ng.<\/li>\n<\/ol>\n<\/li>\n<\/ol>\n<p>[\/vc_column_text][stm_spacing lg_spacing=&#8221;30px&#8221;][\/vc_column][vc_column width=&#8221;7\/12&#8243;][vc_single_image image=&#8221;7600&#8243; img_size=&#8221;full&#8221; css=&#8221;.vc_custom_1706932868774{border-radius: 15px !important;}&#8221; el_class=&#8221;border-ra15&#8243;][stm_spacing lg_spacing=&#8221;30px&#8221;][\/vc_column][\/vc_row][vc_row][vc_column width=&#8221;7\/12&#8243;][vc_single_image image=&#8221;7613&#8243; img_size=&#8221;full&#8221; css=&#8221;.vc_custom_1706933666941{border-radius: 15px !important;}&#8221; el_class=&#8221;border-ra15&#8243;][stm_spacing lg_spacing=&#8221;30px&#8221;][\/vc_column][vc_column width=&#8221;5\/12&#8243;][vc_column_text el_class=&#8221;block-content-cotloi&#8221;]<\/p>\n<h4><strong>\u2666 <\/strong>S\u1ee9 m\u1ec7nh c\u1ee7a TCF Vi\u1ec7t Nam<\/h4>\n<p><span style=\"color: #ff0000;\"><strong>\u201cCam k\u1ebft tr\u1edf th\u00e0nh \u0111\u1ed1i t\u00e1c quan tr\u1ecdng nh\u1ea5t c\u1ee7a kh\u00e1ch h\u00e0ng, th\u00fac \u0111\u1ea9y s\u1ef1 ti\u1ebfn b\u1ed9 x\u00e3 h\u1ed9i th\u00f4ng qua s\u1ef1 ph\u00e1t tri\u1ec3n c\u1ee7a kh\u00e1ch h\u00e0ng\u201d<\/strong><\/span><\/p>\n<p><strong>Nhi\u1ec7m v\u1ee5 ng\u1eafn h\u1ea1n (\u0111\u1ebfn 2030):<\/strong><\/p>\n<ol>\n<li style=\"list-style-type: none;\">\n<ol>\n<li>\u0110\u1ea3m b\u1ea3o d\u1eabn \u0111\u1ea7u th\u1ecb tr\u01b0\u1eddng trong l\u0129nh v\u1ef1c t\u01b0 v\u1ea5n Ti\u1ebfng Nh\u1eadt t\u1ea1i Vi\u1ec7t Nam<\/li>\n<\/ol>\n<\/li>\n<\/ol>\n<p><strong>Nhi\u1ec7m v\u1ee5 trung h\u1ea1n (\u0111\u1ebfn 2040):<\/strong><\/p>\n<ol>\n<li style=\"list-style-type: none;\">\n<ol>\n<li>Tr\u1edf th\u00e0nh \u201cTOYOTA\u201d c\u1ee7a ng\u00e0nh t\u01b0 v\u1ea5n, n\u1ed5i l\u00ean l\u00e0 c\u00f4ng ty h\u00e0ng \u0111\u1ea7u Nh\u1eadt B\u1ea3n<\/li>\n<\/ol>\n<\/li>\n<\/ol>\n<p><strong>S\u1ee9 m\u1ec7nh d\u00e0i h\u1ea1n:<\/strong><\/p>\n<ol>\n<li style=\"list-style-type: none;\">\n<ol>\n<li>M\u1edf r\u1ed9ng d\u1ecbch v\u1ee5 t\u1edbi 196 qu\u1ed1c gia tr\u00ean to\u00e0n th\u1ebf gi\u1edbi,<\/li>\n<li>Tr\u1edf th\u00e0nh c\u00f4ng ty t\u01b0 v\u1ea5n ti\u00eau bi\u1ec3u c\u1ee7a th\u1ebf k\u1ef7 21, \u0111\u01b0\u1ee3c kh\u00e1ch h\u00e0ng y\u00eau m\u1ebfn tr\u00ean to\u00e0n c\u1ea7u.<\/li>\n<\/ol>\n<\/li>\n<\/ol>\n<p>[\/vc_column_text][stm_spacing lg_spacing=&#8221;30px&#8221;][\/vc_column][\/vc_row][vc_row][vc_column][vc_custom_heading text=&#8221;\u0110\u1ed8I NG\u0168 C\u1ee6A CH\u00daNG T\u00d4I&#8221; font_container=&#8221;tag:h2|font_size:28px|text_align:center|color:%23002060&#8243; google_fonts=&#8221;font_family:Montserrat%3Aregular%2C700|font_style:700%20bold%20regular%3A700%3Anormal&#8221;][\/vc_column][\/vc_row][vc_row][vc_column width=&#8221;1\/6&#8243; el_class=&#8221;item-doingu&#8221;][stm_info_box align_center=&#8221;yes&#8221; image=&#8221;7803&#8243; vc_image_size=&#8221;full&#8221;]<\/p>\n<p style=\"text-align: center;\"><span style=\"color: #001f5d;\"><strong>Mr. Shinta Shimizu<\/strong><\/span><\/p>\n<p style=\"text-align: center;\">Director \u2013 V\u0103n ph\u00f2ng H\u1ed3 Ch\u00ed Minh<\/p>\n<p style=\"text-align: center;\"><em>\u201cOvercome difficulties together!\u201d<\/em><\/p>\n<p>[\/stm_info_box][stm_spacing lg_spacing=&#8221;30px&#8221;][\/vc_column][vc_column width=&#8221;1\/6&#8243; el_class=&#8221;item-doingu&#8221;][stm_info_box align_center=&#8221;yes&#8221; vc_image_size=&#8221;full&#8221; image=&#8221;7976&#8243;]<\/p>\n<p style=\"text-align: center;\"><span style=\"color: #001f5d;\"><strong>Mr. Yuya Koze<\/strong><\/span><\/p>\n<p style=\"text-align: center;\">Manager &#8211; V\u0103n ph\u00f2ng H\u00e0 N\u1ed9i<\/p>\n<p style=\"text-align: center;\"><em>\u201cYou only get what You give!\u201d<\/em><\/p>\n<p>[\/stm_info_box][stm_spacing lg_spacing=&#8221;30px&#8221;][\/vc_column][vc_column width=&#8221;1\/6&#8243; el_class=&#8221;item-doingu&#8221;][stm_info_box align_center=&#8221;yes&#8221; image=&#8221;7801&#8243; vc_image_size=&#8221;full&#8221;]<\/p>\n<p style=\"text-align: center;\"><span style=\"color: #001f5d;\"><strong>Ms. Nguyen Thi Nu<\/strong><\/span><\/p>\n<p style=\"text-align: center;\">Accounting Manager<\/p>\n<p style=\"text-align: center;\">CA, CTA, CPA Vi\u1ec7t Nam<\/p>\n<p style=\"text-align: center;\"><em>\u201cYour Success, Our Expertise!\u201d<\/em><\/p>\n<p>[\/stm_info_box][stm_spacing lg_spacing=&#8221;30px&#8221;][\/vc_column][vc_column width=&#8221;1\/6&#8243; el_class=&#8221;item-doingu&#8221;][stm_info_box align_center=&#8221;yes&#8221; image=&#8221;7819&#8243; vc_image_size=&#8221;full&#8221;]<\/p>\n<p style=\"text-align: center;\"><span style=\"color: #001f5d;\"><strong>Ms. Le Thi Linh<\/strong><\/span><\/p>\n<p style=\"text-align: center;\">Accounting Manager<\/p>\n<p style=\"text-align: center;\">CA, CTA, CPA Vi\u1ec7t Nam<\/p>\n<p style=\"text-align: center;\"><em>\u201cNever Give Up and Keep Moving!\u201d<\/em><\/p>\n<p>[\/stm_info_box][stm_spacing lg_spacing=&#8221;30px&#8221;][\/vc_column][vc_column width=&#8221;1\/6&#8243; el_class=&#8221;item-doingu&#8221;][stm_info_box align_center=&#8221;yes&#8221; image=&#8221;7851&#8243; vc_image_size=&#8221;full&#8221;]<\/p>\n<p style=\"text-align: center;\"><strong>Mr. Tran Thanh Duc<\/strong><\/p>\n<p style=\"text-align: center;\">Legal Manager<\/p>\n<p style=\"text-align: center;\"><em>\u201cThink positive &#8211; Do Positive!\u201d<\/em><\/p>\n<p>[\/stm_info_box][stm_spacing lg_spacing=&#8221;30px&#8221;][\/vc_column][vc_column width=&#8221;1\/6&#8243; el_class=&#8221;item-doingu&#8221;][stm_info_box align_center=&#8221;yes&#8221; image=&#8221;7850&#8243; vc_image_size=&#8221;full&#8221;]<\/p>\n<p style=\"text-align: center;\"><span style=\"color: #001f5d;\"><strong>Mr. Vu Hoang My<\/strong><\/span><\/p>\n<p style=\"text-align: center;\">Assistant Manager<\/p>\n<p style=\"text-align: center;\"><em>\u201cWe are consultants, not suppliers!\u201d<\/em><\/p>\n<p>[\/stm_info_box][stm_spacing lg_spacing=&#8221;30px&#8221;][\/vc_column][\/vc_row][\/vc_section]<\/p>\n","protected":false},"excerpt":{"rendered":"<p>[vc_section][vc_row][vc_column][vc_custom_heading stm_title_font_weight=&#8221;700&#8243; text=&#8221;T\u1ea6M NH\u00ccN C\u1ee6A CH\u00daNG T\u00d4I&#8221; font_container=&#8221;tag:h1|font_size:35px|text_align:center|color:%23ff0000&#8243; google_fonts=&#8221;font_family:Montserrat%3Aregular%2C700|font_style:700%20bold%20regular%3A700%3Anormal&#8221;][\/vc_column][\/vc_row][vc_row][vc_column width=&#8221;1\/3&#8243; el_class=&#8221;item-cotloi&#8221;][stm_info_box align_center=&#8221;yes&#8221; title=&#8221;Gi\u00e1 tr\u1ecb c\u1ed1t l\u00f5i&#8221; image=&#8221;7578&#8243; vc_image_size=&#8221;85&#8243;]Ch\u00ednh l\u00e0 DNA c\u1ee7a doanh nghi\u1ec7p. Ch\u00fang ta ph\u1ea3i t\u00f4n tr\u1ecdng v\u00e0 tu\u00e2n th\u1ee7[\/stm_info_box][stm_spacing lg_spacing=&#8221;30px&#8221;][\/vc_column][vc_column width=&#8221;1\/3&#8243; el_class=&#8221;item-cotloi&#8221;][stm_info_box align_center=&#8221;yes&#8221; title=&#8221;M\u1ee5c \u0111\u00edch&#8221; image=&#8221;7577&#8243; vc_image_size=&#8221;85&#8243;]L\u00ed do c\u01a1 b\u1ea3n \u0111\u1ec3 doanh nghi\u1ec7p t\u1ed3n t\u1ea1i. \u00dd ngh\u0129a t\u1ed3n t\u1ea1i b\u1eaft ngu\u1ed3n t\u1eeb nh\u1eefng<\/p>\n","protected":false},"author":1,"featured_media":0,"parent":0,"menu_order":0,"comment_status":"closed","ping_status":"closed","template":"","meta":[],"_links":{"self":[{"href":"https:\/\/tokyoconsultingfirm.com\/vietnam\/wp-json\/wp\/v2\/pages\/6238"}],"collection":[{"href":"https:\/\/tokyoconsultingfirm.com\/vietnam\/wp-json\/wp\/v2\/pages"}],"about":[{"href":"https:\/\/tokyoconsultingfirm.com\/vietnam\/wp-json\/wp\/v2\/types\/page"}],"author":[{"embeddable":true,"href":"https:\/\/tokyoconsultingfirm.com\/vietnam\/wp-json\/wp\/v2\/users\/1"}],"replies":[{"embeddable":true,"href":"https:\/\/tokyoconsultingfirm.com\/vietnam\/wp-json\/wp\/v2\/comments?post=6238"}],"version-history":[{"count":0,"href":"https:\/\/tokyoconsultingfirm.com\/vietnam\/wp-json\/wp\/v2\/pages\/6238\/revisions"}],"wp:attachment":[{"href":"https:\/\/tokyoconsultingfirm.com\/vietnam\/wp-json\/wp\/v2\/media?parent=6238"}],"curies":[{"name":"wp","href":"https:\/\/api.w.org\/{rel}","templated":true}]}}