{"id":6333,"date":"2022-02-18T05:14:51","date_gmt":"2022-02-18T05:14:51","guid":{"rendered":"http:\/\/consulting.stylemixthemes.com\/demo\/?page_id=6333"},"modified":"2024-02-02T07:42:58","modified_gmt":"2024-02-02T07:42:58","slug":"thanh-lap-doanh-nghiep","status":"publish","type":"page","link":"https:\/\/tokyoconsultingfirm.com\/vietnam\/thanh-lap-doanh-nghiep\/","title":{"rendered":"Th\u00e0nh l\u1eadp doanh nghi\u1ec7p"},"content":{"rendered":"<p>[vc_row css=&#8221;.vc_custom_1586491709608{margin-bottom: 100px !important;}&#8221;][vc_column][vc_single_image image=&#8221;6948&#8243; img_size=&#8221;full&#8221; css=&#8221;.vc_custom_1706859517125{margin-bottom: 45px !important;}&#8221;][vc_custom_heading text=&#8221;Th\u00e0nh l\u1eadp doanh nghi\u1ec7p&#8221; font_container=&#8221;tag:h1|text_align:left&#8221; use_theme_fonts=&#8221;yes&#8221;][vc_column_text css=&#8221;.vc_custom_1706859592545{margin-bottom: 25px !important;}&#8221;]Ng\u00e0y nay, c\u00e1c doanh nghi\u1ec7p kh\u00f4ng c\u00f2n \u0111\u1ed9c quy\u1ec1n v\u1edbi th\u1ecb tr\u01b0\u1eddng trong n\u01b0\u1edbc, v\u00ec h\u1ecd ho\u1ea1t \u0111\u1ed9ng tr\u00ean quy m\u00f4 to\u00e0n c\u1ea7u. S\u1ef1 ph\u00e1t tri\u1ec3n c\u1ee7a m\u1ed9t c\u00f4ng ty \u0111\u01b0\u01a1ng \u0111\u1ea1i th\u01b0\u1eddng bao g\u1ed3m vi\u1ec7c th\u00e0nh l\u1eadp c\u00e1c chi nh\u00e1nh ho\u1eb7c c\u00f4ng ty con<strong> \u1edf n\u01b0\u1edbc ngo\u00e0i<\/strong>.<\/p>\n<p>G\u1ea7n \u0111\u00e2y, ch\u00e2u \u00c1 \u0111\u00e3 tr\u1edf th\u00e0nh qu\u00ea h\u01b0\u01a1ng c\u1ee7a m\u1ed9t trong nh\u1eefng th\u1ecb tr\u01b0\u1eddng n\u0103ng \u0111\u1ed9ng v\u00e0 c\u1ea1nh tranh nh\u1ea5t, \u0111i\u1ec1u n\u00e0y \u0111\u00e3 th\u00fac \u0111\u1ea9y nhi\u1ec1u c\u00f4ng ty th\u00e0nh l\u1eadp chi nh\u00e1nh t\u1ea1i l\u1ee5c \u0111\u1ecba n\u00e0y v\u00e0\u00a0b\u1eaft \u0111\u1ea7u kinh doanh t\u1ea1i Vi\u1ec7t Nam.\u00a0<strong>TCF Vi\u1ec7t Nam<\/strong>\u00a0bao g\u1ed3m c\u00e1c chuy\u00ean gia gi\u00e0u kinh nghi\u1ec7m, chuy\u00ean th\u00e0nh l\u1eadp c\u00f4ng ty con, chi nh\u00e1nh v\u00e0 v\u0103n ph\u00f2ng \u0111\u1ea1i di\u1ec7n c\u1ee7a c\u00e1c doanh nghi\u1ec7p n\u01b0\u1edbc ngo\u00e0i t\u1ea1i Vi\u1ec7t Nam. H\u01a1n n\u1eefa, c\u00e1c chuy\u00ean gia gi\u00e0u kinh nghi\u1ec7m c\u1ee7a <strong>TCF Vi\u1ec7t Nam<\/strong> th\u00f4ng th\u1ea1o c\u00e1c xu h\u01b0\u1edbng th\u1ecb tr\u01b0\u1eddng v\u00e0 cung c\u1ea5p m\u1ecdi d\u1ecbch v\u1ee5 \u0111\u1ec3 gi\u00fap kh\u00e1ch h\u00e0ng th\u00e0nh l\u1eadp ph\u00e1p nh\u00e2n m\u1edbi t\u1ea1i Vi\u1ec7t Nam v\u00e0 \u0111\u00e1p \u1ee9ng c\u00e1c y\u00eau c\u1ea7u c\u1ee7a kh\u00e1ch h\u00e0ng m\u1ed9t c\u00e1ch ph\u00f9 h\u1ee3p v\u00e0 nhanh ch\u00f3ng.<\/p>\n<p>K\u1ec3 t\u1eeb khi th\u00e0nh l\u1eadp v\u00e0o n\u0103m 1998, C\u00f4ng ty T\u01b0 v\u1ea5n Tokyo, Vi\u1ec7t Nam ti\u1ebfp t\u1ee5c duy tr\u00ec n\u1ec1n t\u1ea3ng ki\u1ebfn th\u1ee9c nghi\u00eam ng\u1eb7t v\u00e0 c\u1eadp nh\u1eadt th\u00f4ng qua nghi\u00ean c\u1ee9u v\u00e0 ph\u00e1t tri\u1ec3n th\u1ecb tr\u01b0\u1eddng. Nh\u1edd c\u00e1ch ti\u1ebfp c\u1eadn v\u00e0 kh\u1ea3 n\u0103ng cung c\u1ea5p d\u1ecbch v\u1ee5 ch\u1ea5t l\u01b0\u1ee3ng t\u1ed1t nh\u1ea5t cho kh\u00e1ch h\u00e0ng, ch\u00fang t\u00f4i \u0111\u00e3 c\u00f3 th\u1ec3 \u0111\u01b0\u1ee3c c\u00f4ng nh\u1eadn l\u00e0 m\u1ed9t trong nh\u1eefng C\u00f4ng ty T\u01b0 v\u1ea5n\u00a0Th\u00e0nh l\u1eadp C\u00f4ng ty t\u1ed1t nh\u1ea5t t\u1ea1i Vi\u1ec7t Nam.<\/p>\n<p><em>Khi l\u1eadp k\u1ebf ho\u1ea1ch\u00a0<\/em><strong><em>th\u00e0nh l\u1eadp c\u00f4ng ty t\u1ea1i<\/em><\/strong><em>\u00a0Vi\u1ec7t Nam, m\u1ecdi kh\u00eda c\u1ea1nh c\u1ee7a vi\u1ec7c th\u00e0nh l\u1eadp ph\u1ea3i \u0111\u01b0\u1ee3c t\u00ednh \u0111\u1ebfn, ch\u1eb3ng h\u1ea1n nh\u01b0 lu\u1eadt ph\u00e1p, quy \u0111\u1ecbnh, phong t\u1ee5c Vi\u1ec7t Nam, v.v. C\u00e1c lo\u1ea1i h\u00ecnh t\u1ed5 ch\u1ee9c kinh doanh kh\u00e1c nhau t\u1ea1i Vi\u1ec7t Nam theo ph\u00e1p lu\u1eadt Vi\u1ec7t Nam nh\u01b0 sau:<\/em>[\/vc_column_text][vc_tta_accordion][vc_tta_section title=&#8221;L\u1eacP K\u1ebe HO\u1ea0CH V\u00c0 B\u1eaeT \u0110\u1ea6U KINH DOANH&#8221; tab_id=&#8221;1586494277684-a02d9a5f-fcde&#8221;][vc_column_text]X\u00fac ti\u1ebfn th\u00e0nh l\u1eadp c\u00e1c doanh nghi\u1ec7p (LLP \/ T\u01b0 nh\u00e2n \/ C\u00f4ng c\u1ed9ng \/ WOS) v\u00e0 c\u00e1c v\u1ea5n \u0111\u1ec1 li\u00ean quan bao g\u1ed3m l\u1ef1a ch\u1ecdn lo\u1ea1i h\u00ecnh c\u00f4ng ty, t\u00ean s\u1eb5n c\u00f3, so\u1ea1n th\u1ea3o MOA, AOA v\u00e0 c\u00e1c t\u00e0i li\u1ec7u li\u00ean quan kh\u00e1c.[\/vc_column_text][\/vc_tta_section][vc_tta_section title=&#8221;D\u1ecaCH V\u1ee4 T\u00c0I CH\u00cdNH V\u00c0 N\u00caU RA C\u00c1C V\u1ea4N \u0110\u1ec0&#8221; tab_id=&#8221;1586494277714-2745e2c2-f229&#8243;][vc_column_text]<\/p>\n<ul>\n<li>\u0110\u0103ng k\u00fd, t\u00ecm ki\u1ebfm v\u00e0 b\u00e1o c\u00e1o<\/li>\n<li>T\u01b0 v\u1ea5n ph\u00e1t h\u00e0nh c\u1ed5 phi\u1ebfu (V\u1ed1n ch\u1ee7 s\u1edf h\u1eefu\/\u01afu \u0111\u00e3i) v\u00e0 c\u00e1c ch\u1ee9ng kho\u00e1n kh\u00e1c<\/li>\n<li>Ch\u00e0o b\u00e1n c\u1ed5 phi\u1ebfu ri\u00eang l\u1ebb v\u00e0 c\u00e1c ch\u1ee9ng kho\u00e1n kh\u00e1c<\/li>\n<\/ul>\n<p>[\/vc_column_text][\/vc_tta_section][vc_tta_section title=&#8221;THAY \u0110\u1ed4I TH\u00d4NG TIN C\u00d4NG TY&#8221; tab_id=&#8221;1586494334622-e56bd6bd-9c36&#8243;][vc_column_text]<\/p>\n<ul>\n<li>Thay \u0111\u1ed5i t\u00ean c\u00f4ng ty<\/li>\n<li>Thay \u0111\u1ed5i lo\u1ea1i h\u00ecnh doanh nghi\u1ec7p c\u1ee7a c\u00f4ng ty<\/li>\n<li>Thay \u0111\u1ed5i \u0111\u1ecba ch\u1ec9 c\u1ee7a c\u00f4ng ty<\/li>\n<\/ul>\n<p>[\/vc_column_text][\/vc_tta_section][vc_tta_section title=&#8221;D\u1ecaCH V\u1ee4 T\u01af V\u1ea4N V\u00c0 PH\u00c1P L\u00dd DOANH NGHI\u1ec6P&#8221; tab_id=&#8221;1706859677667-3fda5ed6-1c1f&#8221;][vc_column_text]<\/p>\n<ul>\n<li>N\u1ed9p h\u1ed3 s\u01a1, \u0111\u0103ng k\u00fd, \u0111\u1ea1i di\u1ec7n, ch\u1ee9ng th\u1ef1c, x\u00e1c minh c\u00e1c t\u00e0i li\u1ec7u bao g\u1ed3m c\u00e1c bi\u1ec3u m\u1eabu, t\u1edd khai v\u00e0 \u0111\u01a1n \u0111\u0103ng k\u00fd b\u1edfi ho\u1eb7c thay m\u1eb7t cho C\u00f4ng ty v\u1edbi t\u01b0 c\u00e1ch l\u00e0 Ng\u01b0\u1eddi \u0111\u1ea1i di\u1ec7n \u0111\u01b0\u1ee3c \u1ee7y quy\u1ec1n<\/li>\n<li>Ch\u1ee9ng nh\u1eadn tr\u01b0\u1edbc c\u00e1c bi\u1ec3u m\u1eabu v\u00e0 t\u00e0i li\u1ec7u<\/li>\n<li>Duy tr\u00ec h\u1ed3 s\u01a1 th\u01b0 k\u00fd, s\u1ed5 s\u00e1ch theo lu\u1eadt \u0111\u1ecbnh v\u00e0 s\u1ed5 \u0111\u0103ng k\u00fd<\/li>\n<li>N\u1ed9p \u0111\u01a1n kh\u1edfi ki\u1ec7n tr\u01b0\u1edbc NCLT<\/li>\n<\/ul>\n<p>[\/vc_column_text][\/vc_tta_section][vc_tta_section title=&#8221;\u0110\u1ea0O LU\u1eacT QU\u1ea2N L\u00dd NGO\u1ea0I H\u1ed0I&#8221; tab_id=&#8221;1706859706811-b64c23eb-d15a&#8221;][vc_column_text]<\/p>\n<ul>\n<li>T\u01b0 v\u1ea5n v\u1ec1 c\u00e1c v\u1ea5n \u0111\u1ec1 Ph\u00e1p l\u00fd v\u00e0 Th\u1ee7 t\u1ee5c theo C\u01a1 quan FEMA<\/li>\n<li>N\u1ed9p ARC, FC-GPR v\u00e0 FC-TRS<\/li>\n<li>Nh\u1eadn ph\u00ea duy\u1ec7t RBI \/ FIPB<\/li>\n<li>N\u1ed9p b\u00e1o c\u00e1o l\u1ee3i nhu\u1eadn h\u00e0ng n\u0103m v\u1ec1 n\u1ee3 n\u01b0\u1edbc ngo\u00e0i &amp;; b\u00e1o c\u00e1o t\u00e0i s\u1ea3n<\/li>\n<li>Khai tr\u01b0\u01a1ng chi nh\u00e1nh\/d\u1ef1 \u00e1n\/v\u0103n ph\u00f2ng li\u00ean l\u1ea1c t\u1ea1i Vi\u1ec7t Nam<\/li>\n<\/ul>\n<p>[\/vc_column_text][\/vc_tta_section][vc_tta_section title=&#8221;\u0110\u0102NG K\u00dd&#8221; tab_id=&#8221;1706859735288-70bcdde3-1eb2&#8243;][vc_column_text]<\/p>\n<ul>\n<li>Thu\u1ebf gi\u00e1 tr\u1ecb gia t\u0103ng (VAT)<\/li>\n<li>\u0110\u0103ng k\u00fd thu\u1ebf d\u1ecbch v\u1ee5<\/li>\n<li>C\u1eeda h\u00e0ng &amp;; \u0110\u0103ng k\u00fd th\u00e0nh l\u1eadp<\/li>\n<li>\u0110\u0103ng k\u00fd thu\u1ebf chuy\u00ean nghi\u1ec7p<\/li>\n<\/ul>\n<p>[\/vc_column_text][\/vc_tta_section][vc_tta_section title=&#8221; C\u00c1C D\u1ecaCH V\u1ee4 KH\u00c1C&#8221; tab_id=&#8221;1706859765776-e14a441b-f8ff&#8221;][\/vc_tta_section][\/vc_tta_accordion][\/vc_column][\/vc_row][vc_row full_width=&#8221;stretch_row&#8221; css=&#8221;.vc_custom_1459505959648{margin-bottom: -60px !important;}&#8221; el_class=&#8221;third_bg_color&#8221;][vc_column][vc_cta h2=&#8221;Get Free Email Consulting Now.&#8221; h2_font_container=&#8221;font_size:20px|color:%23ffffff|line_height:24px&#8221; h2_use_theme_fonts=&#8221;yes&#8221; shape=&#8221;square&#8221; style=&#8221;flat&#8221; add_button=&#8221;right&#8221; btn_title=&#8221;Contact Us&#8221; btn_style=&#8221;flat&#8221; btn_color=&#8221;theme_style_2&#8243; btn_align=&#8221;right&#8221; btn_i_align=&#8221;right&#8221; btn_i_icon_fontawesome=&#8221;stm-glob-pdf&#8221; use_custom_fonts_h2=&#8221;true&#8221; btn_add_icon=&#8221;true&#8221; btn_link=&#8221;url:http%3A%2F%2Ftokyoconsultingfirm.com%2Fvietnam%2Fcontact%2F|title:Contact||&#8221; el_class=&#8221;third_bg_color&#8221; css=&#8221;.vc_custom_1595849959410{margin-bottom: 0px !important;}&#8221;][\/vc_cta][\/vc_column][\/vc_row]<\/p>\n","protected":false},"excerpt":{"rendered":"<p>[vc_row css=&#8221;.vc_custom_1586491709608{margin-bottom: 100px !important;}&#8221;][vc_column][vc_single_image image=&#8221;6948&#8243; img_size=&#8221;full&#8221; css=&#8221;.vc_custom_1706859517125{margin-bottom: 45px !important;}&#8221;][vc_custom_heading text=&#8221;Th\u00e0nh l\u1eadp doanh nghi\u1ec7p&#8221; font_container=&#8221;tag:h1|text_align:left&#8221; use_theme_fonts=&#8221;yes&#8221;][vc_column_text css=&#8221;.vc_custom_1706859592545{margin-bottom: 25px !important;}&#8221;]Ng\u00e0y nay, c\u00e1c doanh nghi\u1ec7p kh\u00f4ng c\u00f2n \u0111\u1ed9c quy\u1ec1n v\u1edbi th\u1ecb tr\u01b0\u1eddng trong n\u01b0\u1edbc, v\u00ec h\u1ecd ho\u1ea1t \u0111\u1ed9ng tr\u00ean quy m\u00f4 to\u00e0n c\u1ea7u. S\u1ef1 ph\u00e1t tri\u1ec3n c\u1ee7a m\u1ed9t c\u00f4ng ty \u0111\u01b0\u01a1ng \u0111\u1ea1i th\u01b0\u1eddng bao g\u1ed3m vi\u1ec7c th\u00e0nh l\u1eadp<\/p>\n","protected":false},"author":1,"featured_media":0,"parent":0,"menu_order":0,"comment_status":"closed","ping_status":"closed","template":"","meta":[],"_links":{"self":[{"href":"https:\/\/tokyoconsultingfirm.com\/vietnam\/wp-json\/wp\/v2\/pages\/6333"}],"collection":[{"href":"https:\/\/tokyoconsultingfirm.com\/vietnam\/wp-json\/wp\/v2\/pages"}],"about":[{"href":"https:\/\/tokyoconsultingfirm.com\/vietnam\/wp-json\/wp\/v2\/types\/page"}],"author":[{"embeddable":true,"href":"https:\/\/tokyoconsultingfirm.com\/vietnam\/wp-json\/wp\/v2\/users\/1"}],"replies":[{"embeddable":true,"href":"https:\/\/tokyoconsultingfirm.com\/vietnam\/wp-json\/wp\/v2\/comments?post=6333"}],"version-history":[{"count":0,"href":"https:\/\/tokyoconsultingfirm.com\/vietnam\/wp-json\/wp\/v2\/pages\/6333\/revisions"}],"wp:attachment":[{"href":"https:\/\/tokyoconsultingfirm.com\/vietnam\/wp-json\/wp\/v2\/media?parent=6333"}],"curies":[{"name":"wp","href":"https:\/\/api.w.org\/{rel}","templated":true}]}}