{"id":6659,"date":"2022-02-18T04:45:02","date_gmt":"2022-02-18T04:45:02","guid":{"rendered":"https:\/\/tokyoconsultingfirm.com\/turkey\/?page_id=6659"},"modified":"2024-01-30T08:07:02","modified_gmt":"2024-01-30T08:07:02","slug":"dich-vu-ke-toan","status":"publish","type":"page","link":"https:\/\/tokyoconsultingfirm.com\/vietnam\/dich-vu-ke-toan\/","title":{"rendered":"D\u1ecbch v\u1ee5 k\u1ebf to\u00e1n"},"content":{"rendered":"<p>[vc_row css=&#8221;.vc_custom_1586491709608{margin-bottom: 100px !important;}&#8221;][vc_column][vc_single_image image=&#8221;6960&#8243; img_size=&#8221;stm-image-1110&#215;550-croped&#8221; css=&#8221;.vc_custom_1595851119644{margin-bottom: 45px !important;}&#8221;][vc_custom_heading text=&#8221;T\u1ea1i sao doanh nghi\u1ec7p c\u1ee7a b\u1ea1n n\u00ean ch\u1ecdn TCF Vi\u1ec7t Nam?&#8221; font_container=&#8221;tag:h1|text_align:left&#8221; use_theme_fonts=&#8221;yes&#8221;][vc_column_text css=&#8221;.vc_custom_1706601679572{margin-bottom: 25px !important;}&#8221;]Khi m\u1ed9t t\u1ed5 ch\u1ee9c m\u1edf chi nh\u00e1nh ho\u1eb7c th\u00e0nh l\u1eadp m\u1ed9t doanh nghi\u1ec7p m\u1edbi, vi\u1ec7c qu\u1ea3n l\u00fd h\u1ec7 th\u1ed1ng k\u1ebf to\u00e1n m\u1ed9t c\u00e1ch ph\u00f9 h\u1ee3p ngay t\u1eeb ban \u0111\u1ea7u l\u00e0 r\u1ea5t quan tr\u1ecdng.<\/p>\n<p>TCF Vi\u1ec7t Nam c\u00f3 th\u1ec3 gi\u00fap doanh nghi\u1ec7p b\u1ea1n l\u1eadp c\u00e1c b\u00e1o c\u00e1o, t\u00e0i li\u1ec7u ph\u1ee5c v\u1ee5 qu\u1ea3n tr\u1ecb doanh nghi\u1ec7p theo y\u00eau c\u1ea7u c\u1ee7a chu\u1ea9n m\u1ef1c k\u1ebf to\u00e1n Vi\u1ec7t Nam v\u00e0 qu\u1ed1c t\u1ebf. Ch\u00fang t\u00f4i c\u00f3 th\u1ec3 l\u1eadp c\u00e1c b\u00e1o c\u00e1o theo Chu\u1ea9n GAAP c\u0169ng nh\u01b0 IFRS. D\u1ecbch v\u1ee5 k\u1ebf to\u00e1n c\u1ee7a ch\u1ee9ng t\u00f4i t\u1ea1i Vi\u1ec7t Nam d\u00e0nh cho c\u00e1c doanh nghi\u1ec7p n\u01b0\u1edbc ngo\u00e0i r\u1ea5t linh ho\u1ea1t, b\u1edfi lo\u1ea1i b\u00e1o c\u00e1o, t\u1ea7n su\u1ea5t, n\u1ec1n t\u1ea3ng v\u00e0 ng\u00f4n ng\u1eef c\u1ee7a b\u00e1o c\u00e1o c\u00f3 th\u1ec3 \u0111\u01b0\u1ee3c t\u00f9y ch\u1ec9nh \u0111\u1ec1 ph\u00f9 h\u1ee3p v\u1edbi nhu c\u1ea7u c\u1ee7a kh\u00e1ch h\u00e0ng.<\/p>\n<p>Ch\u00fang t\u00f4i cam k\u1ebft cung c\u1ea5p \u0111\u1ebfn kh\u00e1ch h\u00e0ng c\u00e1c th\u00f4ng tin t\u00e0i ch\u00ednh k\u1ecbp th\u1eddi v\u00e0 ch\u00ednh x\u00e1c. B\u1eb1ng vi\u1ec7c t\u1ea1o l\u1eadp c\u00e1c b\u00e1o c\u00e1o t\u00e0i ch\u00ednh c\u00f3 \u00fd ngh\u0129a quan tr\u1ecdng, TCF c\u00f3 th\u1ec3 gi\u00fap cho ho\u1ea1t \u0111\u1ed9ng kinh doanh c\u1ee7a c\u00f4ng ty \u0111\u01b0\u1ee3c v\u1eadn h\u00e0nh m\u1ed9t c\u00e1ch nhanh ch\u00f3ng.<\/p>\n<p><strong>C\u00e1c d\u1ecbch v\u1ee5 k\u1ebf to\u00e1n ch\u00fang t\u00f4i cung c\u1ea5p:<\/strong>[\/vc_column_text][vc_single_image image=&#8221;7397&#8243; img_size=&#8221;full&#8221;][\/vc_column][\/vc_row][vc_row full_width=&#8221;stretch_row&#8221; css=&#8221;.vc_custom_1459505959648{margin-bottom: -60px !important;}&#8221; el_class=&#8221;third_bg_color&#8221;][vc_column][vc_cta h2=&#8221;Get Free Email Consulting&#8221; h2_font_container=&#8221;font_size:20px|color:%23ffffff|line_height:24px&#8221; h2_use_theme_fonts=&#8221;yes&#8221; shape=&#8221;square&#8221; style=&#8221;flat&#8221; add_button=&#8221;right&#8221; btn_title=&#8221;Contact us&#8221; btn_style=&#8221;flat&#8221; btn_color=&#8221;theme_style_2&#8243; btn_align=&#8221;right&#8221; btn_i_align=&#8221;right&#8221; btn_i_icon_fontawesome=&#8221;stm-glob-pdf&#8221; use_custom_fonts_h2=&#8221;true&#8221; btn_add_icon=&#8221;true&#8221; btn_link=&#8221;url:http%3A%2F%2Ftokyoconsultingfirm.com%2Fvietnam%2Fcontact%2F|||&#8221; el_class=&#8221;third_bg_color&#8221; css=&#8221;.vc_custom_1595849934934{margin-bottom: 0px !important;}&#8221;][\/vc_cta][\/vc_column][\/vc_row]<\/p>\n","protected":false},"excerpt":{"rendered":"<p>[vc_row css=&#8221;.vc_custom_1586491709608{margin-bottom: 100px !important;}&#8221;][vc_column][vc_single_image image=&#8221;6960&#8243; img_size=&#8221;stm-image-1110&#215;550-croped&#8221; css=&#8221;.vc_custom_1595851119644{margin-bottom: 45px !important;}&#8221;][vc_custom_heading text=&#8221;T\u1ea1i sao doanh nghi\u1ec7p c\u1ee7a b\u1ea1n n\u00ean ch\u1ecdn TCF Vi\u1ec7t Nam?&#8221; font_container=&#8221;tag:h1|text_align:left&#8221; use_theme_fonts=&#8221;yes&#8221;][vc_column_text css=&#8221;.vc_custom_1706601679572{margin-bottom: 25px !important;}&#8221;]Khi m\u1ed9t t\u1ed5 ch\u1ee9c m\u1edf chi nh\u00e1nh ho\u1eb7c th\u00e0nh l\u1eadp m\u1ed9t doanh nghi\u1ec7p m\u1edbi, vi\u1ec7c qu\u1ea3n l\u00fd h\u1ec7 th\u1ed1ng k\u1ebf to\u00e1n m\u1ed9t c\u00e1ch ph\u00f9 h\u1ee3p ngay t\u1eeb ban \u0111\u1ea7u l\u00e0 r\u1ea5t<\/p>\n","protected":false},"author":1,"featured_media":0,"parent":0,"menu_order":0,"comment_status":"closed","ping_status":"closed","template":"","meta":[],"_links":{"self":[{"href":"https:\/\/tokyoconsultingfirm.com\/vietnam\/wp-json\/wp\/v2\/pages\/6659"}],"collection":[{"href":"https:\/\/tokyoconsultingfirm.com\/vietnam\/wp-json\/wp\/v2\/pages"}],"about":[{"href":"https:\/\/tokyoconsultingfirm.com\/vietnam\/wp-json\/wp\/v2\/types\/page"}],"author":[{"embeddable":true,"href":"https:\/\/tokyoconsultingfirm.com\/vietnam\/wp-json\/wp\/v2\/users\/1"}],"replies":[{"embeddable":true,"href":"https:\/\/tokyoconsultingfirm.com\/vietnam\/wp-json\/wp\/v2\/comments?post=6659"}],"version-history":[{"count":0,"href":"https:\/\/tokyoconsultingfirm.com\/vietnam\/wp-json\/wp\/v2\/pages\/6659\/revisions"}],"wp:attachment":[{"href":"https:\/\/tokyoconsultingfirm.com\/vietnam\/wp-json\/wp\/v2\/media?parent=6659"}],"curies":[{"name":"wp","href":"https:\/\/api.w.org\/{rel}","templated":true}]}}