{"id":6661,"date":"2022-02-18T04:54:04","date_gmt":"2022-02-18T04:54:04","guid":{"rendered":"https:\/\/tokyoconsultingfirm.com\/turkey\/?page_id=6661"},"modified":"2024-01-31T03:30:34","modified_gmt":"2024-01-31T03:30:34","slug":"kiem-toan-tai-chinh","status":"publish","type":"page","link":"https:\/\/tokyoconsultingfirm.com\/vietnam\/kiem-toan-tai-chinh\/","title":{"rendered":"Ki\u1ec3m to\u00e1n t\u00e0i ch\u00ednh"},"content":{"rendered":"<p>[vc_row css=&#8221;.vc_custom_1586491709608{margin-bottom: 100px !important;}&#8221;][vc_column][vc_single_image image=&#8221;6962&#8243; img_size=&#8221;stm-image-1110&#215;550-croped&#8221; css=&#8221;.vc_custom_1595851361971{margin-bottom: 45px !important;}&#8221;][vc_custom_heading text=&#8221;Ki\u1ec3m to\u00e1n t\u00e0i ch\u00ednh t\u1ea1i Vi\u1ec7t Nam&#8221; font_container=&#8221;tag:h1|text_align:left&#8221; use_theme_fonts=&#8221;yes&#8221;][vc_column_text css=&#8221;.vc_custom_1706671237218{margin-bottom: 25px !important;}&#8221;]Tham gia\u00a0<strong>ki\u1ec3m to\u00e1n t\u00e0i ch\u00ednh t\u1ea1i Vi\u1ec7t Nam<\/strong>\u00a0l\u00e0 \u0111i\u1ec1u c\u1ea7n thi\u1ebft cho s\u1ee9c kh\u1ecfe t\u00e0i ch\u00ednh c\u1ee7a c\u1ea3 doanh nghi\u1ec7p trong n\u01b0\u1edbc v\u00e0 doanh nghi\u1ec7p c\u00f3 v\u1ed1n \u0111\u1ea7u t\u01b0 n\u01b0\u1edbc ngo\u00e0i ho\u1ea1t \u0111\u1ed9ng trong n\u01b0\u1edbc. C\u00e1c chu\u1ea9n m\u1ef1c\u00a0<a href=\"https:\/\/tokyoconsultingfirm.com\/vietnam\/accounting-services\/\"><strong>k\u1ebf to\u00e1n<\/strong><\/a>\u00a0kh\u00e1c v\u1edbi c\u00e1c chu\u1ea9n m\u1ef1c do IFRS v\u00e0 USGAAP \u0111\u1eb7t ra. Do nh\u1eefng kh\u00e1c bi\u1ec7t v\u1ec1 ti\u00eau chu\u1ea9n v\u00e0 quy \u0111\u1ecbnh, c\u00e1c c\u00f4ng ty n\u01b0\u1edbc ngo\u00e0i th\u01b0\u1eddng g\u1eb7p kh\u00f3 kh\u0103n trong vi\u1ec7c x\u1eed l\u00fd c\u00e1c chu\u1ea9n m\u1ef1c ki\u1ec3m to\u00e1n t\u00e0i ch\u00ednh trong n\u01b0\u1edbc.<\/p>\n<p>TCG s\u1edf h\u1eefu c\u00e1c chuy\u00ean gia k\u1ebf to\u00e1n \u2013 Certified Public Accountants (CPA) v\u00e0 United States Certified Public Accountants (USCPA) \u2013 nh\u1eefng ng\u01b0\u1eddi c\u00f3 kinh nghi\u1ec7m trong vi\u1ec7c th\u1ef1c hi\u1ec7n ki\u1ec3m to\u00e1n t\u00e0i ch\u00ednh cho c\u00e1c c\u00f4ng ty n\u01b0\u1edbc ngo\u00e0i. H\u01a1n n\u1eefa, ch\u00fang t\u00f4i li\u00ean k\u1ebft v\u1edbi KS International, m\u1ed9t c\u00f4ng ty k\u1ebf to\u00e1n c\u00f3 tr\u1ee5 s\u1edf t\u1ea1i V\u01b0\u01a1ng qu\u1ed1c Anh t\u1eeb n\u0103m 1914.<\/p>\n<p>S\u1ef1 h\u1ee3p t\u00e1c n\u00e0y cung c\u1ea5p cho ch\u00fang t\u00f4i c\u00e1c ngu\u1ed3n l\u1ef1c v\u00e0 ki\u1ebfn th\u1ee9c c\u1ea7n thi\u1ebft v\u1ec1 IFRS v\u00e0 c\u00e1c chu\u1ea9n m\u1ef1c ki\u1ec3m to\u00e1n qu\u1ed1c t\u1ebf kh\u00e1c. Ngo\u00e0i ra, bi\u1ec3u ph\u00ed c\u1ee7a ch\u00fang t\u00f4i r\u1ea5t linh ho\u1ea1t, t\u00f9y thu\u1ed9c v\u00e0o s\u1ed1 ti\u1ec1n giao d\u1ecbch v\u00e0 quy m\u00f4 c\u1ee7a c\u00f4ng ty. Do \u0111\u00f3, ph\u00ed c\u1ee7a ch\u00fang t\u00f4i th\u1ea5p h\u01a1n so v\u1edbi c\u00e1c c\u00f4ng ty k\u1ebf to\u00e1n kh\u00e1c v\u1ec1 ho\u1ea1t \u0111\u1ed9ng ki\u1ec3m to\u00e1n v\u00e0 c\u00e1c d\u1ecbch v\u1ee5 c\u1ea7n thi\u1ebft kh\u00e1c khi\u00a0<a href=\"https:\/\/tokyoconsultingfirm.com\/vietnam\/business-setup\/\"><strong>m\u1edf doanh nghi\u1ec7p t\u1ea1i Vi\u1ec7t Nam<\/strong><\/a>.[\/vc_column_text][vc_column_text css=&#8221;.vc_custom_1706671287152{margin-bottom: 34px !important;}&#8221;]<\/p>\n<blockquote><p><strong>XEM X\u00c9T V\u00c0 BI\u00caN SO\u1ea0N<\/strong><\/p>\n<p><em>L\u00e0 m\u1ed9t c\u00f4ng ty\u00a0<\/em><strong><em>ki\u1ec3m to\u00e1n t\u00e0i ch\u00ednh t\u1ea1i Vi\u1ec7t Nam<\/em><\/strong><em>, d\u1ecbch v\u1ee5 c\u1ee7a ch\u00fang t\u00f4i l\u00e0 m\u1ed9t c\u01a1 h\u1ed9i tuy\u1ec7t v\u1eddi \u0111\u1ec3 cung c\u1ea5p c\u00e1c gi\u1ea3i ph\u00e1p mang t\u00ednh x\u00e2y d\u1ef1ng cho c\u00e1c doanh nghi\u1ec7p mong mu\u1ed1n n\u00e2ng cao l\u1ee3i nhu\u1eadn v\u00e0 hi\u1ec7u qu\u1ea3. D\u1ecbch v\u1ee5 b\u00e1o c\u00e1o t\u00e0i ch\u00ednh c\u1ee7a ch\u00fang t\u00f4i \u0111\u01b0\u1ee3c cung c\u1ea5p tr\u00ean hai c\u1ea5p \u0111\u1ed9 \u0111\u1ea3m b\u1ea3o sau:<\/em><\/p>\n<ul>\n<li><em>Xem x\u00e9t \u2013 ch\u00fang t\u00f4i ti\u1ebfn h\u00e0nh m\u1ed9t s\u1ed1 quy tr\u00ecnh ph\u00e2n t\u00edch v\u1edbi s\u1ef1 \u0111\u1ea3m b\u1ea3o h\u1ea1n ch\u1ebf<\/em><\/li>\n<li><em>Bi\u00ean so\u1ea1n &#8211; d\u1ef1a tr\u00ean th\u00f4ng tin kh\u00e1ch h\u00e0ng \u0111\u01b0\u1ee3c cung c\u1ea5p v\u00e0 s\u1eed d\u1ee5ng ch\u1ee7 y\u1ebfu cho s\u1eed d\u1ee5ng n\u1ed9i b\u1ed9<\/em><\/li>\n<\/ul>\n<\/blockquote>\n<p>[\/vc_column_text][vc_custom_heading text=&#8221;CHI\u1ebeN L\u01af\u1ee2C KI\u1ec2M TO\u00c1N C\u1ee6A TCF VI\u1ec6T NAM&#8221; use_theme_fonts=&#8221;yes&#8221;][vc_tta_accordion][vc_tta_section title=&#8221;KI\u1ec2M TO\u00c1N THEO LU\u1eacT \u0110\u1ecaNH&#8221; tab_id=&#8221;1586494277684-a02d9a5f-fcde&#8221;][vc_column_text]<strong>D\u1ecbch v\u1ee5 ki\u1ec3m to\u00e1n theo lu\u1eadt \u0111\u1ecbnh<\/strong>\u00a0c\u1ee7a ch\u00fang t\u00f4i t\u1ea1i Vi\u1ec7t Nam \u0111\u01b0\u1ee3c th\u1ef1c hi\u1ec7n theo ti\u00eau chu\u1ea9n Vi\u1ec7t Nam. C\u00e1c chuy\u00ean gia c\u1ee7a ch\u00fang t\u00f4i c\u00f3 th\u1ec3 ho\u00e0n th\u00e0nh vai tr\u00f2 c\u1ee7a m\u1ed9t\u00a0<strong>ki\u1ec3m to\u00e1n vi\u00ean theo lu\u1eadt \u0111\u1ecbnh t\u1ea1i Vi\u1ec7t Nam<\/strong>\u00a0cho c\u00e1c c\u00f4ng ty c\u00f3 tr\u1ee5 s\u1edf ch\u00ednh t\u1ea1i c\u00e1c qu\u1ed1c gia kh\u00e1c.<\/p>\n<p>Ngo\u00e0i kinh nghi\u1ec7m, s\u1ee9c m\u1ea1nh c\u1ee7a ch\u00fang t\u00f4i c\u00f2n n\u1eb1m \u1edf s\u1ef1 g\u1ea7n g\u0169i m\u00e0 ch\u00fang t\u00f4i nu\u00f4i d\u01b0\u1ee1ng v\u1edbi kh\u00e1ch h\u00e0ng. C\u00e1c c\u00f4ng ty ki\u1ec3m to\u00e1n l\u1edbn c\u00f3 xu h\u01b0\u1edbng kh\u00f4ng \u0111\u1ebfn th\u0103m kh\u00e1ch h\u00e0ng c\u1ee7a h\u1ecd tr\u1ef1c ti\u1ebfp, \u0111\u1eb7c bi\u1ec7t n\u1ebfu h\u1ecd l\u00e0 c\u00e1c c\u00f4ng ty nh\u1ecf. K\u1ebft qu\u1ea3 l\u00e0, nh\u1eefng ph\u00e1n \u0111o\u00e1n k\u00e9m v\u00e0 nh\u1eefng quy\u1ebft \u0111\u1ecbnh thi\u1ebfu hi\u1ec3u bi\u1ebft th\u01b0\u1eddng \u0111\u01b0\u1ee3c \u0111\u01b0a ra, t\u1ea1o ra c\u00e1c v\u1ea5n \u0111\u1ec1 sau n\u00e0y.<\/p>\n<p>Nh\u00e2n vi\u00ean c\u1ee7a <strong>TCF Vi\u1ec7t Nam<\/strong> s\u1ebd th\u01b0\u1eddng xuy\u00ean \u0111\u1ebfn th\u0103m kh\u00e1ch h\u00e0ng c\u1ee7a h\u1ecd, do \u0111\u00f3 \u0111\u1ea3m b\u1ea3o s\u1ef1 hi\u1ec3u bi\u1ebft \u0111\u1ea7y \u0111\u1ee7 v\u1ec1 kh\u00e1ch h\u00e0ng. C\u00f9ng v\u1edbi kinh nghi\u1ec7m c\u1ee7a ch\u00fang t\u00f4i, s\u1ef1 g\u1ea7n g\u0169i n\u00e0y l\u00e0 \u0111i\u1ec1u cho ph\u00e9p ch\u00fang t\u00f4i r\u1ea5t th\u00e0nh c\u00f4ng trong vi\u1ec7c cung c\u1ea5p cho kh\u00e1ch h\u00e0ng c\u00e1c d\u1ecbch v\u1ee5 ki\u1ec3m to\u00e1n ph\u00f9 h\u1ee3p v\u00e0 c\u00e1c ch\u1ee9c n\u0103ng kh\u00e1c \u0111\u1ec3 h\u1ed7 tr\u1ee3\u00a0<strong>ki\u1ec3m to\u00e1n vi\u00ean <\/strong>c\u1ee7a t\u1ed5 ch\u1ee9c b\u1ea1n t\u1ea1i Vi\u1ec7t Nam.[\/vc_column_text][\/vc_tta_section][vc_tta_section title=&#8221;KI\u1ec2M TO\u00c1N T\u1ef0 NGUY\u1ec6N&#8221; tab_id=&#8221;1586494277714-2745e2c2-f229&#8243;][vc_column_text]\u0110i\u1ec1u quan tr\u1ecdng \u0111\u1ed1i v\u1edbi c\u00e1c doanh nghi\u1ec7p &#8211; \u0111\u1eb7c bi\u1ec7t l\u00e0 c\u00e1c c\u00f4ng ty m\u1edbi th\u00e0nh l\u1eadp &#8211; \u0111\u1ec3 \u0111\u1ea3m b\u1ea3o r\u1eb1ng h\u1ed3 s\u01a1 t\u00e0i ch\u00ednh c\u1ee7a m\u00ecnh \u0111\u01b0\u1ee3c c\u1eadp nh\u1eadt li\u00ean t\u1ee5c v\u00e0 ch\u00ednh x\u00e1c. T\u00ednh \u0111\u00fang \u0111\u1eafn c\u1ee7a b\u00e1o c\u00e1o t\u00e0i ch\u00ednh c\u00f3 th\u1ec3 \u0111\u01b0\u1ee3c \u0111o l\u01b0\u1eddng b\u1eb1ng c\u00e1ch th\u1ef1c hi\u1ec7n m\u1ed9t d\u1ecbch v\u1ee5 ki\u1ec3m to\u00e1n t\u1ef1 nguy\u1ec7n t\u1ea1i Vi\u1ec7t Nam, m\u00e0 c\u00f4ng ty li\u00ean k\u1ebft c\u00f3 th\u1ec3 th\u1ef1c hi\u1ec7n theo y\u00eau c\u1ea7u.<\/p>\n<p>Khi th\u1ef1c hi\u1ec7n d\u1ecbch v\u1ee5 ki\u1ec3m to\u00e1n t\u1ef1 nguy\u1ec7n, <strong>TCF Vi\u1ec7t nam<\/strong> c\u1ed1 g\u1eafng cung c\u1ea5p d\u1ecbch v\u1ee5 to\u00e0n di\u1ec7n cho kh\u00e1ch h\u00e0ng. Kinh nghi\u1ec7m v\u00e0 s\u1ef1 hi\u1ec3u bi\u1ebft c\u1ee7a ch\u00fang t\u00f4i v\u1ec1 c\u00e1c doanh nghi\u1ec7p m\u1edbi th\u00e0nh l\u1eadp l\u00e0 t\u00e0i s\u1ea3n ch\u00ednh c\u1ee7a ch\u00fang t\u00f4i, cho ph\u00e9p ch\u00fang t\u00f4i cung c\u1ea5p c\u00e1c b\u00e1o c\u00e1o ch\u00ednh x\u00e1c v\u00e0 k\u1ef9 l\u01b0\u1ee1ng.[\/vc_column_text][\/vc_tta_section][vc_tta_section title=&#8221;KI\u1ec2M TO\u00c1N T\u00c0I CH\u00cdNH S\u1eec D\u1ee4NG IFRS V\u00c0 GAAP&#8221; tab_id=&#8221;1586494334622-e56bd6bd-9c36&#8243;][vc_column_text]Li\u00ean k\u1ebft b\u00e1o c\u00e1o t\u00e0i ch\u00ednh d\u1ef1a tr\u00ean Chu\u1ea9n m\u1ef1c qu\u1ed1c t\u1ebf v\u1ec1 ki\u1ec3m to\u00e1n \u2013 GAAP, USGAAP v\u00e0 IFRS (Chu\u1ea9n m\u1ef1c b\u00e1o c\u00e1o t\u00e0i ch\u00ednh qu\u1ed1c t\u1ebf). Nh\u00e2n vi\u00ean c\u1ee7a <strong>TCF Vi\u1ec7t Nam<\/strong> c\u00f3 tr\u00ecnh \u0111\u1ed9 chuy\u00ean m\u00f4n cao v\u1ec1 T\u01b0 v\u1ea5n t\u00e0i ch\u00ednh v\u00e0 xu\u1ea5t s\u1eafc trong vi\u1ec7c b\u00e1o c\u00e1o t\u00e0i ch\u00ednh \u0111\u1ec3 cung c\u1ea5p h\u1ed3 s\u01a1 ch\u00ednh th\u1ee9c v\u1ec1 ho\u1ea1t \u0111\u1ed9ng t\u00e0i ch\u00ednh c\u1ee7a c\u00e1c doanh nghi\u1ec7p, c\u00e1 nh\u00e2n ho\u1eb7c c\u00e1c t\u1ed5 ch\u1ee9c kh\u00e1c.<\/p>\n<p>Ngo\u00e0i ra, kinh nghi\u1ec7m h\u1ee3p t\u00e1c v\u1edbi c\u00e1c c\u00f4ng ty k\u1ebf to\u00e1n to\u00e0n c\u1ea7u gi\u00fap ch\u00fang t\u00f4i trang b\u1ecb \u0111\u1ee7 kinh nghi\u1ec7m \u0111\u1ec3 \u0111\u1ed9c l\u1eadp v\u01b0\u1ee3t tr\u1ed9i trong vi\u1ec7c cung c\u1ea5p d\u1ecbch v\u1ee5 cho kh\u00e1ch h\u00e0ng qu\u1ed1c t\u1ebf t\u1ea1i Vi\u1ec7t Nam. \u0110i\u1ec1u n\u00e0y bao g\u1ed3m vi\u1ec7c l\u1eadp b\u00e1o c\u00e1o t\u00e0i ch\u00ednh v\u00e0 \u0111\u01b0a ra l\u1eddi khuy\u00ean v\u00e0 h\u01b0\u1edbng d\u1eabn li\u00ean quan \u0111\u1ebfn c\u00e1c ho\u1ea1t \u0111\u1ed9ng hi\u1ec7n t\u1ea1i v\u00e0 t\u01b0\u01a1ng lai cho c\u00e1c t\u1eadp \u0111o\u00e0n \u0111a qu\u1ed1c gia.<\/p>\n<p>Ch\u00fang t\u00f4i cung c\u1ea5p cho kh\u00e1ch h\u00e0ng d\u1ecbch v\u1ee5\u00a0<strong>ki\u1ec3m to\u00e1n t\u00e0i ch\u00ednh k\u1ef9 l\u01b0\u1ee1ng t\u1ea1i Vi\u1ec7t Nam<\/strong>. Nh\u1edd c\u00e1c ti\u00eau chu\u1ea9n cao v\u1ec1 t\u00ednh chuy\u00ean nghi\u1ec7p v\u00e0 chuy\u00ean m\u00f4n c\u1ee7a ch\u00fang t\u00f4i, ng\u01b0\u1eddi s\u1eed d\u1ee5ng b\u00e1o c\u00e1o t\u00e0i ch\u00ednh nh\u01b0 c\u00e1c c\u1ed5 \u0111\u00f4ng c\u00f3 th\u1ec3 t\u0103ng ni\u1ec1m tin v\u00e0o kh\u00e1ch h\u00e0ng c\u1ee7a ch\u00fang t\u00f4i.<\/p>\n<p>Khi nhi\u1ec1u c\u00f4ng ty con \u0111\u01b0\u1ee3c th\u00e0nh l\u1eadp tr\u00ean to\u00e0n th\u1ebf gi\u1edbi, c\u00e1c b\u00e1o c\u00e1o t\u00e0i ch\u00ednh cho c\u00f4ng ty m\u1eb9 \u1edf c\u00e1c qu\u1ed1c gia kh\u00e1c nhau ng\u00e0y c\u00e0ng tr\u1edf n\u00ean ph\u1ee9c t\u1ea1p. Ch\u00fang t\u00f4i c\u00f3 th\u1ec3 ph\u00e1t h\u00e0nh b\u00e1o c\u00e1o t\u00e0i ch\u00ednh b\u1eb1ng Ti\u1ebfng Vi\u1ec7t, Ti\u1ebfng Anh, Ti\u1ebfng Nh\u1eadt ho\u1eb7c b\u1eb1ng c\u00e1c ng\u00f4n ng\u1eef kh\u00e1c. Ch\u00fang t\u00f4i l\u00e0 m\u1ed9t trong nh\u1eefng c\u00f4ng ty k\u1ebf to\u00e1n to\u00e0n c\u1ea7u th\u1ef1c s\u1ef1, h\u1ee9a h\u1eb9n s\u1ebd th\u1ef1c hi\u1ec7n\u00a0<strong>ki\u1ec3m to\u00e1n t\u00e0i ch\u00ednh<\/strong>\u00a0cho doanh nghi\u1ec7p c\u1ee7a b\u1ea1n t\u1ea1i Vi\u1ec7t Nam v\u1edbi c\u00e1c ti\u00eau chu\u1ea9n ch\u1ea5t l\u01b0\u1ee3ng qu\u1ed1c t\u1ebf v\u00e0 cam k\u1ebft mang l\u1ea1i ki\u1ebfn th\u1ee9c v\u00e0 chuy\u00ean m\u00f4n cho kh\u00e1ch h\u00e0ng, b\u1ea5t k\u1ec3 quy m\u00f4 c\u00f4ng ty.<\/p>\n<p>Li\u00ean h\u1ec7 v\u1edbi <strong>TCF Vi\u1ec7t Nam<\/strong> ngay h\u00f4m nay \u0111\u1ec3 t\u00ecm hi\u1ec3u th\u00eam v\u1ec1 c\u00e1c d\u1ecbch v\u1ee5 c\u1ee7a ch\u00fang t\u00f4i.[\/vc_column_text][\/vc_tta_section][\/vc_tta_accordion][\/vc_column][\/vc_row][vc_row full_width=&#8221;stretch_row&#8221; css=&#8221;.vc_custom_1459505959648{margin-bottom: -60px !important;}&#8221; el_class=&#8221;third_bg_color&#8221;][vc_column][vc_cta h2=&#8221;Get Free Email Consulting Now.&#8221; h2_font_container=&#8221;font_size:20px|color:%23ffffff|line_height:24px&#8221; h2_use_theme_fonts=&#8221;yes&#8221; shape=&#8221;square&#8221; style=&#8221;flat&#8221; add_button=&#8221;right&#8221; btn_title=&#8221;Contact Us&#8221; btn_style=&#8221;flat&#8221; btn_color=&#8221;theme_style_2&#8243; btn_align=&#8221;right&#8221; btn_i_align=&#8221;right&#8221; btn_i_icon_fontawesome=&#8221;stm-glob-pdf&#8221; use_custom_fonts_h2=&#8221;true&#8221; btn_add_icon=&#8221;true&#8221; btn_link=&#8221;url:http%3A%2F%2Ftokyoconsultingfirm.com%2Fvietnam%2Fcontact%2F|title:Contact||&#8221; el_class=&#8221;third_bg_color&#8221; css=&#8221;.vc_custom_1595849959410{margin-bottom: 0px !important;}&#8221;][\/vc_cta][\/vc_column][\/vc_row]<\/p>\n","protected":false},"excerpt":{"rendered":"<p>[vc_row css=&#8221;.vc_custom_1586491709608{margin-bottom: 100px !important;}&#8221;][vc_column][vc_single_image image=&#8221;6962&#8243; img_size=&#8221;stm-image-1110&#215;550-croped&#8221; css=&#8221;.vc_custom_1595851361971{margin-bottom: 45px !important;}&#8221;][vc_custom_heading text=&#8221;Ki\u1ec3m to\u00e1n t\u00e0i ch\u00ednh t\u1ea1i Vi\u1ec7t Nam&#8221; font_container=&#8221;tag:h1|text_align:left&#8221; use_theme_fonts=&#8221;yes&#8221;][vc_column_text css=&#8221;.vc_custom_1706671237218{margin-bottom: 25px !important;}&#8221;]Tham gia\u00a0ki\u1ec3m to\u00e1n t\u00e0i ch\u00ednh t\u1ea1i Vi\u1ec7t Nam\u00a0l\u00e0 \u0111i\u1ec1u c\u1ea7n thi\u1ebft cho s\u1ee9c kh\u1ecfe t\u00e0i ch\u00ednh c\u1ee7a c\u1ea3 doanh nghi\u1ec7p trong n\u01b0\u1edbc v\u00e0 doanh nghi\u1ec7p c\u00f3 v\u1ed1n \u0111\u1ea7u t\u01b0 n\u01b0\u1edbc ngo\u00e0i ho\u1ea1t \u0111\u1ed9ng trong n\u01b0\u1edbc.<\/p>\n","protected":false},"author":1,"featured_media":0,"parent":0,"menu_order":0,"comment_status":"closed","ping_status":"closed","template":"","meta":[],"_links":{"self":[{"href":"https:\/\/tokyoconsultingfirm.com\/vietnam\/wp-json\/wp\/v2\/pages\/6661"}],"collection":[{"href":"https:\/\/tokyoconsultingfirm.com\/vietnam\/wp-json\/wp\/v2\/pages"}],"about":[{"href":"https:\/\/tokyoconsultingfirm.com\/vietnam\/wp-json\/wp\/v2\/types\/page"}],"author":[{"embeddable":true,"href":"https:\/\/tokyoconsultingfirm.com\/vietnam\/wp-json\/wp\/v2\/users\/1"}],"replies":[{"embeddable":true,"href":"https:\/\/tokyoconsultingfirm.com\/vietnam\/wp-json\/wp\/v2\/comments?post=6661"}],"version-history":[{"count":0,"href":"https:\/\/tokyoconsultingfirm.com\/vietnam\/wp-json\/wp\/v2\/pages\/6661\/revisions"}],"wp:attachment":[{"href":"https:\/\/tokyoconsultingfirm.com\/vietnam\/wp-json\/wp\/v2\/media?parent=6661"}],"curies":[{"name":"wp","href":"https:\/\/api.w.org\/{rel}","templated":true}]}}