{"id":6664,"date":"2020-02-20T04:57:49","date_gmt":"2020-02-20T04:57:49","guid":{"rendered":"https:\/\/tokyoconsultingfirm.com\/turkey\/?page_id=6664"},"modified":"2024-01-30T08:21:51","modified_gmt":"2024-01-30T08:21:51","slug":"dich-vu-tinh-luong","status":"publish","type":"page","link":"https:\/\/tokyoconsultingfirm.com\/vietnam\/dich-vu-tinh-luong\/","title":{"rendered":"D\u1ecbch v\u1ee5 t\u00ednh l\u01b0\u01a1ng"},"content":{"rendered":"<p>[vc_row css=&#8221;.vc_custom_1586491709608{margin-bottom: 100px !important;}&#8221;][vc_column][vc_single_image image=&#8221;6665&#8243; img_size=&#8221;stm-image-1110&#215;550-croped&#8221; css=&#8221;.vc_custom_1588066175093{margin-bottom: 45px !important;}&#8221;][vc_custom_heading text=&#8221;\u00dd ngh\u0129a c\u1ee7a vi\u1ec7c x\u00e2y d\u1ef1ng b\u1ea3ng l\u01b0\u01a1ng?&#8221; font_container=&#8221;tag:h1|text_align:left&#8221; use_theme_fonts=&#8221;yes&#8221;][vc_column_text css=&#8221;.vc_custom_1706602574838{margin-bottom: 25px !important;}&#8221;]B\u1ea3ng l\u01b0\u01a1ng l\u00e0 m\u1ed9t trong nh\u1eefng kh\u00eda c\u1ea1nh quan tr\u1ecdng nh\u1ea5t trong ho\u1ea1t \u0111\u1ed9ng c\u1ee7a m\u1ed9t doanh nghi\u1ec7p. Vi\u1ec7c chi tr\u1ea3 l\u01b0\u01a1ng nh\u00e2n vi\u00ean k\u1ecbp th\u1eddi v\u00e0 ch\u00ednh x\u00e1c c\u00f3 th\u1ec3 c\u00f3 nh\u1eefng t\u00e1c \u0111\u1ed9ng to l\u1edbn \u0111\u1ebfn tinh th\u1ea7n c\u1ee7a nh\u00e2n vi\u00ean. M\u1ed9t h\u1ec7 th\u1ed1ng b\u1ea3ng l\u01b0\u01a1ng \u0111\u01b0\u1ee3c qu\u1ea3n l\u00fd hi\u1ec7u qu\u1ea3 c\u0169ng c\u00f3 th\u1ec3 gi\u00fap cho t\u00e0i ch\u00ednh c\u1ee7a c\u00f4ng ty \u0111\u01b0\u1ee3c c\u00e2n b\u1eb1ng v\u00e0 \u0111i \u0111\u00fang h\u01b0\u1edbng v\u1edbi c\u00e1c m\u1ee5c ti\u00eau t\u00e0i ch\u00ednh n\u1ed9i b\u1ed9.[\/vc_column_text][vc_custom_heading text=&#8221;T\u1ea1i sao doanh nghi\u1ec7p c\u1ee7a b\u1ea1n n\u00ean ch\u1ecdn TCF Vi\u1ec7t Nam?&#8221; font_container=&#8221;tag:h1|text_align:left&#8221; use_theme_fonts=&#8221;yes&#8221;][vc_column_text css=&#8221;.vc_custom_1706602642599{margin-bottom: 25px !important;}&#8221;]T\u1ea1i Tokyo Consulting, ch\u00fang t\u00f4i c\u00f3 b\u1ed9 ph\u1eadn chuy\u00ean m\u00f4n v\u1ec1 lao \u0111\u1ed9ng v\u00e0 b\u1ea3o hi\u1ec3m x\u00e3 h\u1ed9i, \u0111\u01b0\u1ee3c qu\u1ea3n l\u00fd b\u1edfi c\u00e1c chuy\u00ean gia \u0111\u1ea7y kinh nghi\u1ec7m trong l\u0129nh v\u1ef1c n\u00e0y. Kh\u00e1ch h\u00e0ng c\u00f3 th\u1ec3 tin t\u01b0\u1edfng v\u00e0o d\u1ecbch v\u1ee5 c\u1ee7a ch\u00fang t\u00f4i trong vi\u1ec7c thi\u1ebft l\u1eadp v\u00e0 duy tr\u00ec h\u1ec7 th\u1ed1ng t\u00ednh l\u01b0\u01a1ng cho doanh nghi\u1ec7p t\u1ea1i Vi\u1ec7t Nam, qua \u0111\u00f3 ch\u00fang t\u00f4i qu\u1ea3n l\u00fd ti\u1ec1n l\u01b0\u01a1ng v\u00e0 c\u00e1c v\u1ea5n \u0111\u1ec1 v\u1ec1 lao \u0111\u1ed9ng, b\u1ea3o hi\u1ec3m x\u00e3 h\u1ed9i. \u0110\u1ed3ng th\u1eddi, TCF c\u0169ng cung c\u1ea5p d\u1ecbch v\u1ee5 t\u01b0 v\u1ea5n v\u00e0 h\u01b0\u1edbng d\u1eabn cho m\u1ecdi th\u1eafc m\u1eafc c\u1ee7a kh\u00e1ch h\u00e0ng.<\/p>\n<p><strong>C\u00e1c d\u1ecbch v\u1ee5 v\u1ec1 b\u1ea3ng l\u01b0\u01a1ng ch\u00fang t\u00f4i cung c\u1ea5p:<\/strong>[\/vc_column_text][vc_single_image image=&#8221;7407&#8243; img_size=&#8221;full&#8221;][\/vc_column][\/vc_row][vc_row full_width=&#8221;stretch_row&#8221; css=&#8221;.vc_custom_1459505959648{margin-bottom: -60px !important;}&#8221; el_class=&#8221;third_bg_color&#8221;][vc_column][vc_cta h2=&#8221;Get Free Email Consulting Now.&#8221; h2_font_container=&#8221;font_size:20px|color:%23ffffff|line_height:24px&#8221; h2_use_theme_fonts=&#8221;yes&#8221; shape=&#8221;square&#8221; style=&#8221;flat&#8221; add_button=&#8221;right&#8221; btn_title=&#8221;Contact us&#8221; btn_style=&#8221;flat&#8221; btn_color=&#8221;theme_style_2&#8243; btn_align=&#8221;right&#8221; btn_i_align=&#8221;right&#8221; btn_i_icon_fontawesome=&#8221;stm-glob-pdf&#8221; use_custom_fonts_h2=&#8221;true&#8221; btn_add_icon=&#8221;true&#8221; btn_link=&#8221;url:http%3A%2F%2Ftokyoconsultingfirm.com%2Fvietnam%2Fcontact%2F|title:Contact||&#8221; el_class=&#8221;third_bg_color&#8221; css=&#8221;.vc_custom_1595850847158{margin-bottom: 0px !important;}&#8221;][\/vc_cta][\/vc_column][\/vc_row]<\/p>\n","protected":false},"excerpt":{"rendered":"<p>[vc_row css=&#8221;.vc_custom_1586491709608{margin-bottom: 100px !important;}&#8221;][vc_column][vc_single_image image=&#8221;6665&#8243; img_size=&#8221;stm-image-1110&#215;550-croped&#8221; css=&#8221;.vc_custom_1588066175093{margin-bottom: 45px !important;}&#8221;][vc_custom_heading text=&#8221;\u00dd ngh\u0129a c\u1ee7a vi\u1ec7c x\u00e2y d\u1ef1ng b\u1ea3ng l\u01b0\u01a1ng?&#8221; font_container=&#8221;tag:h1|text_align:left&#8221; use_theme_fonts=&#8221;yes&#8221;][vc_column_text css=&#8221;.vc_custom_1706602574838{margin-bottom: 25px !important;}&#8221;]B\u1ea3ng l\u01b0\u01a1ng l\u00e0 m\u1ed9t trong nh\u1eefng kh\u00eda c\u1ea1nh quan tr\u1ecdng nh\u1ea5t trong ho\u1ea1t \u0111\u1ed9ng c\u1ee7a m\u1ed9t doanh nghi\u1ec7p. Vi\u1ec7c chi tr\u1ea3 l\u01b0\u01a1ng nh\u00e2n vi\u00ean k\u1ecbp th\u1eddi v\u00e0 ch\u00ednh x\u00e1c c\u00f3 th\u1ec3 c\u00f3 nh\u1eefng t\u00e1c<\/p>\n","protected":false},"author":1,"featured_media":0,"parent":0,"menu_order":0,"comment_status":"closed","ping_status":"closed","template":"","meta":[],"_links":{"self":[{"href":"https:\/\/tokyoconsultingfirm.com\/vietnam\/wp-json\/wp\/v2\/pages\/6664"}],"collection":[{"href":"https:\/\/tokyoconsultingfirm.com\/vietnam\/wp-json\/wp\/v2\/pages"}],"about":[{"href":"https:\/\/tokyoconsultingfirm.com\/vietnam\/wp-json\/wp\/v2\/types\/page"}],"author":[{"embeddable":true,"href":"https:\/\/tokyoconsultingfirm.com\/vietnam\/wp-json\/wp\/v2\/users\/1"}],"replies":[{"embeddable":true,"href":"https:\/\/tokyoconsultingfirm.com\/vietnam\/wp-json\/wp\/v2\/comments?post=6664"}],"version-history":[{"count":0,"href":"https:\/\/tokyoconsultingfirm.com\/vietnam\/wp-json\/wp\/v2\/pages\/6664\/revisions"}],"wp:attachment":[{"href":"https:\/\/tokyoconsultingfirm.com\/vietnam\/wp-json\/wp\/v2\/media?parent=6664"}],"curies":[{"name":"wp","href":"https:\/\/api.w.org\/{rel}","templated":true}]}}