{"id":6667,"date":"2020-04-10T05:01:31","date_gmt":"2020-04-10T05:01:31","guid":{"rendered":"https:\/\/tokyoconsultingfirm.com\/turkey\/?page_id=6667"},"modified":"2024-01-31T09:01:58","modified_gmt":"2024-01-31T09:01:58","slug":"tu-van-nguon-nhan-luc","status":"publish","type":"page","link":"https:\/\/tokyoconsultingfirm.com\/vietnam\/tu-van-nguon-nhan-luc\/","title":{"rendered":"T\u01b0 v\u1ea5n ngu\u1ed3n nh\u00e2n l\u1ef1c"},"content":{"rendered":"<p>[vc_row css=&#8221;.vc_custom_1586491709608{margin-bottom: 100px !important;}&#8221;][vc_column][vc_single_image image=&#8221;6789&#8243; img_size=&#8221;stm-image-1110&#215;550-croped&#8221; css=&#8221;.vc_custom_1595851474458{margin-bottom: 45px !important;}&#8221;][vc_custom_heading text=&#8221;T\u01b0 V\u1ea5n Nh\u00e2n S\u1ef1 T\u1ea1i Vi\u1ec7t Nam&#8221; font_container=&#8221;tag:h1|text_align:left&#8221; use_theme_fonts=&#8221;yes&#8221;][vc_column_text css=&#8221;.vc_custom_1706691320204{margin-bottom: 25px !important;}&#8221;]M\u1ed9t b\u1ed9 ph\u1eadn nh\u00e2n s\u1ef1 m\u1ea1nh th\u1ef1c s\u1ef1 kh\u00f4ng th\u1ec3 thi\u1ebfu \u0111\u1ed1i v\u1edbi m\u1ed9t\u00a0<strong>doanh nghi\u1ec7p<\/strong>. M\u1ed9t\u00a0<strong>chuy\u00ean gia t\u01b0 v\u1ea5n nh\u00e2n s\u1ef1 hi\u1ec7u qu\u1ea3 t\u1ea1i Vi\u1ec7t Nam<\/strong>\u00a0gi\u00fap ng\u01b0\u1eddi lao \u0111\u1ed9ng t\u1eadn d\u1ee5ng t\u1ed1i \u0111a kh\u1ea3 n\u0103ng c\u1ee7a h\u1ecd v\u00e0 \u0111\u00f3ng vai tr\u00f2 l\u00e0 x\u01b0\u01a1ng s\u1ed1ng c\u1ee7a c\u00f4ng ty.<\/p>\n<p>T\u1ea1i <strong>TCF Vi\u1ec7t Nam<\/strong>, ch\u00fang t\u00f4i hi\u1ec3u vai tr\u00f2 c\u1ee7a\u00a0<strong>Nh\u00e2n s\u1ef1 <\/strong>trong ho\u1ea1t \u0111\u1ed9ng hi\u1ec7u qu\u1ea3 c\u1ee7a m\u1ed9t c\u00f4ng ty v\u00e0 cung c\u1ea5p h\u1ed7 tr\u1ee3 cho vi\u1ec7c thi\u1ebft l\u1eadp c\u00e1c ch\u00ednh s\u00e1ch nh\u00e2n s\u1ef1 v\u00e0 \u0111\u1ecbnh h\u01b0\u1edbng nh\u00e2n vi\u00ean nh\u01b0 m\u1ed9t ph\u1ea7n c\u1ee7a\u00a0<strong>d\u1ecbch v\u1ee5 c\u1ee7a ch\u00fang t\u00f4i t\u1ea1i Vi\u1ec7t Nam<\/strong>. C\u00e1c d\u1ecbch v\u1ee5 c\u1ee7a ch\u00fang t\u00f4i trong c\u00e1c gi\u1ea3i ph\u00e1p nh\u00e2n s\u1ef1 nh\u1eb1m m\u1ee5c \u0111\u00edch cung c\u1ea5p nh\u1eadn th\u1ee9c v\u1ec1 l\u1ee3i \u00edch h\u1eefu h\u00ecnh cho kh\u00e1ch h\u00e0ng.[\/vc_column_text][vc_custom_heading text=&#8221;D\u1ecaCH V\u1ee4 NH\u00c2N S\u1ef0 T\u1ea0I VI\u1ec6T NAM&#8221; use_theme_fonts=&#8221;yes&#8221;][vc_column_text css=&#8221;.vc_custom_1706691714505{margin-bottom: 25px !important;}&#8221;]T\u00f3m t\u1eaft v\u1ec1 t\u1ea5t c\u1ea3 c\u00e1c kh\u00eda c\u1ea1nh \u0111\u01b0\u1ee3c \u0111\u1ec1 c\u1eadp trong\u00a0<strong>d\u1ecbch v\u1ee5 nh\u00e2n s\u1ef1<\/strong>\u00a0c\u1ee7a ch\u00fang t\u00f4i t\u1ea1i Vi\u1ec7t Nam c\u00f3 t\u1ea1i \u0111\u00e2y:<\/p>\n<p><strong>1. X\u00e2y d\u1ef1ng ch\u00ednh s\u00e1ch v\u00e0 quy tr\u00ecnh<\/strong><\/p>\n<ul>\n<li>Ch\u00ednh s\u00e1ch nh\u00e2n s\u1ef1<\/li>\n<li>C\u1ea9m nang nh\u00e2n s\u1ef1<\/li>\n<li>Ch\u00ednh s\u00e1ch mua h\u00e0ng<\/li>\n<li>Ch\u00ednh s\u00e1ch b\u00e1n h\u00e0ng<\/li>\n<li>Thi\u1ebft k\u1ebf quy tr\u00ecnh<\/li>\n<li>H\u01b0\u1edbng d\u1eabn s\u1eed d\u1ee5ng<\/li>\n<li>Ch\u01b0\u01a1ng tr\u00ecnh<\/li>\n<\/ul>\n<p><strong>2. Ki\u1ec3m to\u00e1n nh\u00e2n s\u1ef1 &amp;; \u0110\u00e1nh gi\u00e1 h\u1ec7 th\u1ed1ng<\/strong><\/p>\n<ul>\n<li>\u0110\u00e1nh gi\u00e1 ch\u00ednh s\u00e1ch nh\u00e2n s\u1ef1<\/li>\n<li>Ki\u1ec3m to\u00e1n doanh nghi\u1ec7p<\/li>\n<li>\u0110\u00e1nh gi\u00e1 \u0111\u01a1n v\u1ecb s\u1ea3n xu\u1ea5t<\/li>\n<li>T\u1ea1o b\u00e1o c\u00e1o &amp; \u0110\u1ec1 xu\u1ea5t<\/li>\n<li>T\u1ea1o \u0111i\u1ec1u ki\u1ec7n thu\u1eadn l\u1ee3i cho vi\u1ec7c th\u1ef1c hi\u1ec7n Tu\u00e2n th\u1ee7 Lu\u1eadt \u0111\u1ecbnh c\u00f3 li\u00ean quan<\/li>\n<\/ul>\n<p><strong>3. \u0110\u00e1nh gi\u00e1 c\u00f4ng vi\u1ec7c<\/strong><\/p>\n<ul>\n<li>Ph\u00e2n t\u00edch c\u00f4ng vi\u1ec7c<\/li>\n<li>M\u00f4 t\u1ea3 c\u00f4ng vi\u1ec7c<\/li>\n<\/ul>\n<p><strong>4. L\u1eadp b\u1ea3n \u0111\u1ed3 n\u0103ng l\u1ef1c<\/strong><\/p>\n<ul>\n<li>X\u00e1c \u0111\u1ecbnh c\u00e1c b\u1ed9 ph\u1eadn \u0111\u1ec3 l\u1eadp b\u1ea3n \u0111\u1ed3 n\u0103ng l\u1ef1c<\/li>\n<li>X\u00e1c \u0111\u1ecbnh th\u1ee9 b\u1eadc trong t\u1ed5 ch\u1ee9c &amp;; l\u1ef1a ch\u1ecdn c\u00e1c c\u1ea5p<\/li>\n<li>L\u1ea5y m\u00f4 t\u1ea3 c\u00f4ng vi\u1ec7c<\/li>\n<li>Chu\u1ea9n b\u1ecb c\u00e1c cu\u1ed9c ph\u1ecfng v\u1ea5n b\u00e1n c\u1ea5u tr\u00fac<\/li>\n<li>Ghi l\u1ea1i chi ti\u1ebft cu\u1ed9c ph\u1ecfng v\u1ea5n<\/li>\n<li>Chu\u1ea9n b\u1ecb danh s\u00e1ch c\u00e1c k\u1ef9 n\u0103ng<\/li>\n<li>Cho bi\u1ebft m\u1ee9c \u0111\u1ed9 th\u00e0nh th\u1ea1o<\/li>\n<li>X\u00e1c nh\u1eadn n\u0103ng l\u1ef1c v\u00e0 tr\u00ecnh \u0111\u1ed9 \u0111\u00e3 x\u00e1c \u0111\u1ecbnh v\u1edbi c\u1ea5p tr\u00ean tr\u1ef1c ti\u1ebfp v\u00e0 c\u00e1c tr\u01b0\u1edfng b\u1ed9 ph\u1eadn kh\u00e1c c\u00f3 li\u00ean quan;<\/li>\n<li>Chu\u1ea9n b\u1ecb t\u1eeb \u0111i\u1ec3n n\u0103ng l\u1ef1c<\/li>\n<li>L\u1eadp b\u1ea3n \u0111\u1ed3 n\u0103ng l\u1ef1c<\/li>\n<\/ul>\n<p><strong>5. D\u1ecbch v\u1ee5 qu\u1ea3n l\u00fd hi\u1ec7u su\u1ea5t<\/strong><\/p>\n<ul>\n<li>Nh\u1eadn K\u1ebf ho\u1ea1ch Hi\u1ec7u su\u1ea5t cho n\u0103m t\u00e0i ch\u00ednh hi\u1ec7n t\u1ea1i<\/li>\n<li>R\u00fat ra c\u00e1c m\u1ee5c ti\u00eau c\u1ee7a b\u1ed9 ph\u1eadn<\/li>\n<li>\u0110\u00e0o t\u1ea1o v\u1ec1 PMS<\/li>\n<li>Gi\u1edbi thi\u1ec7u t\u1ea5m MBO<\/li>\n<li>Thi\u1ebft l\u1eadp m\u1ee5c ti\u00eau th\u1ef1c h\u00e0nh<\/li>\n<li>M\u1ee5c ti\u00eau \u0111\u00e1nh gi\u00e1 &#8211; MBO Sheets<\/li>\n<li>Gi\u1edbi thi\u1ec7u b\u1ea3ng th\u1ea9m \u0111\u1ecbnh<\/li>\n<li>Th\u1ef1c hi\u1ec7n \u0111\u00e1nh gi\u00e1 hi\u1ec7u su\u1ea5t<\/li>\n<\/ul>\n<p><strong>6. Qu\u1ea3n l\u00fd l\u01b0\u01a1ng th\u01b0\u1edfng &amp; ph\u00fac l\u1ee3i<\/strong><\/p>\n<ul>\n<li>Thi\u1ebft k\u1ebf c\u01a1 c\u1ea5u l\u01b0\u01a1ng<\/li>\n<li>Thang b\u1ea3ng l\u01b0\u01a1ng<\/li>\n<li>\u0110\u1ecbnh ngh\u0129a ph\u1ea1m vi c\u00f4ng vi\u1ec7c theo v\u1ecb tr\u00ed<\/li>\n<li>X\u00e1c \u0111\u1ecbnh l\u1ee3i \u00edch<\/li>\n<li>Ch\u00ednh s\u00e1ch di chuy\u1ec3n<\/li>\n<\/ul>\n<p><strong>7. H\u1ecdc t\u1eadp &amp; Ph\u00e1t tri\u1ec3n<\/strong><\/p>\n<ul>\n<li>Ph\u00e2n t\u00edch nhu c\u1ea7u \u0111\u00e0o t\u1ea1o v\u00e0 ph\u00e2n t\u00edch nhu c\u1ea7u ph\u00e1t tri\u1ec3n<\/li>\n<li>Thi\u1ebft k\u1ebf chi\u1ebfn l\u01b0\u1ee3c \u0111\u00e0o t\u1ea1o \u0111\u1ec3 c\u1ee7ng c\u1ed1 chi\u1ebfn l\u01b0\u1ee3c c\u1ee7a c\u00f4ng ty<\/li>\n<li>Ki\u1ec3m to\u00e1n ch\u1ee9c n\u0103ng \u0111\u00e0o t\u1ea1o<\/li>\n<li>Thi\u1ebft k\u1ebf h\u1ec7 th\u1ed1ng h\u1ecdc t\u1eadp v\u00e0 ph\u00e1t tri\u1ec3n ph\u00f9 h\u1ee3p v\u1edbi nhu c\u1ea7u c\u1ee5 th\u1ec3 c\u1ee7a c\u00f4ng ty<\/li>\n<li>\u0110\u00e1nh gi\u00e1 hi\u1ec7u qu\u1ea3 \u0111\u00e0o t\u1ea1o l\u1eadp tr\u00ecnh vi\u00ean<\/li>\n<li>\u01afu ti\u00ean kinh ph\u00ed \u0111\u00e0o t\u1ea1o<\/li>\n<li>Kh\u1ea3o s\u00e1t trong l\u0129nh v\u1ef1c \u0111\u00e0o t\u1ea1o doanh nghi\u1ec7p<\/li>\n<\/ul>\n<p><strong>8. Tu\u00e2n th\u1ee7 lao \u0111\u1ed9ng<\/strong><\/p>\n<ul>\n<li>\u0110\u1ea1o lu\u1eadt C\u1eeda h\u00e0ng &amp;; C\u01a1 s\u1edf (Quy \u0111\u1ecbnh c\u1ee7a Nh\u00e0 n\u01b0\u1edbc)<\/li>\n<li>\u0110\u1ea1o lu\u1eadt &amp;; Quy t\u1eafc c\u1ee7a Nh\u00e0 m\u00e1y<\/li>\n<li>Ph\u00fac l\u1ee3i nh\u00e2n vi\u00ean (ESIC, \u0110\u1ea1o lu\u1eadt ti\u1ec1n th\u01b0\u1edfng, \u0110\u1ea1o lu\u1eadt ti\u1ec1n l\u01b0\u01a1ng t\u1ed1i thi\u1ec3u, \u0110\u1ea1o lu\u1eadt ti\u1ec1n th\u01b0\u1edfng, \u0110\u1ea1o lu\u1eadt b\u1ea3o hi\u1ec3m, v.v.)<\/li>\n<li>L\u1ec7nh th\u01b0\u1eddng tr\u1ef1c (Theo c\u00e1c ti\u1ec3u bang)<\/li>\n<li>Ki\u1ec3m tra<\/li>\n<\/ul>\n<p><strong>9. T\u01b0 v\u1ea5n &amp; Tranh t\u1ee5ng lao \u0111\u1ed9ng<\/strong><\/p>\n<ul>\n<li>C\u00e1c v\u1ea5n \u0111\u1ec1 d\u00e2n s\u1ef1 \u1edf Qu\u1eadn, T\u00f2a \u00e1n T\u1ed1i cao Ti\u1ec3u bang &amp;; T\u00f2a \u00e1n T\u1ed1i cao<\/li>\n<li>S\u1edf h\u1eefu tr\u00ed tu\u1ec7 (\u0111\u0103ng k\u00fd &amp;ki\u1ec7n t\u1ee5ng)<\/li>\n<li>T\u01b0 v\u1ea5n v\u1ec1 t\u1ea5t c\u1ea3 c\u00e1c lo\u1ea1i v\u1ea5n \u0111\u1ec1 ph\u00e1p l\u00fd<\/li>\n<\/ul>\n<p><strong>10. Qu\u1ea3n l\u00fd &amp; \u0110\u00e1nh gi\u00e1 h\u1ee3p \u0111\u1ed3ng<\/strong><\/p>\n<ul>\n<li>\u0110\u01a1n kh\u1edfi ki\u1ec7n d\u00e2n s\u1ef1<\/li>\n<li>H\u1ee3p \u0111\u1ed3ng th\u01b0\u01a1ng m\u1ea1i<\/li>\n<li>H\u1ee3p \u0111\u1ed3ng lao \u0111\u1ed9ng &amp; ti\u1ec1n l\u01b0\u01a1ng<\/li>\n<li>Th\u1ecfa thu\u1eadn c\u1ea5p ph\u00e9p<\/li>\n<li>Th\u1ecfa thu\u1eadn kinh doanh<\/li>\n<li>D\u1ecbch v\u1ee5 tr\u1ee3 l\u00fd ph\u00e1p l\u00fd<\/li>\n<\/ul>\n<p><strong>11. Thu h\u00fat nh\u00e2n t\u00e0i<\/strong><\/p>\n<ul>\n<li>L\u1ec7nh c\u00f4ng vi\u1ec7c<\/li>\n<li>M\u00f4 t\u1ea3 c\u00f4ng vi\u1ec7c (JD)<\/li>\n<li>T\u00ecm ngu\u1ed3n cung \u1ee9ng CV<\/li>\n<li>S\u00e0ng l\u1ecdc \u1ee9ng vi\u00ean<\/li>\n<li>Ki\u1ec3m tra t\u00e0i li\u1ec7u tham kh\u1ea3o<\/li>\n<li>T\u01b0 v\u1ea5n ch\u1ecdn l\u1ecdc CV cho kh\u00e1ch h\u00e0ng<\/li>\n<li>Chu\u1ea9n b\u1ecb ph\u1ecfng v\u1ea5n<\/li>\n<li>Theo d\u00f5i sau khi ph\u1ecfng v\u1ea5n<\/li>\n<li>\u0110\u00e0m ph\u00e1n l\u01b0\u01a1ng<\/li>\n<li>K\u00fd k\u1ebft h\u1ee3p \u0111\u1ed3ng<\/li>\n<\/ul>\n<p>[\/vc_column_text][\/vc_column][\/vc_row][vc_row full_width=&#8221;stretch_row&#8221; css=&#8221;.vc_custom_1459505959648{margin-bottom: -60px !important;}&#8221; el_class=&#8221;third_bg_color&#8221;][vc_column][vc_cta h2=&#8221;Get Free Email Consulting Now.&#8221; h2_font_container=&#8221;font_size:20px|color:%23ffffff|line_height:24px&#8221; h2_use_theme_fonts=&#8221;yes&#8221; shape=&#8221;square&#8221; style=&#8221;flat&#8221; add_button=&#8221;right&#8221; btn_title=&#8221;Contact us&#8221; btn_style=&#8221;flat&#8221; btn_color=&#8221;theme_style_2&#8243; btn_align=&#8221;right&#8221; btn_i_align=&#8221;right&#8221; btn_i_icon_fontawesome=&#8221;stm-glob-pdf&#8221; use_custom_fonts_h2=&#8221;true&#8221; btn_add_icon=&#8221;true&#8221; btn_link=&#8221;url:http%3A%2F%2Ftokyoconsultingfirm.com%2Fvietnam%2Fcontact%2F|title:Contact||&#8221; el_class=&#8221;third_bg_color&#8221; css=&#8221;.vc_custom_1595850001380{margin-bottom: 0px !important;}&#8221;][\/vc_cta][\/vc_column][\/vc_row]<\/p>\n","protected":false},"excerpt":{"rendered":"<p>[vc_row css=&#8221;.vc_custom_1586491709608{margin-bottom: 100px !important;}&#8221;][vc_column][vc_single_image image=&#8221;6789&#8243; img_size=&#8221;stm-image-1110&#215;550-croped&#8221; css=&#8221;.vc_custom_1595851474458{margin-bottom: 45px !important;}&#8221;][vc_custom_heading text=&#8221;T\u01b0 V\u1ea5n Nh\u00e2n S\u1ef1 T\u1ea1i Vi\u1ec7t Nam&#8221; font_container=&#8221;tag:h1|text_align:left&#8221; use_theme_fonts=&#8221;yes&#8221;][vc_column_text css=&#8221;.vc_custom_1706691320204{margin-bottom: 25px !important;}&#8221;]M\u1ed9t b\u1ed9 ph\u1eadn nh\u00e2n s\u1ef1 m\u1ea1nh th\u1ef1c s\u1ef1 kh\u00f4ng th\u1ec3 thi\u1ebfu \u0111\u1ed1i v\u1edbi m\u1ed9t\u00a0doanh nghi\u1ec7p. M\u1ed9t\u00a0chuy\u00ean gia t\u01b0 v\u1ea5n nh\u00e2n s\u1ef1 hi\u1ec7u qu\u1ea3 t\u1ea1i Vi\u1ec7t Nam\u00a0gi\u00fap ng\u01b0\u1eddi lao \u0111\u1ed9ng t\u1eadn d\u1ee5ng t\u1ed1i \u0111a kh\u1ea3 n\u0103ng<\/p>\n","protected":false},"author":1,"featured_media":0,"parent":0,"menu_order":0,"comment_status":"closed","ping_status":"closed","template":"","meta":[],"_links":{"self":[{"href":"https:\/\/tokyoconsultingfirm.com\/vietnam\/wp-json\/wp\/v2\/pages\/6667"}],"collection":[{"href":"https:\/\/tokyoconsultingfirm.com\/vietnam\/wp-json\/wp\/v2\/pages"}],"about":[{"href":"https:\/\/tokyoconsultingfirm.com\/vietnam\/wp-json\/wp\/v2\/types\/page"}],"author":[{"embeddable":true,"href":"https:\/\/tokyoconsultingfirm.com\/vietnam\/wp-json\/wp\/v2\/users\/1"}],"replies":[{"embeddable":true,"href":"https:\/\/tokyoconsultingfirm.com\/vietnam\/wp-json\/wp\/v2\/comments?post=6667"}],"version-history":[{"count":0,"href":"https:\/\/tokyoconsultingfirm.com\/vietnam\/wp-json\/wp\/v2\/pages\/6667\/revisions"}],"wp:attachment":[{"href":"https:\/\/tokyoconsultingfirm.com\/vietnam\/wp-json\/wp\/v2\/media?parent=6667"}],"curies":[{"name":"wp","href":"https:\/\/api.w.org\/{rel}","templated":true}]}}