{"id":6670,"date":"2020-04-10T05:04:54","date_gmt":"2020-04-10T05:04:54","guid":{"rendered":"https:\/\/tokyoconsultingfirm.com\/turkey\/?page_id=6670"},"modified":"2024-01-30T08:38:02","modified_gmt":"2024-01-30T08:38:02","slug":"dich-vu-bao-hiem","status":"publish","type":"page","link":"https:\/\/tokyoconsultingfirm.com\/vietnam\/dich-vu-bao-hiem\/","title":{"rendered":"D\u1ecbch v\u1ee5 b\u1ea3o hi\u1ec3m"},"content":{"rendered":"<p>[vc_row css=&#8221;.vc_custom_1586491709608{margin-bottom: 100px !important;}&#8221;][vc_column][vc_single_image image=&#8221;6671&#8243; img_size=&#8221;full&#8221; css=&#8221;.vc_custom_1706603447669{margin-bottom: 45px !important;}&#8221;][vc_custom_heading text=&#8221;T\u1ea1i sao doanh nghi\u1ec7p c\u1ee7a b\u1ea1n n\u00ean ch\u1ecdn TCF Vi\u1ec7t Nam?&#8221; use_theme_fonts=&#8221;yes&#8221;][vc_column_text css=&#8221;.vc_custom_1706603500482{margin-bottom: 25px !important;}&#8221;]B\u1ea3o hi\u1ec3m l\u00e0 m\u1ed9t trong nh\u1eefng ngh\u0129a v\u1ee5 b\u1eaft bu\u1ed9c \u0111\u1ed1i v\u1edbi ng\u01b0\u1eddi s\u1eed d\u1ee5ng lao \u0111\u1ed9ng t\u1ea1i Vi\u1ec7t Nam. C\u00e1c doanh nghi\u1ec7p c\u1ea7n ph\u1ea3i \u0111\u01b0\u1ee3c th\u00f4ng tin v\u1ec1 c\u00e1c quy \u0111\u1ecbnh c\u1ee5 th\u1ec3 \u0111\u1ec3 qu\u1ea3n l\u00fd m\u1ed9t c\u00e1ch hi\u1ec7u qu\u1ea3 c\u00e1c v\u1ea5n \u0111\u1ec1 b\u1ea3o hi\u1ec3m x\u00e3 h\u1ed9i.<\/p>\n<p>TCF h\u1ed7 tr\u1ee3 kh\u00e1ch h\u00e0ng n\u1eafm \u0111\u01b0\u1ee3c c\u00e1c quy \u0111\u1ecbnh v\u1ec1 b\u1ea3o hi\u1ec3m m\u1edbi nh\u1ea5t m\u1ed9t c\u00e1ch k\u1ecbp th\u1eddi v\u00e0 ch\u00ednh x\u00e1c. Ch\u00fang t\u00f4i c\u0169ng c\u00f3 th\u1ec3 gi\u00fap cho doanh nghi\u1ec7p c\u1ee7a kh\u00e1ch h\u00e0ng x\u1eed l\u00fd c\u00e1c v\u1ea5n \u0111\u1ec1 li\u00ean quan \u0111\u1ebfn x\u00e1c \u0111\u1ecbnh ngh\u0129a v\u1ee5 b\u1ea3o hi\u1ec3m v\u00e0 th\u1ef1c hi\u1ec7n c\u00e1c th\u1ee7 t\u1ee5c b\u1ea3o hi\u1ec3m.<\/p>\n<p><strong>C\u00e1c d\u1ecbch v\u1ee5 v\u1ec1 b\u1ea3o hi\u1ec3m ch\u00fang t\u00f4i cung c\u1ea5p:<\/strong>[\/vc_column_text][vc_single_image image=&#8221;7420&#8243; img_size=&#8221;full&#8221; css=&#8221;.vc_custom_1706603755107{margin-bottom: 45px !important;}&#8221;][\/vc_column][\/vc_row][vc_row full_width=&#8221;stretch_row&#8221; css=&#8221;.vc_custom_1459505959648{margin-bottom: -60px !important;}&#8221; el_class=&#8221;third_bg_color&#8221;][vc_column][vc_cta h2=&#8221;Looking for a First-Class Business Plan Consultant?&#8221; h2_font_container=&#8221;font_size:20px|color:%23ffffff|line_height:24px&#8221; h2_use_theme_fonts=&#8221;yes&#8221; shape=&#8221;square&#8221; style=&#8221;flat&#8221; add_button=&#8221;right&#8221; btn_title=&#8221;Get A Quote&#8221; btn_style=&#8221;flat&#8221; btn_color=&#8221;theme_style_2&#8243; btn_align=&#8221;right&#8221; btn_i_align=&#8221;right&#8221; btn_i_icon_fontawesome=&#8221;stm-glob-pdf&#8221; use_custom_fonts_h2=&#8221;true&#8221; btn_add_icon=&#8221;true&#8221; btn_link=&#8221;url:http%3A%2F%2Ftokyoconsultingfirm.com%2Fvietnam%2Fcontact%2F|||&#8221; el_class=&#8221;third_bg_color&#8221; css=&#8221;.vc_custom_1595850471856{margin-bottom: 0px !important;}&#8221;][\/vc_cta][\/vc_column][\/vc_row]<\/p>\n","protected":false},"excerpt":{"rendered":"<p>[vc_row css=&#8221;.vc_custom_1586491709608{margin-bottom: 100px !important;}&#8221;][vc_column][vc_single_image image=&#8221;6671&#8243; img_size=&#8221;full&#8221; css=&#8221;.vc_custom_1706603447669{margin-bottom: 45px !important;}&#8221;][vc_custom_heading text=&#8221;T\u1ea1i sao doanh nghi\u1ec7p c\u1ee7a b\u1ea1n n\u00ean ch\u1ecdn TCF Vi\u1ec7t Nam?&#8221; use_theme_fonts=&#8221;yes&#8221;][vc_column_text css=&#8221;.vc_custom_1706603500482{margin-bottom: 25px !important;}&#8221;]B\u1ea3o hi\u1ec3m l\u00e0 m\u1ed9t trong nh\u1eefng ngh\u0129a v\u1ee5 b\u1eaft bu\u1ed9c \u0111\u1ed1i v\u1edbi ng\u01b0\u1eddi s\u1eed d\u1ee5ng lao \u0111\u1ed9ng t\u1ea1i Vi\u1ec7t Nam. C\u00e1c doanh nghi\u1ec7p c\u1ea7n ph\u1ea3i \u0111\u01b0\u1ee3c th\u00f4ng tin v\u1ec1 c\u00e1c quy \u0111\u1ecbnh<\/p>\n","protected":false},"author":1,"featured_media":0,"parent":0,"menu_order":0,"comment_status":"closed","ping_status":"closed","template":"","meta":[],"_links":{"self":[{"href":"https:\/\/tokyoconsultingfirm.com\/vietnam\/wp-json\/wp\/v2\/pages\/6670"}],"collection":[{"href":"https:\/\/tokyoconsultingfirm.com\/vietnam\/wp-json\/wp\/v2\/pages"}],"about":[{"href":"https:\/\/tokyoconsultingfirm.com\/vietnam\/wp-json\/wp\/v2\/types\/page"}],"author":[{"embeddable":true,"href":"https:\/\/tokyoconsultingfirm.com\/vietnam\/wp-json\/wp\/v2\/users\/1"}],"replies":[{"embeddable":true,"href":"https:\/\/tokyoconsultingfirm.com\/vietnam\/wp-json\/wp\/v2\/comments?post=6670"}],"version-history":[{"count":0,"href":"https:\/\/tokyoconsultingfirm.com\/vietnam\/wp-json\/wp\/v2\/pages\/6670\/revisions"}],"wp:attachment":[{"href":"https:\/\/tokyoconsultingfirm.com\/vietnam\/wp-json\/wp\/v2\/media?parent=6670"}],"curies":[{"name":"wp","href":"https:\/\/api.w.org\/{rel}","templated":true}]}}