{"id":6674,"date":"2020-04-10T05:43:38","date_gmt":"2020-04-10T05:43:38","guid":{"rendered":"https:\/\/tokyoconsultingfirm.com\/turkey\/?page_id=6674"},"modified":"2024-11-18T08:52:26","modified_gmt":"2024-11-18T08:52:26","slug":"dich-vu-chia-tach-sat-nhap","status":"publish","type":"page","link":"https:\/\/tokyoconsultingfirm.com\/vietnam\/dich-vu-chia-tach-sat-nhap\/","title":{"rendered":"D\u1ecaCH V\u1ee4 CHIA T\u00c1CH V\u00c0 S\u00c1P NH\u1eacP"},"content":{"rendered":"<p>[vc_row css=&#8221;.vc_custom_1586491709608{margin-bottom: 100px !important;}&#8221;][vc_column][vc_single_image image=&#8221;6795&#8243; img_size=&#8221;stm-image-1110&#215;550-croped&#8221; css=&#8221;.vc_custom_1595851571287{margin-bottom: 45px !important;}&#8221;][vc_column_text css=&#8221;.vc_custom_1731919943525{margin-bottom: 25px !important;}&#8221;]Ho\u1ea1t \u0111\u1ed9ng M&amp;A di\u1ec5n ra s\u00f4i \u0111\u1ed9ng t\u1ea1i Vi\u1ec7t Nam v\u1edbi kho\u1ea3ng <strong>350<\/strong> th\u01b0\u01a1ng v\u1ee5 m\u1ed7i n\u0103m. Tuy nhi\u00ean, <strong>con s\u1ed1 n\u00e0y ch\u1ec9 b\u1eb1ng kho\u1ea3ng 1\/10 so v\u1edbi Nh\u1eadt B\u1ea3n<\/strong>, n\u01a1i c\u00f3 t\u1edbi <strong>4.300<\/strong> th\u01b0\u01a1ng v\u1ee5 M&amp;A \u0111\u01b0\u1ee3c th\u1ef1c hi\u1ec7n h\u1eb1ng n\u0103m.<\/p>\n<p>\u0110i\u1ec1u n\u00e0y cho th\u1ea5y, \u1edf Vi\u1ec7t Nam, M&amp;A ch\u1ee7 y\u1ebfu \u0111\u01b0\u1ee3c th\u1ef1c hi\u1ec7n b\u1edfi c\u00e1c doanh nghi\u1ec7p l\u1edbn, trong khi \u1edf Nh\u1eadt B\u1ea3n, kh\u00f4ng ch\u1ec9 c\u00e1c t\u1eadp \u0111o\u00e0n l\u1edbn m\u00e0 c\u1ea3 c\u00e1c doanh nghi\u1ec7p v\u1eeba v\u00e0 nh\u1ecf c\u0169ng t\u00edch c\u1ef1c tham gia ho\u1ea1t \u0111\u1ed9ng n\u00e0y.<\/p>\n<p>H\u01a1n n\u1eefa, Nh\u1eadt B\u1ea3n \u0111ang ph\u1ea3i \u0111\u1ed1i m\u1eb7t v\u1edbi nh\u1eefng v\u1ea5n \u0111\u1ec1 nh\u01b0 d\u00e2n s\u1ed1 gi\u1ea3m, gi\u00e0 h\u00f3a v\u00e0 t\u1ef7 l\u1ec7 sinh gi\u1ea3m, do \u0111\u00f3 n\u1ebfu t\u00ecnh tr\u1ea1ng n\u00e0y ti\u1ebfp di\u1ec5n, n\u1ec1n kinh t\u1ebf d\u1ef1 ki\u1ebfn s\u1ebd thu h\u1eb9p.<\/p>\n<p><span style=\"color: #000000;\"><strong>V\u00ec v\u1eady, nhi\u1ec1u c\u00f4ng ty \u0111ang c\u00e2n nh\u1eafc m\u1edf r\u1ed9ng th\u1ecb tr\u01b0\u1eddng ra n\u01b0\u1edbc ngo\u00e0i \u0111\u1ec3 duy tr\u00ec ho\u1ea1t \u0111\u1ed9ng.<\/strong><\/span><\/p>\n<p>\u0110\u00f4ng Nam \u00c1 l\u00e0 khu v\u1ef1c nh\u1eadn \u0111\u01b0\u1ee3c nhi\u1ec1u s\u1ef1 ch\u00fa \u00fd, b\u1edfi v\u00ec n\u00f3 s\u1edf h\u1eefu nh\u1eefng l\u1ee3i th\u1ebf nh\u01b0 kho\u1ea3ng c\u00e1ch g\u1ea7n Nh\u1eadt B\u1ea3n, ch\u00eanh l\u1ec7ch m\u00fai gi\u1edd \u00edt, c\u00f9ng n\u1eb1m trong khu v\u1ef1c ch\u00e2u \u00c1 v\u1edbi n\u1ec1n v\u0103n h\u00f3a t\u01b0\u01a1ng \u0111\u1ed3ng, v\u00e0 \u0111\u01b0\u1ee3c k\u1ef3 v\u1ecdng s\u1ebd c\u00f3 n\u1ec1n kinh t\u1ebf t\u0103ng tr\u01b0\u1edfng m\u1ea1nh m\u1ebd trong t\u01b0\u01a1ng lai.<\/p>\n<p>Do \u0111\u00f3, nhi\u1ec1u c\u00f4ng ty Nh\u1eadt B\u1ea3n quan t\u00e2m \u0111\u1ebfn vi\u1ec7c mua l\u1ea1i c\u00e1c doanh nghi\u1ec7p \u1edf \u0110\u00f4ng Nam \u00c1, \u0111\u1eb7c bi\u1ec7t l\u00e0 Vi\u1ec7t Nam.<\/p>\n<h2><span style=\"color: #808080;\"><strong>TCF c\u00f3 th\u1ec3 l\u00e0m g\u00ec?<\/strong><\/span><\/h2>\n<p>Nh\u01b0 \u0111\u00e3 \u0111\u1ec1 c\u1eadp \u1edf tr\u00ean, c\u00f3 nhi\u1ec1u c\u00f4ng ty Nh\u1eadt B\u1ea3n mu\u1ed1n mua ho\u1eb7c \u0111\u1ea7u t\u01b0 v\u00e0o c\u00e1c c\u00f4ng ty Vi\u1ec7t Nam. M\u1eb7t kh\u00e1c, nhi\u1ec1u doanh nghi\u1ec7p Vi\u1ec7t Nam c\u0169ng mu\u1ed1n b\u00e1n ho\u1eb7c huy \u0111\u1ed9ng v\u1ed1n.<\/p>\n<p>Tuy nhi\u00ean, d\u00f9 cung v\u00e0 c\u1ea7u kh\u1edbp nhau, nh\u01b0ng n\u1ebfu kh\u00f4ng c\u00f3 c\u01a1 h\u1ed9i k\u1ebft n\u1ed1i th\u00ec c\u0169ng kh\u00f4ng th\u1ec3 th\u1ef1c hi\u1ec7n \u0111\u01b0\u1ee3c.<\/p>\n<p>N\u1eafm b\u1eaft \u0111\u01b0\u1ee3c nhu c\u1ea7u thi\u1ebft y\u1ebfu n\u00e0y, TCF c\u00f3 th\u1ec3 t\u1ea1o ra nh\u1eefng c\u01a1 h\u1ed9i k\u1ebft n\u1ed1i cho c\u00e1c b\u00ean mua v\u00e0 b\u00ean b\u00e1n.<\/p>\n<p>Ch\u00fang t\u00f4i c\u00f3 m\u1ed1i quan h\u1ec7 v\u1edbi nhi\u1ec1u c\u00f4ng ty v\u00e0 ng\u00e2n h\u00e0ng Nh\u1eadt B\u1ea3n. Do \u0111\u00f3, c\u00e1c doanh nghi\u1ec7p Vi\u1ec7t Nam mu\u1ed1n b\u00e1n ho\u1eb7c huy \u0111\u1ed9ng v\u1ed1n c\u00f3 th\u1ec3 t\u00ecm th\u1ea5y c\u00e1c c\u00f4ng ty Nh\u1eadt B\u1ea3n \u0111\u00e1p \u1ee9ng nhu c\u1ea7u c\u1ee7a h\u1ecd.<\/p>\n<p>Ng\u01b0\u1ee3c l\u1ea1i, ch\u00fang t\u00f4i c\u0169ng c\u00f3 th\u1ec3 t\u00ecm ki\u1ebfm ng\u01b0\u1eddi b\u00e1n t\u1eeb c\u00e1c m\u1ed1i quan h\u1ec7 \u0111\u1ecba ph\u01b0\u01a1ng \u0111\u01b0\u1ee3c x\u00e2y d\u1ef1ng qua h\u01a1n 13 n\u0103m ho\u1ea1t \u0111\u1ed9ng \u1edf Vi\u1ec7t Nam. Ngo\u00e0i ra, ch\u00fang t\u00f4i c\u00f3 v\u0103n ph\u00f2ng t\u1ea1i 26 qu\u1ed1c gia tr\u00ean to\u00e0n th\u1ebf gi\u1edbi, n\u00ean b\u1ea1n c\u00f3 th\u1ec3 t\u00ecm ki\u1ebfm ng\u01b0\u1eddi b\u00e1n \u1edf t\u1eebng qu\u1ed1c gia.<\/p>\n<p>N\u1ebfu \u0111i \u0111\u1ebfn \u0111\u01b0\u1ee3c s\u1ef1 \u0111\u1ed3ng thu\u1eadn, ch\u00fang t\u00f4i s\u1ebd h\u1ed7 tr\u1ee3 b\u1ea1n t\u1eeb vi\u1ec7c l\u00ean l\u1ecbch ph\u1ecfng v\u1ea5n, th\u1ea9m \u0111\u1ecbnh doanh nghi\u1ec7p \u0111\u1ebfn h\u1ed7 tr\u1ee3 t\u00edch h\u1ee3p sau M&amp;A.<\/p>\n<p><a href=\"https:\/\/tokyoconsultingfirm.com\/vietnam\/dich-vu-chia-tach-sat-nhap\/7944-2\/\">N\u1ebfu b\u1ea1n quan t\u00e2m, xin vui l\u00f2ng li\u00ean h\u1ec7 v\u1edbi ch\u00fang t\u00f4i.<\/a>[\/vc_column_text][\/vc_column][\/vc_row][vc_row full_width=&#8221;stretch_row&#8221; css=&#8221;.vc_custom_1459505959648{margin-bottom: -60px !important;}&#8221; el_class=&#8221;third_bg_color&#8221;][vc_column][vc_cta h2=&#8221;Get Free Email Consulting Now.&#8221; h2_font_container=&#8221;font_size:20px|color:%23ffffff|line_height:24px&#8221; h2_use_theme_fonts=&#8221;yes&#8221; shape=&#8221;square&#8221; style=&#8221;flat&#8221; add_button=&#8221;right&#8221; btn_title=&#8221;Contact us&#8221; btn_style=&#8221;flat&#8221; btn_color=&#8221;theme_style_2&#8243; btn_align=&#8221;right&#8221; btn_i_align=&#8221;right&#8221; btn_i_icon_fontawesome=&#8221;stm-glob-pdf&#8221; use_custom_fonts_h2=&#8221;true&#8221; btn_add_icon=&#8221;true&#8221; btn_link=&#8221;url:http%3A%2F%2Ftokyoconsultingfirm.com%2Fvietnam%2Fcontact%2F|title:Contact||&#8221; el_class=&#8221;third_bg_color&#8221; css=&#8221;.vc_custom_1595850731966{margin-bottom: 0px !important;}&#8221;][\/vc_cta][\/vc_column][\/vc_row]<\/p>\n","protected":false},"excerpt":{"rendered":"<p>[vc_row css=&#8221;.vc_custom_1586491709608{margin-bottom: 100px !important;}&#8221;][vc_column][vc_single_image image=&#8221;6795&#8243; img_size=&#8221;stm-image-1110&#215;550-croped&#8221; css=&#8221;.vc_custom_1595851571287{margin-bottom: 45px !important;}&#8221;][vc_column_text css=&#8221;.vc_custom_1731919943525{margin-bottom: 25px !important;}&#8221;]Ho\u1ea1t \u0111\u1ed9ng M&amp;A di\u1ec5n ra s\u00f4i \u0111\u1ed9ng t\u1ea1i Vi\u1ec7t Nam v\u1edbi kho\u1ea3ng 350 th\u01b0\u01a1ng v\u1ee5 m\u1ed7i n\u0103m. Tuy nhi\u00ean, con s\u1ed1 n\u00e0y ch\u1ec9 b\u1eb1ng kho\u1ea3ng 1\/10 so v\u1edbi Nh\u1eadt B\u1ea3n, n\u01a1i c\u00f3 t\u1edbi 4.300 th\u01b0\u01a1ng v\u1ee5 M&amp;A \u0111\u01b0\u1ee3c th\u1ef1c hi\u1ec7n h\u1eb1ng n\u0103m. \u0110i\u1ec1u n\u00e0y<\/p>\n","protected":false},"author":1,"featured_media":0,"parent":0,"menu_order":0,"comment_status":"closed","ping_status":"closed","template":"","meta":[],"_links":{"self":[{"href":"https:\/\/tokyoconsultingfirm.com\/vietnam\/wp-json\/wp\/v2\/pages\/6674"}],"collection":[{"href":"https:\/\/tokyoconsultingfirm.com\/vietnam\/wp-json\/wp\/v2\/pages"}],"about":[{"href":"https:\/\/tokyoconsultingfirm.com\/vietnam\/wp-json\/wp\/v2\/types\/page"}],"author":[{"embeddable":true,"href":"https:\/\/tokyoconsultingfirm.com\/vietnam\/wp-json\/wp\/v2\/users\/1"}],"replies":[{"embeddable":true,"href":"https:\/\/tokyoconsultingfirm.com\/vietnam\/wp-json\/wp\/v2\/comments?post=6674"}],"version-history":[{"count":0,"href":"https:\/\/tokyoconsultingfirm.com\/vietnam\/wp-json\/wp\/v2\/pages\/6674\/revisions"}],"wp:attachment":[{"href":"https:\/\/tokyoconsultingfirm.com\/vietnam\/wp-json\/wp\/v2\/media?parent=6674"}],"curies":[{"name":"wp","href":"https:\/\/api.w.org\/{rel}","templated":true}]}}