{"id":6818,"date":"2022-03-15T05:56:00","date_gmt":"2022-03-15T05:56:00","guid":{"rendered":"https:\/\/tokyoconsultingfirm.com\/philippines\/?page_id=6818"},"modified":"2024-01-30T07:53:02","modified_gmt":"2024-01-30T07:53:02","slug":"dich-vu-thue","status":"publish","type":"page","link":"https:\/\/tokyoconsultingfirm.com\/vietnam\/dich-vu-thue\/","title":{"rendered":"D\u1ecbch v\u1ee5 thu\u1ebf"},"content":{"rendered":"<p>[vc_row css=&#8221;.vc_custom_1586491709608{margin-bottom: 100px !important;}&#8221;][vc_column][vc_single_image image=&#8221;7014&#8243; img_size=&#8221;stm-image-1110&#215;550-croped&#8221; css=&#8221;.vc_custom_1612422753457{margin-bottom: 45px !important;}&#8221;][vc_custom_heading text=&#8221;T\u1ea1i sao doanh nghi\u1ec7p c\u1ee7a b\u1ea1n n\u00ean ch\u1ecdn TCF Vi\u1ec7t Nam?&#8221; font_container=&#8221;tag:h1|text_align:left&#8221; use_theme_fonts=&#8221;yes&#8221;][vc_column_text css=&#8221;.vc_custom_1706519921616{margin-bottom: 25px !important;}&#8221;]V\u1edbi s\u1ef1 hi\u1ec3u bi\u1ebft s\u00e2u s\u1eafc v\u1ec1 lu\u1eadt thu\u1ebf Vi\u1ec7t Nam, ch\u00fang t\u00f4i c\u00f3 th\u1ec3 \u0111\u1ea3m b\u1ea3o vi\u1ec7c x\u00e1c \u0111\u1ecbnh v\u00e0 gi\u1ea3m thi\u1ec3u c\u00e1c r\u1ee7i ro xuy\u00ean qu\u1ed1c gia v\u1ec1 thu\u1ebf c\u1ee7a kh\u00e1ch h\u00e0ng. Ch\u00fang t\u00f4i c\u0169ng \u0111\u1ea3m b\u1ea3o r\u1eb1ng t\u1ea5t c\u1ea3 c\u00e1c ho\u1ea1t \u0111\u1ed9ng c\u1ee7a kh\u00e1ch h\u00e0ng \u0111\u1ec1u tu\u00e2n th\u1ee7 c\u00e1c Quy \u0111\u1ecbnh v\u1ec1 thu\u1ebf c\u1ee7a Vi\u1ec7t Nam v\u00e0 qu\u1ed1c t\u1ebf.<\/p>\n<p>C\u00f9ng v\u1edbi vi\u1ec7c \u0111\u01b0a ra t\u01b0 v\u1ea5n v\u1ec1 c\u00e1c quy \u0111\u1ecbnh, lu\u1eadt thu\u1ebf t\u1ea1i Vi\u1ec7t Nam, \u0111\u1ed9i ng\u0169 chuy\u00ean gia thu\u1ebf c\u1ee7a ch\u00fang t\u00f4i c\u00f2n \u0111\u00e1p \u1ee9ng m\u1ecdi nhu c\u1ea7u v\u1ec1 thu\u1ebf c\u1ee7a doanh nghi\u1ec7p th\u00f4ng qua c\u00e1c d\u1ecbch v\u1ee5 tu\u00e2n th\u1ee7 v\u1ec1 thu\u1ebf nh\u01b0 h\u1ed7 tr\u1ee3 kh\u00e1ch h\u00e0ng chu\u1ea9n b\u1ecb t\u1edd khai thu\u1ebf, quy\u1ebft to\u00e1n thu\u1ebf,..; h\u1ed7 tr\u1ee3 trong qu\u00e1 tr\u00ecnh ki\u1ec3m tra, thanh tra thu\u1ebf c\u0169ng nh\u01b0 qu\u1ea3n tr\u1ecb r\u1ee7i ro v\u1ec1 thu\u1ebf.<\/p>\n<p><strong>C\u00e1c d\u1ecbch v\u1ee5 thu\u1ebf ch\u00fang t\u00f4i cung c\u1ea5p:<\/strong>[\/vc_column_text][vc_single_image image=&#8221;7386&#8243; img_size=&#8221;full&#8221;][\/vc_column][\/vc_row][vc_row full_width=&#8221;stretch_row&#8221; css=&#8221;.vc_custom_1459505959648{margin-bottom: -60px !important;}&#8221; el_class=&#8221;third_bg_color&#8221;][vc_column][vc_cta h2=&#8221;Get Free Email Consulting&#8221; h2_font_container=&#8221;font_size:20px|color:%23ffffff|line_height:24px&#8221; h2_use_theme_fonts=&#8221;yes&#8221; shape=&#8221;square&#8221; style=&#8221;flat&#8221; add_button=&#8221;right&#8221; btn_title=&#8221;Contact us&#8221; btn_style=&#8221;flat&#8221; btn_color=&#8221;theme_style_2&#8243; btn_align=&#8221;right&#8221; btn_i_align=&#8221;right&#8221; btn_i_icon_fontawesome=&#8221;stm-glob-pdf&#8221; use_custom_fonts_h2=&#8221;true&#8221; btn_add_icon=&#8221;true&#8221; btn_link=&#8221;url:http%3A%2F%2Ftokyoconsultingfirm.com%2Fvietnam%2Fcontact%2F|||&#8221; el_class=&#8221;third_bg_color&#8221; css=&#8221;.vc_custom_1595850496715{margin-bottom: 0px !important;}&#8221;][\/vc_cta][\/vc_column][\/vc_row]<\/p>\n","protected":false},"excerpt":{"rendered":"<p>[vc_row css=&#8221;.vc_custom_1586491709608{margin-bottom: 100px !important;}&#8221;][vc_column][vc_single_image image=&#8221;7014&#8243; img_size=&#8221;stm-image-1110&#215;550-croped&#8221; css=&#8221;.vc_custom_1612422753457{margin-bottom: 45px !important;}&#8221;][vc_custom_heading text=&#8221;T\u1ea1i sao doanh nghi\u1ec7p c\u1ee7a b\u1ea1n n\u00ean ch\u1ecdn TCF Vi\u1ec7t Nam?&#8221; font_container=&#8221;tag:h1|text_align:left&#8221; use_theme_fonts=&#8221;yes&#8221;][vc_column_text css=&#8221;.vc_custom_1706519921616{margin-bottom: 25px !important;}&#8221;]V\u1edbi s\u1ef1 hi\u1ec3u bi\u1ebft s\u00e2u s\u1eafc v\u1ec1 lu\u1eadt thu\u1ebf Vi\u1ec7t Nam, ch\u00fang t\u00f4i c\u00f3 th\u1ec3 \u0111\u1ea3m b\u1ea3o vi\u1ec7c x\u00e1c \u0111\u1ecbnh v\u00e0 gi\u1ea3m thi\u1ec3u c\u00e1c r\u1ee7i ro xuy\u00ean qu\u1ed1c gia v\u1ec1 thu\u1ebf<\/p>\n","protected":false},"author":1,"featured_media":0,"parent":0,"menu_order":0,"comment_status":"closed","ping_status":"closed","template":"","meta":[],"_links":{"self":[{"href":"https:\/\/tokyoconsultingfirm.com\/vietnam\/wp-json\/wp\/v2\/pages\/6818"}],"collection":[{"href":"https:\/\/tokyoconsultingfirm.com\/vietnam\/wp-json\/wp\/v2\/pages"}],"about":[{"href":"https:\/\/tokyoconsultingfirm.com\/vietnam\/wp-json\/wp\/v2\/types\/page"}],"author":[{"embeddable":true,"href":"https:\/\/tokyoconsultingfirm.com\/vietnam\/wp-json\/wp\/v2\/users\/1"}],"replies":[{"embeddable":true,"href":"https:\/\/tokyoconsultingfirm.com\/vietnam\/wp-json\/wp\/v2\/comments?post=6818"}],"version-history":[{"count":0,"href":"https:\/\/tokyoconsultingfirm.com\/vietnam\/wp-json\/wp\/v2\/pages\/6818\/revisions"}],"wp:attachment":[{"href":"https:\/\/tokyoconsultingfirm.com\/vietnam\/wp-json\/wp\/v2\/media?parent=6818"}],"curies":[{"name":"wp","href":"https:\/\/api.w.org\/{rel}","templated":true}]}}