{"id":6854,"date":"2020-04-28T09:58:11","date_gmt":"2020-04-28T09:58:11","guid":{"rendered":"https:\/\/tokyoconsultingfirm.com\/vietnam\/?page_id=6854"},"modified":"2025-09-11T08:48:41","modified_gmt":"2025-09-11T08:48:41","slug":"kiem-toan-noi-bo","status":"publish","type":"page","link":"https:\/\/tokyoconsultingfirm.com\/vietnam\/kiem-toan-noi-bo\/","title":{"rendered":"Ki\u1ec3m to\u00e1n n\u1ed9i b\u1ed9"},"content":{"rendered":"<p>[vc_row css=&#8221;.vc_custom_1586491709608{margin-bottom: 100px !important;}&#8221;][vc_column][vc_single_image image=&#8221;7996&#8243; img_size=&#8221;stm-image-1110&#215;550-croped&#8221; css=&#8221;.vc_custom_1757580479335{margin-bottom: 45px !important;}&#8221;][vc_custom_heading text=&#8221;Ki\u1ec3m To\u00e1n N\u1ed9i B\u1ed9 T\u1ea1i Vi\u1ec7t Nam&#8221; font_container=&#8221;tag:h1|text_align:left&#8221; use_theme_fonts=&#8221;yes&#8221;][vc_column_text css=&#8221;.vc_custom_1706670965828{margin-bottom: 25px !important;}&#8221;]<strong>Ki\u1ec3m so\u00e1t n\u1ed9i b\u1ed9<\/strong> l\u00e0 m\u1ed9t kh\u00eda c\u1ea1nh quan tr\u1ecdng c\u1ee7a m\u1ecdi c\u00f4ng ty \u0111\u1ec3 duy tr\u00ec s\u1ef1 \u1ed5n \u0111\u1ecbnh, \u0111\u1ed9 tin c\u1eady v\u00e0 ng\u0103n ch\u1eb7n m\u1ecdi ho\u1ea1t \u0111\u1ed9ng \u0111\u00e1ng ng\u1edd. Do \u0111\u00f3, m\u1ed9t c\u00f4ng ty c\u1ea7n ph\u1ea3i c\u00f3 m\u1ed9t \u0111\u01a1n v\u1ecb \u0111\u1ed9c l\u1eadp, \u0111\u00e1ng tin c\u1eady \u0111\u1ec3 li\u00ean t\u1ee5c ph\u00e2n t\u00edch ho\u1ea1t \u0111\u1ed9ng ch\u1ee7 \u0111\u1ed9ng duy tr\u00ec t\u00ednh \u1ed5n \u0111\u1ecbnh c\u1ee7a\u00a0<strong>c\u00f4ng ty<\/strong>\u00a0b\u1eb1ng c\u00e1ch th\u1ef1c hi\u1ec7n\u00a0<strong>ki\u1ec3m to\u00e1n n\u1ed9i b\u1ed9<\/strong>. M\u1ed9t trong nh\u1eefng c\u00e1ch hi\u1ec7u qu\u1ea3 nh\u1ea5t \u0111\u1ec3 \u0111\u1ea3m b\u1ea3o cho c\u00f4ng ty ch\u1ed1ng l\u1ea1i nh\u1eefng r\u1ee7i ro n\u00e0y l\u00e0 th\u1ef1c hi\u1ec7n ki\u1ec3m to\u00e1n n\u1ed9i b\u1ed9 th\u01b0\u1eddng xuy\u00ean.<\/p>\n<p>G\u1ea7n \u0111\u00e2y, \u0111\u00e3 c\u00f3 r\u1ea5t nhi\u1ec1u tr\u01b0\u1eddng h\u1ee3p x\u1ea3y ra s\u1ef1 c\u1ed1 t\u00e0i ch\u00ednh li\u00ean quan \u0111\u1ebfn c\u00e1c c\u00f4ng ty con n\u01b0\u1edbc ngo\u00e0i t\u1ea1i Vi\u1ec7t Nam. M\u1ed9t trong nh\u1eefng nguy\u00ean nh\u00e2n ch\u00ednh c\u1ee7a nh\u1eefng v\u1ea5n \u0111\u1ec1 n\u00e0y l\u00e0 s\u1ef1 k\u00e9m hi\u1ec7u qu\u1ea3 c\u1ee7a c\u00f4ng ty con n\u01b0\u1edbc ngo\u00e0i, do thi\u1ebfu s\u1ef1 gi\u00e1m s\u00e1t t\u1eeb c\u00f4ng ty m\u1eb9. N\u1ebfu ki\u1ec3m to\u00e1n \u0111\u01b0\u1ee3c th\u1ef1c hi\u1ec7n tr\u1ef1c ti\u1ebfp t\u1ea1i c\u00f4ng ty con, c\u00f4ng ty ph\u1ea3i d\u00e0nh nhi\u1ec1u th\u1eddi gian v\u00e0 c\u00f4ng s\u1ee9c &#8211; v\u00e0 do \u0111\u00f3 chi ph\u00ed &#8211; \u0111\u1ec3 l\u00e0m nh\u01b0 v\u1eady. Ngo\u00e0i ra, khi th\u1ef1c hi\u1ec7n\u00a0<strong>ki\u1ec3m to\u00e1n<\/strong> t\u1ea1i\u00a0Vi\u1ec7t Nam, ban \u0111\u1ea7u c\u00f4ng ty c\u00f3 th\u1ec3 kh\u00f4ng n\u1eafm r\u00f5 c\u00e1c quy \u0111\u1ecbnh c\u1ee5 th\u1ec3 c\u1ee7a Vi\u1ec7t Nam, d\u1eabn \u0111\u1ebfn nhi\u1ec1u kh\u00f3 kh\u0103n h\u01a1n.<\/p>\n<p>T\u1ea1i C\u00f4ng ty T\u01b0 v\u1ea5n Tokyo, ch\u00fang t\u00f4i \u0111\u00e3 tuy\u1ec3n d\u1ee5ng c\u00e1c chuy\u00ean gia \u0111\u00e1ng tin c\u1eady v\u1edbi n\u1ec1n t\u1ea3ng gi\u00e1o d\u1ee5c v\u1eefng ch\u1eafc v\u00e0 kinh nghi\u1ec7m cao trong\u00a0<strong>c\u00e1c d\u1ecbch v\u1ee5 ki\u1ec3m to\u00e1n t\u1ea1i Vi\u1ec7t Nam<\/strong>, \u0111\u1eb7c bi\u1ec7t ph\u00f9 h\u1ee3p v\u1edbi h\u1ec7 th\u1ed1ng \u0111\u01b0\u1ee3c \u1ee7y quy\u1ec1n. \u0110\u1ed9i ng\u0169 nh\u00e2n vi\u00ean c\u1ee7a ch\u00fang t\u00f4i bao g\u1ed3m Ki\u1ec3m to\u00e1n vi\u00ean n\u1ed9i b\u1ed9 \u0111\u01b0\u1ee3c ch\u1ee9ng nh\u1eadn v\u00e0\u00a0K\u1ebf\u00a0to\u00e1n vi\u00ean c\u00f4ng ch\u1ee9ng, cho ph\u00e9p ch\u00fang t\u00f4i th\u1ef1c hi\u1ec7n D\u1ecbch v\u1ee5 ki\u1ec3m to\u00e1n t\u1ea1i Vi\u1ec7t Nam v\u1edbi s\u1ef1 ki\u1ec3m so\u00e1t li\u00ean t\u1ee5c, nghi\u00eam ng\u1eb7t t\u1ea1i c\u00e1c c\u00f4ng ty c\u1ee7a kh\u00e1ch h\u00e0ng th\u00f4ng qua <strong>ki\u1ec3m\u00a0<\/strong><strong>to\u00e1n n\u1ed9i b\u1ed9<\/strong>.\u00a0H\u01a1n n\u1eefa, b\u1eb1ng c\u00e1ch th\u1ef1c hi\u1ec7n\u00a0<strong>c\u00e1c d\u1ecbch v\u1ee5 ki\u1ec3m to\u00e1n <\/strong>cho kh\u00e1ch h\u00e0ng, ch\u00fang t\u00f4i t\u0103ng c\u01b0\u1eddng quy tr\u00ecnh qu\u1ea3n tr\u1ecb v\u00e0 m\u1ee9c \u0111\u1ed9 ki\u1ec3m so\u00e1t c\u1ee7a c\u00f4ng ty \u0111\u1ed1i v\u1edbi ho\u1ea1t \u0111\u1ed9ng c\u1ee7a m\u00ecnh. Kh\u1ea3 n\u0103ng n\u00e0y li\u00ean t\u1ee5c \u0111\u01b0\u1ee3c th\u1ec3 hi\u1ec7n trong vi\u1ec7c c\u1ea3i thi\u1ec7n hi\u1ec7u su\u1ea5t ho\u1ea1t \u0111\u1ed9ng c\u1ee7a kh\u00e1ch h\u00e0ng v\u00e0 qu\u1ea3n tr\u1ecb r\u1ee7i ro hi\u1ec7u qu\u1ea3.<\/p>\n<p>V\u1edbi s\u1ef1 gi\u00fap \u0111\u1ee1 c\u1ee7a c\u00e1c chuy\u00ean gia, kh\u00e1ch h\u00e0ng c\u1ee7a ch\u00fang t\u00f4i \u0111\u01b0\u1ee3c cung c\u1ea5p d\u1ecbch v\u1ee5 chuy\u00ean gia v\u1ec1\u00a0<strong>ki\u1ec3m to\u00e1n n\u1ed9i b\u1ed9 t\u1ea1i Vi\u1ec7t Nam<\/strong>. L\u00e0 c\u00f4ng ty ti\u00ean phong trong ng\u00e0nh, TCF Vi\u1ec7t Nam lu\u00f4n s\u1eb5n s\u00e0ng cung c\u1ea5p c\u00e1c\u00a0<strong>d\u1ecbch v\u1ee5 ki\u1ec3m to\u00e1n t\u1ed1t nh\u1ea5t t\u1ea1i Vi\u1ec7t Nam<\/strong>. H\u01a1n n\u1eefa, ch\u00fang t\u00f4i c\u0169ng cung c\u1ea5p nh\u00e2n s\u1ef1, chuy\u00ean m\u00f4n v\u00e0 ph\u01b0\u01a1ng ph\u00e1p thi\u1ebft y\u1ebfu \u0111\u1ec3 ph\u1ee5c v\u1ee5 nhu c\u1ea7u hi\u1ec7n t\u1ea1i v\u00e0 lu\u00f4n thay \u0111\u1ed5i c\u1ee7a kh\u00e1ch h\u00e0ng trong t\u01b0\u01a1ng lai g\u1ea7n.[\/vc_column_text][\/vc_column][\/vc_row][vc_row full_width=&#8221;stretch_row&#8221; css=&#8221;.vc_custom_1459505959648{margin-bottom: -60px !important;}&#8221; el_class=&#8221;third_bg_color&#8221;][vc_column][vc_cta h2=&#8221;Get Free Email Consulting&#8221; h2_font_container=&#8221;font_size:20px|color:%23ffffff|line_height:24px&#8221; h2_use_theme_fonts=&#8221;yes&#8221; shape=&#8221;square&#8221; style=&#8221;flat&#8221; add_button=&#8221;right&#8221; btn_title=&#8221;Contact us&#8221; btn_style=&#8221;flat&#8221; btn_color=&#8221;theme_style_2&#8243; btn_align=&#8221;right&#8221; btn_i_align=&#8221;right&#8221; btn_i_icon_fontawesome=&#8221;stm-glob-pdf&#8221; use_custom_fonts_h2=&#8221;true&#8221; btn_add_icon=&#8221;true&#8221; btn_link=&#8221;url:http%3A%2F%2Ftokyoconsultingfirm.com%2Fvietnam%2Fcontact%2F|||&#8221; el_class=&#8221;third_bg_color&#8221; css=&#8221;.vc_custom_1595850027807{margin-bottom: 0px !important;}&#8221;][\/vc_cta][\/vc_column][\/vc_row]<\/p>\n","protected":false},"excerpt":{"rendered":"<p>[vc_row css=&#8221;.vc_custom_1586491709608{margin-bottom: 100px !important;}&#8221;][vc_column][vc_single_image image=&#8221;7996&#8243; img_size=&#8221;stm-image-1110&#215;550-croped&#8221; css=&#8221;.vc_custom_1757580479335{margin-bottom: 45px !important;}&#8221;][vc_custom_heading text=&#8221;Ki\u1ec3m To\u00e1n N\u1ed9i B\u1ed9 T\u1ea1i Vi\u1ec7t Nam&#8221; font_container=&#8221;tag:h1|text_align:left&#8221; use_theme_fonts=&#8221;yes&#8221;][vc_column_text css=&#8221;.vc_custom_1706670965828{margin-bottom: 25px !important;}&#8221;]Ki\u1ec3m so\u00e1t n\u1ed9i b\u1ed9 l\u00e0 m\u1ed9t kh\u00eda c\u1ea1nh quan tr\u1ecdng c\u1ee7a m\u1ecdi c\u00f4ng ty \u0111\u1ec3 duy tr\u00ec s\u1ef1 \u1ed5n \u0111\u1ecbnh, \u0111\u1ed9 tin c\u1eady v\u00e0 ng\u0103n ch\u1eb7n m\u1ecdi ho\u1ea1t \u0111\u1ed9ng \u0111\u00e1ng ng\u1edd. Do \u0111\u00f3, m\u1ed9t c\u00f4ng<\/p>\n","protected":false},"author":1,"featured_media":0,"parent":0,"menu_order":0,"comment_status":"closed","ping_status":"closed","template":"","meta":[],"_links":{"self":[{"href":"https:\/\/tokyoconsultingfirm.com\/vietnam\/wp-json\/wp\/v2\/pages\/6854"}],"collection":[{"href":"https:\/\/tokyoconsultingfirm.com\/vietnam\/wp-json\/wp\/v2\/pages"}],"about":[{"href":"https:\/\/tokyoconsultingfirm.com\/vietnam\/wp-json\/wp\/v2\/types\/page"}],"author":[{"embeddable":true,"href":"https:\/\/tokyoconsultingfirm.com\/vietnam\/wp-json\/wp\/v2\/users\/1"}],"replies":[{"embeddable":true,"href":"https:\/\/tokyoconsultingfirm.com\/vietnam\/wp-json\/wp\/v2\/comments?post=6854"}],"version-history":[{"count":0,"href":"https:\/\/tokyoconsultingfirm.com\/vietnam\/wp-json\/wp\/v2\/pages\/6854\/revisions"}],"wp:attachment":[{"href":"https:\/\/tokyoconsultingfirm.com\/vietnam\/wp-json\/wp\/v2\/media?parent=6854"}],"curies":[{"name":"wp","href":"https:\/\/api.w.org\/{rel}","templated":true}]}}