{"id":6858,"date":"2020-04-28T10:06:09","date_gmt":"2020-04-28T10:06:09","guid":{"rendered":"https:\/\/tokyoconsultingfirm.com\/vietnam\/?page_id=6858"},"modified":"2024-01-30T09:41:16","modified_gmt":"2024-01-30T09:41:16","slug":"dich-vu-phap-ly","status":"publish","type":"page","link":"https:\/\/tokyoconsultingfirm.com\/vietnam\/dich-vu-phap-ly\/","title":{"rendered":"D\u1ecbch v\u1ee5 ph\u00e1p l\u00fd"},"content":{"rendered":"<p>[vc_row css=&#8221;.vc_custom_1586491709608{margin-bottom: 100px !important;}&#8221;][vc_column][vc_single_image image=&#8221;6968&#8243; img_size=&#8221;stm-image-1110&#215;550-croped&#8221; css=&#8221;.vc_custom_1595852023388{margin-bottom: 45px !important;}&#8221;][vc_custom_heading text=&#8221;Ta\u0323i sao TCF Vi\u00ea\u0323t Nam la\u0300 nha\u0300 cung c\u00e2\u0301p di\u0323ch vu\u0323 pha\u0301p ly\u0301 toa\u0300n di\u00ea\u0323n \u0111a\u0301ng tin c\u00e2\u0323y cho doanh nghi\u00ea\u0323p cu\u0309a ba\u0323n?&#8221; font_container=&#8221;tag:h1|text_align:left&#8221; use_theme_fonts=&#8221;yes&#8221;][vc_column_text css=&#8221;.vc_custom_1706606246088{margin-bottom: 25px !important;}&#8221;]Trong b\u00f4\u0301i ca\u0309nh n\u00ea\u0300n kinh t\u00ea\u0301 \u0111a da\u0323ng va\u0300 ph\u01b0\u0301c ta\u0323p nh\u01b0 hi\u00ea\u0323n nay, vi\u00ea\u0323c doanh nghi\u00ea\u0323p co\u0301 m\u00f4\u0323t \u0111\u00f4\u0301i ta\u0301c tin c\u00e2\u0323y va\u0300 hi\u00ea\u0323u qua\u0309 th\u01b0\u0323c hi\u00ea\u0323n hoa\u0323t \u0111\u00f4\u0323ng cung c\u00e2\u0301p ca\u0301c di\u0323ch vu\u0323 pha\u0301p ly\u0301 la\u0300 r\u00e2\u0301t c\u00e2\u0300n thi\u00ea\u0301t. TCF Vi\u00ea\u0323t Nam la\u0300 m\u00f4\u0323t chi nha\u0301nh \u0111a\u0301ng t\u01b0\u0323 ha\u0300o cu\u0309a T\u00e2\u0323p \u0111oa\u0300n T\u01b0 v\u00e2\u0301n Tokyo, n\u00f4\u0309i b\u00e2\u0323t trong vi\u00ea\u0323c cung c\u00e2\u0301p ca\u0301c di\u0323ch vu\u0323 pha\u0301p ly\u0301 v\u01a1\u0301i ch\u00e2\u0301t l\u01b0\u01a1\u0323ng ha\u0300ng \u0111\u00e2\u0300u.<\/p>\n<p>H\u00e3y ch\u1ecdn TCF Vi\u1ec7t Nam l\u00e0m \u0111\u1ed1i t\u00e1c cung c\u00e2\u0301p d\u1ecbch v\u1ee5 ph\u00e1p l\u00fd cho doanh nghi\u00ea\u0323p cu\u0309a ba\u0323n. TCF Vi\u00ea\u0323t Nam \u0111em \u0111\u00ea\u0301n ki\u1ebfn th\u1ee9c chuy\u00ean m\u00f4n v\u01b0\u1ee3t tr\u1ed9i v\u00e0 c\u00e1c gi\u1ea3i ph\u00e1p v\u01a1\u0301i tro\u0323ng t\u00e2m la\u0300 kha\u0301ch ha\u0300ng. Cu\u0300ng s\u1ef1 hi\u1ec3u bi\u1ebft s\u00e2u s\u1eafc v\u1ec1 b\u1ed1i c\u1ea3nh ph\u00e1p lu\u1eadt ta\u0323i Vi\u1ec7t Nam, TCF co\u0301 hoa\u0323t \u0111\u00f4\u0323ng t\u01b0 v\u1ea5n ch\u1ea5t l\u01b0\u1ee3ng, nhanh ch\u00f3ng v\u00e0 ch\u00ednh x\u00e1c cho c\u00e1c v\u00e2\u0301n \u0111\u00ea\u0300 ph\u00e1p l\u00fd li\u00ean quan \u0111\u1ebfn nh\u00e0 \u0111\u1ea7u t\u01b0 v\u00e0 doanh nghi\u00ea\u0323p n\u01b0\u1edbc ngo\u00e0i, chuy\u00ean s\u00e2u v\u1ec1 c\u00e1c l\u0129nh v\u1ef1c nh\u01b0 Doanh nghi\u1ec7p, \u0110\u1ea7u t\u01b0, Lao \u0111\u1ed9ng,&#8230; Chu\u0301ng t\u00f4i cam k\u00ea\u0301t r\u0103\u0300ng se\u0303 kh\u00f4ng ng\u1eebng \u0111\u1ed5i m\u1edbi, t\u00ecm ki\u1ebfm nh\u1eefng ph\u01b0\u01a1ng th\u01b0\u0301c kha\u0301c nhau \u0111\u1ec3 ph\u1ee5c v\u1ee5 kh\u00e1ch h\u00e0ng. TCF Vi\u1ec7t Nam s\u1ebd x\u01b0\u0309 ly\u0301 to\u00e0n di\u1ec7n mo\u0323i v\u00e2\u0301n \u0111\u00ea\u0300 pha\u0301p lu\u00e2\u0323t cho doanh nghi\u1ec7p, \u0111\u1eb7t th\u00e0nh c\u00f4ng c\u1ee7a b\u1ea1n l\u00ean h\u00e0ng \u0111\u1ea7u.[\/vc_column_text][vc_custom_heading text=&#8221;D\u1ecbch v\u1ee5 ph\u00e1p l\u00fd t\u1ea1i Vi\u1ec7t Nam&#8221; font_container=&#8221;tag:h1|text_align:left&#8221; use_theme_fonts=&#8221;yes&#8221;][vc_column_text]Di\u0323ch vu\u0323 pha\u0301p ly\u0301 ta\u0323i Vi\u00ea\u0323t Nam: Chu\u0301ng t\u00f4i xin tr\u00e2n tro\u0323ng \u0111\u01b0a ra ca\u0301c \u0111\u00ea\u0300 xu\u00e2\u0301t nh\u01b0 sau:<\/p>\n<p><strong>1. Di\u0323ch vu\u0323 T\u01b0 v\u00e2\u0301n tha\u0300nh l\u00e2\u0323p doanh nghi\u00ea\u0323p<\/strong><\/p>\n<p><em>Hoa\u0323t \u0111\u00f4\u0323ng \u0111\u00e2\u0300u t\u01b0 cu\u0309a ca\u0301c c\u00f4ng ty n\u01b0\u01a1\u0301c ngoa\u0300i va\u0300o Vi\u00ea\u0323t Nam nga\u0300y ca\u0300ng \u0111\u01b0\u01a1\u0323c quan t\u00e2m va\u0300 m\u01a1\u0309 r\u00f4\u0323ng. N\u0103\u0301m b\u0103\u0301t \u0111\u01b0\u01a1\u0323c nhu c\u00e2\u0300u na\u0300y cu\u0309a kha\u0301ch ha\u0300ng, TCF Vi\u00ea\u0323t Nam se\u0303 th\u01b0\u0323c hi\u00ea\u0323n mo\u0323i thu\u0309 tu\u0323c pha\u0301p ly\u0301 va\u0300 cung c\u00e2\u0301p ca\u0301c gia\u0309i pha\u0301p \u0111\u00ea\u0309 doanh nghi\u00ea\u0323p cu\u0309a kha\u0301ch ha\u0300ng \u0111\u01b0\u01a1\u0323c tha\u0300nh l\u00e2\u0323p va\u0300 hoa\u0323t \u0111\u00f4\u0323ng h\u01a1\u0323p pha\u0301p, tu\u00e2n thu\u0309 quy \u0111i\u0323nh pha\u0301p lu\u00e2\u0323t ta\u0323i Vi\u00ea\u0323t Nam.<\/em><\/p>\n<p>TCF Vi\u00ea\u0323t Nam se\u0303 cung c\u00e2\u0301p ca\u0301c di\u0323ch vu\u0323 t\u01b0 v\u00e2\u0301n nh\u01b0 sau:<\/p>\n<ul>\n<li>Xin c\u00e2\u0301p Gi\u00e2\u0301y ch\u01b0\u0301ng nh\u00e2\u0323n \u0111\u0103ng ky\u0301 \u0111\u00e2\u0300u t\u01b0<\/li>\n<li>Xin c\u00e2\u0301p Gi\u00e2\u0301y ch\u01b0\u0301ng nh\u00e2\u0323n \u0111\u0103ng ky\u0301 doanh nghi\u00ea\u0323p<\/li>\n<li>T\u01b0 v\u00e2\u0301n soa\u0323n tha\u0309o \u0110i\u00ea\u0300u l\u00ea\u0323 C\u00f4ng ty<\/li>\n<li>Cung c\u00e2\u0301p ki\u00ea\u0301n th\u01b0\u0301c v\u00ea\u0300 v\u00f4\u0301n \u0110i\u00ea\u0300u l\u00ea\u0323, v\u00f4\u0301n Pha\u0301p \u0111i\u0323nh, ca\u0301c nghi\u0303a vu\u0323 thu\u00ea\u0301 va\u0300 k\u00ea khai thu\u00ea\u0301<\/li>\n<li>T\u01b0 v\u00e2\u0301n \u0111\u0103ng ky\u0301 nga\u0300nh ngh\u00ea\u0300 kinh doanh phu\u0300 h\u01a1\u0323p v\u01a1\u0301i mu\u0323c ti\u00eau va\u0300 \u0111i\u0323nh h\u01b0\u01a1\u0301ng pha\u0301t tri\u00ea\u0309n kinh doanh cu\u0309a c\u00f4ng ty<\/li>\n<li>T\u01b0 v\u00e2\u0301n toa\u0300n b\u00f4\u0323 ca\u0301c v\u00e2\u0301n \u0111\u00ea\u0300 va\u0300 thu\u0309 tu\u0323c pha\u0301p ly\u0301 pha\u0301t sinh trong qua\u0301 tri\u0300nh tha\u0300nh l\u00e2\u0323p doanh nghi\u00ea\u0323p<\/li>\n<\/ul>\n<p><strong>2. Di\u0323ch vu\u0323 t\u01b0 v\u00e2\u0301n thay \u0111\u00f4\u0309i Gi\u00e2\u0301y ch\u01b0\u0301ng nh\u00e2\u0323n \u0111\u0103ng ky\u0301 \u0111\u00e2\u0300u t\u01b0, Gi\u00e2\u0301y ch\u01b0\u0301ng nh\u00e2\u0323n \u0111\u0103ng ky\u0301 doanh nghi\u00ea\u0323p<\/strong><\/p>\n<p><em>Trong qua\u0301 tri\u0300nh hoa\u0323t \u0111\u00f4\u0323ng, ca\u0301c doanh nghi\u00ea\u0323p se\u0303 c\u00e2\u0300n thay \u0111\u00f4\u0309i th\u00f4ng tin nh\u01b0 \u0110i\u0323a chi\u0309, T\u00ean c\u00f4ng ty, Nga\u0300nh ngh\u00ea\u0300 kinh doanh,&#8230;nh\u0103\u0300m phu\u0300 h\u01a1\u0323p v\u01a1\u0301i nhu c\u00e2\u0300u va\u0300 \u0111i\u0323nh h\u01b0\u01a1\u0301ng cu\u0309a c\u00f4ng ty. TCF Vi\u00ea\u0323t Nam se\u0303 giu\u0301p doanh nghi\u00ea\u0323p cu\u0309a ba\u0323n th\u01b0\u0323c hi\u00ea\u0323n mo\u0323i thu\u0309 tu\u0323c li\u00ean quan \u0111\u00ea\u0301n ca\u0301c th\u00f4ng tin \u0111\u01b0\u01a1\u0323c thay \u0111\u00f4\u0309i va\u0300 ghi nh\u00e2\u0323n s\u01b0\u0323 thay \u0111\u00f4\u0309i \u0111o\u0301 tr\u00ean Gi\u00e2\u0301y ch\u01b0\u0301ng nh\u00e2\u0323n \u0111\u0103ng ky\u0301 \u0111\u00e2\u0300u t\u01b0 va\u0300 Gi\u00e2\u0301y ch\u01b0\u0301ng nh\u00e2\u0323n \u0111\u0103ng ky\u0301 doanh nghi\u00ea\u0323p.<\/em><\/p>\n<p><em>TCF Vi\u00ea\u0323t Nam se\u0303 th\u01b0\u0323c hi\u00ea\u0323n thay \u0111\u00f4\u0309i ca\u0301c th\u00f4ng tin sau:<\/em><\/p>\n<ul>\n<li><em>\u0110i\u0323a chi\u0309 tru\u0323 s\u01a1\u0309 c\u00f4ng ty<\/em><\/li>\n<li><em>Chu\u0309 s\u01a1\u0309 h\u01b0\u0303u\/Ng\u01b0\u01a1\u0300i \u0111a\u0323i di\u00ea\u0323n theo pha\u0301p lu\u00e2\u0323t\/Ch\u01b0\u0301c danh cu\u0309a ng\u01b0\u01a1\u0300i \u0111a\u0323i di\u00ea\u0323n theo pha\u0301p lu\u00e2\u0323t<\/em><\/li>\n<li><em>T\u00ean c\u00f4ng ty<\/em><\/li>\n<li><em>Th\u00eam, xo\u0301a ho\u0103\u0323c b\u00f4\u0309 sung, thay \u0111\u00f4\u0309i chi ti\u00ea\u0301t nga\u0300nh ngh\u00ea\u0300 kinh doanh<\/em><\/li>\n<li><em>Thay \u0111\u00f4\u0309i v\u00f4\u0301n \u0111i\u00ea\u0300u l\u00ea\u0323 (t\u0103ng ho\u0103\u0323c gia\u0309m)<\/em><\/li>\n<li><em>S\u00f4\u0301 \u0111i\u00ea\u0323n thoa\u0323i\/Fax\/Website tr\u00ean Gi\u00e2\u0301y ch\u01b0\u0301ng nh\u00e2\u0323n \u0111\u0103ng ky\u0301 doanh nghi\u00ea\u0323p<\/em><\/li>\n<li><em>Loa\u0323i hi\u0300nh c\u00f4ng ty<\/em><\/li>\n<li><em>Va\u0300 ca\u0301c th\u00f4ng tin kha\u0301c<\/em><\/li>\n<\/ul>\n<p><strong>3. Di\u0323ch vu\u0323 t\u01b0 v\u00e2\u0301n ca\u0301c v\u00e2\u0301n \u0111\u00ea\u0300 pha\u0301p ly\u0301 pha\u0301t sinh trong qua\u0301 tri\u0300nh hoa\u0323t \u0111\u00f4\u0323ng cu\u0309a doanh nghi\u00ea\u0323p<\/strong><\/p>\n<p><em>Khi doanh nghi\u00ea\u0323p \u0111i va\u0300o hoa\u0323t \u0111\u00f4\u0323ng se\u0303 kh\u00f4ng tra\u0301nh kho\u0309i vi\u00ea\u0323c pha\u0301t sinh ca\u0301c v\u00e2\u0301n \u0111\u00ea\u0300 pha\u0301p ly\u0301 ph\u01b0\u0301c ta\u0323p kha\u0301c nhau tra\u0309i da\u0300i tr\u00ean ca\u0301c li\u0303nh v\u01b0\u0323c: H\u01a1\u0323p \u0111\u00f4\u0300ng, Lao \u0111\u00f4\u0323ng, Nh\u00e2n s\u01b0\u0323,&#8230;Ngoa\u0300i ra, vi\u00ea\u0323c th\u01b0\u0323c hi\u00ea\u0323n ca\u0301c ba\u0301o ca\u0301o t\u01a1\u0301i c\u01a1 quan nha\u0300 n\u01b0\u01a1\u0301c va\u0300 theo do\u0303i, c\u00e2\u0323p nh\u00e2\u0323t hi\u00ea\u0323u l\u01b0\u0323c cu\u0309a ca\u0301c v\u0103n ba\u0309n pha\u0301p lu\u00e2\u0323t cu\u0303ng c\u00e2\u0300n thi\u00ea\u0301t v\u01a1\u0301i hoa\u0323t \u0111\u00f4\u0323ng kinh doanh cu\u0309a c\u00f4ng ty. Do \u0111o\u0301, TCF Vi\u00ea\u0323t Nam se\u0303 h\u00f4\u0303 tr\u01a1\u0323 doanh nghi\u00ea\u0323p cu\u0309a ba\u0323n gia\u0309i quy\u00ea\u0301t ca\u0301c v\u00e2\u0301n \u0111\u00ea\u0300 pha\u0301p ly\u0301 \u0111o\u0301 va\u0300 n\u00f4\u0303 l\u01b0\u0323c gia\u0309m thi\u00ea\u0309u ca\u0301c ru\u0309i ro pha\u0301p ly\u0301, nh\u0103\u0300m thu\u0301c \u0111\u00e2\u0309y m\u00f4i tr\u01b0\u01a1\u0300ng kinh doanh an toa\u0300n.<\/em><\/p>\n<p><em>TCF se\u0303 t\u01b0 v\u00e2\u0301n ca\u0301c v\u00e2\u0301n \u0111\u00ea\u0300 pha\u0301p ly\u0301 sau:<\/em><\/p>\n<ul>\n<li><em>T\u01b0 v\u00e2\u0301n, soa\u0323n tha\u0309o, th\u00e2\u0309m \u0111i\u0323nh ca\u0301c loa\u0323i H\u01a1\u0323p \u0111\u00f4\u0300ng va\u0300 ta\u0300i li\u00ea\u0323u pha\u0301p ly\u0301 kha\u0301c<\/em><\/li>\n<li><em>Mua ba\u0301n va\u0300 sa\u0301p nh\u00e2\u0323p doanh nghi\u00ea\u0323p<\/em><\/li>\n<li><em>T\u01b0 v\u00e2\u0301n, soa\u0323n tha\u0309o ca\u0301c ta\u0300i li\u00ea\u0323u li\u00ean quan \u0111\u00ea\u0301n quy tri\u0300nh qua\u0309n ly\u0301, thay \u0111\u00f4\u0309i, b\u00f4\u0309 nhi\u00ea\u0323m ho\u0103\u0323c ky\u0309 lu\u00e2\u0323t nh\u00e2n s\u01b0\u0323 cu\u0309a c\u00f4ng ty<\/em><\/li>\n<li><em>T\u01b0 v\u00e2\u0301n ca\u0301c chi\u0301nh sa\u0301ch li\u00ean quan \u0111\u00ea\u0301n lao \u0111\u00f4\u0323ng, an toa\u0300n lao \u0111\u00f4\u0323ng, ti\u00ea\u0300n l\u01b0\u01a1ng, ba\u0309o hi\u00ea\u0309m<\/em><\/li>\n<li><em>Th\u01b0\u0323c hi\u00ea\u0323n xin c\u00e2\u0301p ca\u0301c loa\u0323i Gi\u00e2\u0301y phe\u0301p con<\/em><\/li>\n<li><em>C\u00e2\u0323p nh\u00e2\u0323t, h\u01b0\u01a1\u0301ng d\u00e2\u0303n, ph\u00f4\u0309 bi\u00ea\u0301n ca\u0301c chi\u0301nh sa\u0301ch, v\u0103n ba\u0309n pha\u0301p lu\u00e2\u0323t<\/em><\/li>\n<li><em>L\u01b0u tr\u01b0\u0303 h\u00f4\u0300 s\u01a1 gi\u00e2\u0301y t\u01a1\u0300<\/em><\/li>\n<li><em>H\u00f4\u0303 tr\u01a1\u0323 doanh nghi\u00ea\u0323p la\u0300m vi\u00ea\u0323c v\u01a1\u0301i c\u01a1 quan nha\u0300 n\u01b0\u01a1\u0301c <\/em><\/li>\n<\/ul>\n<p>[\/vc_column_text][\/vc_column][\/vc_row][vc_row full_width=&#8221;stretch_row&#8221; css=&#8221;.vc_custom_1459505959648{margin-bottom: -60px !important;}&#8221; el_class=&#8221;third_bg_color&#8221;][vc_column][vc_cta h2=&#8221;Get Free Email Consulting&#8221; h2_font_container=&#8221;font_size:20px|color:%23ffffff|line_height:24px&#8221; h2_use_theme_fonts=&#8221;yes&#8221; shape=&#8221;square&#8221; style=&#8221;flat&#8221; add_button=&#8221;right&#8221; btn_title=&#8221;Contact us&#8221; btn_style=&#8221;flat&#8221; btn_color=&#8221;theme_style_2&#8243; btn_align=&#8221;right&#8221; btn_i_align=&#8221;right&#8221; btn_i_icon_fontawesome=&#8221;stm-glob-pdf&#8221; use_custom_fonts_h2=&#8221;true&#8221; btn_add_icon=&#8221;true&#8221; btn_link=&#8221;url:http%3A%2F%2Ftokyoconsultingfirm.com%2Fvietnam%2Fcontact%2F|||&#8221; el_class=&#8221;third_bg_color&#8221; css=&#8221;.vc_custom_1595850059401{margin-bottom: 0px !important;}&#8221;][\/vc_cta][\/vc_column][\/vc_row]<\/p>\n","protected":false},"excerpt":{"rendered":"<p>[vc_row css=&#8221;.vc_custom_1586491709608{margin-bottom: 100px !important;}&#8221;][vc_column][vc_single_image image=&#8221;6968&#8243; img_size=&#8221;stm-image-1110&#215;550-croped&#8221; css=&#8221;.vc_custom_1595852023388{margin-bottom: 45px !important;}&#8221;][vc_custom_heading text=&#8221;Ta\u0323i sao TCF Vi\u00ea\u0323t Nam la\u0300 nha\u0300 cung c\u00e2\u0301p di\u0323ch vu\u0323 pha\u0301p ly\u0301 toa\u0300n di\u00ea\u0323n \u0111a\u0301ng tin c\u00e2\u0323y cho doanh nghi\u00ea\u0323p cu\u0309a ba\u0323n?&#8221; font_container=&#8221;tag:h1|text_align:left&#8221; use_theme_fonts=&#8221;yes&#8221;][vc_column_text css=&#8221;.vc_custom_1706606246088{margin-bottom: 25px !important;}&#8221;]Trong b\u00f4\u0301i ca\u0309nh n\u00ea\u0300n kinh t\u00ea\u0301 \u0111a da\u0323ng va\u0300 ph\u01b0\u0301c ta\u0323p nh\u01b0 hi\u00ea\u0323n nay, vi\u00ea\u0323c doanh nghi\u00ea\u0323p co\u0301 m\u00f4\u0323t<\/p>\n","protected":false},"author":1,"featured_media":0,"parent":0,"menu_order":0,"comment_status":"closed","ping_status":"closed","template":"","meta":[],"_links":{"self":[{"href":"https:\/\/tokyoconsultingfirm.com\/vietnam\/wp-json\/wp\/v2\/pages\/6858"}],"collection":[{"href":"https:\/\/tokyoconsultingfirm.com\/vietnam\/wp-json\/wp\/v2\/pages"}],"about":[{"href":"https:\/\/tokyoconsultingfirm.com\/vietnam\/wp-json\/wp\/v2\/types\/page"}],"author":[{"embeddable":true,"href":"https:\/\/tokyoconsultingfirm.com\/vietnam\/wp-json\/wp\/v2\/users\/1"}],"replies":[{"embeddable":true,"href":"https:\/\/tokyoconsultingfirm.com\/vietnam\/wp-json\/wp\/v2\/comments?post=6858"}],"version-history":[{"count":0,"href":"https:\/\/tokyoconsultingfirm.com\/vietnam\/wp-json\/wp\/v2\/pages\/6858\/revisions"}],"wp:attachment":[{"href":"https:\/\/tokyoconsultingfirm.com\/vietnam\/wp-json\/wp\/v2\/media?parent=6858"}],"curies":[{"name":"wp","href":"https:\/\/api.w.org\/{rel}","templated":true}]}}