{"id":7434,"date":"2024-01-30T09:01:59","date_gmt":"2024-01-30T09:01:59","guid":{"rendered":"https:\/\/tokyoconsultingfirm.com\/vietnam\/?page_id=7434"},"modified":"2024-01-30T09:03:13","modified_gmt":"2024-01-30T09:03:13","slug":"dich-vu-tu-van","status":"publish","type":"page","link":"https:\/\/tokyoconsultingfirm.com\/vietnam\/dich-vu-tu-van\/","title":{"rendered":"D\u1ecbch v\u1ee5 t\u01b0 v\u1ea5n"},"content":{"rendered":"<p>[vc_row css=&#8221;.vc_custom_1586491709608{margin-bottom: 100px !important;}&#8221;][vc_column][vc_single_image image=&#8221;7436&#8243; img_size=&#8221;full&#8221; css=&#8221;.vc_custom_1706605391339{margin-bottom: 45px !important;}&#8221;][vc_column_text css=&#8221;.vc_custom_1706605318041{margin-bottom: 25px !important;}&#8221;]M\u1ed9t doanh nghi\u1ec7p t\u1ed3n t\u1ea1i v\u00ec \u0111i\u1ec1u g\u00ec?<\/p>\n<p>L\u00e0 v\u00ec x\u00e3 h\u1ed9i v\u00e0 v\u00ec ch\u00ednh nh\u1eefng ng\u01b0\u1eddi lao \u0111\u1ed9ng c\u1ee7a m\u00ecnh.<\/p>\n<p>N\u1ebfu m\u1ed9t doanh nghi\u1ec7p kh\u00f4ng c\u00f2n mang l\u1ea1i gi\u00e1 tr\u1ecb cho x\u00e3 h\u1ed9i, n\u00f3 s\u1ebd kh\u00f4ng c\u00f2n t\u1ed3n t\u1ea1i v\u00e0 kh\u00f4ng th\u1ec3 tr\u1ea3 l\u01b0\u01a1ng cho nh\u00e2n vi\u00ean.<\/p>\n<p>V\u00ec v\u1eady, \u0111\u1ec3 t\u1ed3n t\u1ea1i, ch\u00fang ta ph\u1ea3i ti\u1ebfp t\u1ee5c ph\u00e1t tri\u1ec3n v\u00e0 \u0111\u00f3ng g\u00f3p gi\u00e1 tr\u1ecb cho x\u00e3 h\u1ed9i.<\/p>\n<p>V\u1eady l\u00e0m th\u1ebf n\u00e0o \u0111\u1ec3 ph\u00e1t tri\u1ec3n m\u1ed9t doanh nghi\u1ec7p?<\/p>\n<p>Ch\u00fang t\u00f4i tin r\u1eb1ng th\u00e0nh qu\u1ea3 c\u1ee7a m\u1ed9t doanh nghi\u1ec7p c\u00f3 th\u1ec3 \u0111\u01b0\u1ee3c th\u1ec3 hi\u1ec7n b\u1eb1ng c\u00f4ng th\u1ee9c sau:<\/p>\n<p>Chi\u1ebfn l\u01b0\u1ee3c x Th\u1ef1c thi = K\u1ebft qu\u1ea3<\/p>\n<p>&nbsp;<\/p>\n<p>\u0110\u1ec3 \u0111\u1ea1t \u0111\u01b0\u1ee3c k\u1ebft qu\u1ea3 t\u1ed1t, tr\u01b0\u1edbc ti\u00ean b\u1ea1n c\u1ea7n m\u1ed9t chi\u1ebfn l\u01b0\u1ee3c hi\u1ec7u qu\u1ea3.<\/p>\n<p>V\u00e0 ch\u1ec9 khi b\u1ea1n c\u00f3 th\u1ec3 th\u1ef1c hi\u1ec7n n\u00f3 th\u00ec b\u1ea1n m\u1edbi \u0111\u1ea1t \u0111\u01b0\u1ee3c k\u1ebft qu\u1ea3 t\u1ed1t.<\/p>\n<p>Qu\u1ea3n l\u00fd th\u1ef1c thi l\u00e0 c\u1ea7n thi\u1ebft \u0111\u1ec3 ki\u1ec3m tra hi\u1ec7u qu\u1ea3 c\u1ee7a chi\u1ebfn l\u01b0\u1ee3c.<\/p>\n<p>N\u1ebfu b\u1ea1n kh\u00f4ng th\u1ea5y k\u1ebft qu\u1ea3 t\u1ed1t m\u1eb7c d\u00f9 \u0111\u00e3 th\u1ef1c thi \u0111\u00fang, th\u00ec c\u00f3 ngh\u0129a l\u00e0 chi\u1ebfn l\u01b0\u1ee3c c\u00f3 v\u1ea5n \u0111\u1ec1.<\/p>\n<p>&nbsp;<\/p>\n<p>B\u1eb1ng c\u00e1ch l\u1eb7p l\u1ea1i gi\u1ea3 thuy\u1ebft v\u00e0 th\u1eed nghi\u1ec7m n\u00e0y, b\u1ea1n c\u00f3 th\u1ec3 t\u1ea1o ra m\u1ed9t h\u1ec7 th\u1ed1ng cho m\u1ed9t doanh nghi\u1ec7p ti\u1ebfp t\u1ee5c ph\u00e1t tri\u1ec3n.<\/p>\n<p>D\u1ecbch v\u1ee5 t\u01b0 v\u1ea5n c\u1ee7a ch\u00fang t\u00f4i l\u00e0 h\u1ed7 tr\u1ee3 t\u1ea1o ra m\u1ed9t h\u1ec7 th\u1ed1ng nh\u01b0 v\u1eady.<\/p>\n<p>Ch\u00fang t\u00f4i \u0111\u00f3ng g\u00f3p v\u00e0o s\u1ef1 ph\u00e1t tri\u1ec3n c\u1ee7a kh\u00e1ch h\u00e0ng t\u1eeb g\u00f3c \u0111\u1ed9 qu\u1ea3n l\u00fd k\u1ebft h\u1ee3p t\u00e0i ch\u00ednh v\u00e0 nh\u00e2n l\u1ef1c.[\/vc_column_text][\/vc_column][\/vc_row][vc_row full_width=&#8221;stretch_row&#8221; css=&#8221;.vc_custom_1459505959648{margin-bottom: -60px !important;}&#8221; el_class=&#8221;third_bg_color&#8221;][vc_column][vc_cta h2=&#8221;Get Free Email Consulting Now.&#8221; h2_font_container=&#8221;font_size:20px|color:%23ffffff|line_height:24px&#8221; h2_use_theme_fonts=&#8221;yes&#8221; shape=&#8221;square&#8221; style=&#8221;flat&#8221; add_button=&#8221;right&#8221; btn_title=&#8221;Contact us&#8221; btn_style=&#8221;flat&#8221; btn_color=&#8221;theme_style_2&#8243; btn_align=&#8221;right&#8221; btn_i_align=&#8221;right&#8221; btn_i_icon_fontawesome=&#8221;stm-glob-pdf&#8221; use_custom_fonts_h2=&#8221;true&#8221; btn_add_icon=&#8221;true&#8221; btn_link=&#8221;url:http%3A%2F%2Ftokyoconsultingfirm.com%2Fvietnam%2Fcontact%2F|title:Contact||&#8221; el_class=&#8221;third_bg_color&#8221; css=&#8221;.vc_custom_1595850731966{margin-bottom: 0px !important;}&#8221;][\/vc_cta][\/vc_column][\/vc_row]<\/p>\n","protected":false},"excerpt":{"rendered":"<p>[vc_row css=&#8221;.vc_custom_1586491709608{margin-bottom: 100px !important;}&#8221;][vc_column][vc_single_image image=&#8221;7436&#8243; img_size=&#8221;full&#8221; css=&#8221;.vc_custom_1706605391339{margin-bottom: 45px !important;}&#8221;][vc_column_text css=&#8221;.vc_custom_1706605318041{margin-bottom: 25px !important;}&#8221;]M\u1ed9t doanh nghi\u1ec7p t\u1ed3n t\u1ea1i v\u00ec \u0111i\u1ec1u g\u00ec? L\u00e0 v\u00ec x\u00e3 h\u1ed9i v\u00e0 v\u00ec ch\u00ednh nh\u1eefng ng\u01b0\u1eddi lao \u0111\u1ed9ng c\u1ee7a m\u00ecnh. N\u1ebfu m\u1ed9t doanh nghi\u1ec7p kh\u00f4ng c\u00f2n mang l\u1ea1i gi\u00e1 tr\u1ecb cho x\u00e3 h\u1ed9i, n\u00f3 s\u1ebd kh\u00f4ng c\u00f2n t\u1ed3n t\u1ea1i v\u00e0 kh\u00f4ng th\u1ec3 tr\u1ea3<\/p>\n","protected":false},"author":2,"featured_media":0,"parent":0,"menu_order":0,"comment_status":"closed","ping_status":"closed","template":"","meta":[],"_links":{"self":[{"href":"https:\/\/tokyoconsultingfirm.com\/vietnam\/wp-json\/wp\/v2\/pages\/7434"}],"collection":[{"href":"https:\/\/tokyoconsultingfirm.com\/vietnam\/wp-json\/wp\/v2\/pages"}],"about":[{"href":"https:\/\/tokyoconsultingfirm.com\/vietnam\/wp-json\/wp\/v2\/types\/page"}],"author":[{"embeddable":true,"href":"https:\/\/tokyoconsultingfirm.com\/vietnam\/wp-json\/wp\/v2\/users\/2"}],"replies":[{"embeddable":true,"href":"https:\/\/tokyoconsultingfirm.com\/vietnam\/wp-json\/wp\/v2\/comments?post=7434"}],"version-history":[{"count":0,"href":"https:\/\/tokyoconsultingfirm.com\/vietnam\/wp-json\/wp\/v2\/pages\/7434\/revisions"}],"wp:attachment":[{"href":"https:\/\/tokyoconsultingfirm.com\/vietnam\/wp-json\/wp\/v2\/media?parent=7434"}],"curies":[{"name":"wp","href":"https:\/\/api.w.org\/{rel}","templated":true}]}}