{"id":7872,"date":"2024-02-06T07:27:27","date_gmt":"2024-02-06T07:27:27","guid":{"rendered":"https:\/\/tokyoconsultingfirm.com\/vietnam\/?page_id=7872"},"modified":"2024-02-06T09:12:48","modified_gmt":"2024-02-06T09:12:48","slug":"dinh-gia-doanh-nghiep","status":"publish","type":"page","link":"https:\/\/tokyoconsultingfirm.com\/vietnam\/dinh-gia-doanh-nghiep\/","title":{"rendered":"\u0110\u1ecbnh gi\u00e1 doanh nghi\u1ec7p"},"content":{"rendered":"<p>[vc_row css=&#8221;.vc_custom_1586491709608{margin-bottom: 100px !important;}&#8221;][vc_column][vc_single_image image=&#8221;6855&#8243; img_size=&#8221;stm-image-1110&#215;550-croped&#8221; css=&#8221;.vc_custom_1588067863883{margin-bottom: 45px !important;}&#8221;][vc_column_text css=&#8221;.vc_custom_1707210758501{margin-bottom: 25px !important;}&#8221;]<span style=\"color: #ff0000;\"><em><strong>Doanh nghi\u1ec7p c\u1ee7a b\u1ea1n \u0111\u00e1ng gi\u00e1 bao nhi\u00eau?<\/strong><\/em><\/span><\/p>\n<p>Bi\u1ebft gi\u00e1 tr\u1ecb doanh nghi\u1ec7p l\u00e0 \u0111i\u1ec1u quan tr\u1ecdng khi b\u00e1n m\u1ed9t c\u00f4ng ty, nh\u01b0ng n\u00f3 c\u0169ng quan tr\u1ecdng \u0111\u1ec3 x\u00e1c \u0111\u1ecbnh li\u1ec7u vi\u1ec7c qu\u1ea3n l\u00fd c\u1ee7a c\u00f4ng ty c\u00f3 di\u1ec5n ra t\u1ed1t \u0111\u1eb9p hay kh\u00f4ng.<\/p>\n<p>Ch\u00fang t\u00f4i c\u00f3 th\u1ec3 t\u00ednh to\u00e1n r\u00f5 r\u00e0ng gi\u00e1 tr\u1ecb doanh nghi\u1ec7p hi\u1ec7n t\u1ea1i c\u1ee7a c\u00f4ng ty b\u1ea1n l\u00e0 bao nhi\u00eau.<\/p>\n<p>Sau \u0111\u00f3, n\u1ebfu b\u1ea1n c\u00e2n nh\u1eafc vi\u1ec7c b\u00e1n c\u00f4ng ty c\u1ee7a m\u00ecnh, ch\u00fang t\u00f4i c\u00f3 th\u1ec3 gi\u00fap b\u1ea1n t\u00ecm ng\u01b0\u1eddi mua.<\/p>\n<p>Ngay c\u1ea3 khi b\u1ea1n kh\u00f4ng c\u00e2n nh\u1eafc vi\u1ec7c b\u00e1n c\u00f4ng ty c\u1ee7a m\u00ecnh, ch\u00fang t\u00f4i v\u1eabn c\u00f3 th\u1ec3 \u0111\u01b0a ra l\u1eddi khuy\u00ean v\u00e0 t\u01b0 v\u1ea5n \u0111\u1ec3 <strong>t\u0103ng gi\u00e1 tr\u1ecb c\u00f4ng ty<\/strong> c\u1ee7a b\u1ea1n.<\/p>\n<p><em>N\u1ebfu b\u1ea1n quan t\u00e2m, xin vui l\u00f2ng li\u00ean h\u1ec7 v\u1edbi ch\u00fang t\u00f4i!<\/em>[\/vc_column_text][\/vc_column][\/vc_row][vc_row full_width=&#8221;stretch_row&#8221; css=&#8221;.vc_custom_1459505959648{margin-bottom: -60px !important;}&#8221; el_class=&#8221;third_bg_color&#8221;][vc_column][vc_cta h2=&#8221;Get Free Email Consulting&#8221; h2_font_container=&#8221;font_size:20px|color:%23ffffff|line_height:24px&#8221; h2_use_theme_fonts=&#8221;yes&#8221; shape=&#8221;square&#8221; style=&#8221;flat&#8221; add_button=&#8221;right&#8221; btn_title=&#8221;Contact us&#8221; btn_style=&#8221;flat&#8221; btn_color=&#8221;theme_style_2&#8243; btn_align=&#8221;right&#8221; btn_i_align=&#8221;right&#8221; btn_i_icon_fontawesome=&#8221;stm-glob-pdf&#8221; use_custom_fonts_h2=&#8221;true&#8221; btn_add_icon=&#8221;true&#8221; btn_link=&#8221;url:http%3A%2F%2Ftokyoconsultingfirm.com%2Fvietnam%2Fcontact%2F|||&#8221; el_class=&#8221;third_bg_color&#8221; css=&#8221;.vc_custom_1595850027807{margin-bottom: 0px !important;}&#8221;][\/vc_cta][\/vc_column][\/vc_row]<\/p>\n","protected":false},"excerpt":{"rendered":"<p>[vc_row css=&#8221;.vc_custom_1586491709608{margin-bottom: 100px !important;}&#8221;][vc_column][vc_single_image image=&#8221;6855&#8243; img_size=&#8221;stm-image-1110&#215;550-croped&#8221; css=&#8221;.vc_custom_1588067863883{margin-bottom: 45px !important;}&#8221;][vc_column_text css=&#8221;.vc_custom_1707210758501{margin-bottom: 25px !important;}&#8221;]Doanh nghi\u1ec7p c\u1ee7a b\u1ea1n \u0111\u00e1ng gi\u00e1 bao nhi\u00eau? Bi\u1ebft gi\u00e1 tr\u1ecb doanh nghi\u1ec7p l\u00e0 \u0111i\u1ec1u quan tr\u1ecdng khi b\u00e1n m\u1ed9t c\u00f4ng ty, nh\u01b0ng n\u00f3 c\u0169ng quan tr\u1ecdng \u0111\u1ec3 x\u00e1c \u0111\u1ecbnh li\u1ec7u vi\u1ec7c qu\u1ea3n l\u00fd c\u1ee7a c\u00f4ng ty c\u00f3 di\u1ec5n ra t\u1ed1t \u0111\u1eb9p hay kh\u00f4ng.<\/p>\n","protected":false},"author":2,"featured_media":0,"parent":0,"menu_order":0,"comment_status":"closed","ping_status":"closed","template":"","meta":[],"_links":{"self":[{"href":"https:\/\/tokyoconsultingfirm.com\/vietnam\/wp-json\/wp\/v2\/pages\/7872"}],"collection":[{"href":"https:\/\/tokyoconsultingfirm.com\/vietnam\/wp-json\/wp\/v2\/pages"}],"about":[{"href":"https:\/\/tokyoconsultingfirm.com\/vietnam\/wp-json\/wp\/v2\/types\/page"}],"author":[{"embeddable":true,"href":"https:\/\/tokyoconsultingfirm.com\/vietnam\/wp-json\/wp\/v2\/users\/2"}],"replies":[{"embeddable":true,"href":"https:\/\/tokyoconsultingfirm.com\/vietnam\/wp-json\/wp\/v2\/comments?post=7872"}],"version-history":[{"count":0,"href":"https:\/\/tokyoconsultingfirm.com\/vietnam\/wp-json\/wp\/v2\/pages\/7872\/revisions"}],"wp:attachment":[{"href":"https:\/\/tokyoconsultingfirm.com\/vietnam\/wp-json\/wp\/v2\/media?parent=7872"}],"curies":[{"name":"wp","href":"https:\/\/api.w.org\/{rel}","templated":true}]}}