{"id":7944,"date":"2024-11-18T07:22:35","date_gmt":"2024-11-18T07:22:35","guid":{"rendered":"https:\/\/tokyoconsultingfirm.com\/vietnam\/?page_id=7944"},"modified":"2024-11-18T08:42:08","modified_gmt":"2024-11-18T08:42:08","slug":"7944-2","status":"publish","type":"page","link":"https:\/\/tokyoconsultingfirm.com\/vietnam\/dich-vu-chia-tach-sat-nhap\/7944-2\/","title":{"rendered":""},"content":{"rendered":"<p>[vc_row][vc_column][vc_column_text]<\/p>\n<h1 style=\"text-align: center;\"><span style=\"color: #1e73be;\"><b>Kh\u00e1m Ph\u00e1 C\u01a1 H\u1ed9i M&amp;A <\/b><\/span><span style=\"color: #1e73be;\"><b>C\u00f9ng <\/b><\/span><\/h1>\n<h1 style=\"text-align: center;\"><span style=\"color: #1e73be;\"><b>Tokyo Venture Capital<\/b><\/span><\/h1>\n<p><span style=\"font-weight: 400;\">Ch\u00fang t\u00f4i r\u1ea5t vui m\u1eebng th\u00f4ng b\u00e1o r\u1eb1ng <\/span><b>Tokyo Venture Capital (TVC)<\/b><span style=\"font-weight: 400;\"> \u0111\u00e3 tri\u1ec3n khai c\u00e1c s\u00e1ng ki\u1ebfn v\u00e0 k\u00eanh truy\u1ec1n th\u00f4ng m\u1edbi nh\u1eb1m t\u1ea1o ra nh\u1eefng c\u01a1 h\u1ed9i k\u1ebft n\u1ed1i v\u00e0 h\u1ee3p t\u00e1c trong l\u0129nh v\u1ef1c <\/span><b>M&amp;A<\/b><span style=\"font-weight: 400;\"> (Mua b\u00e1n v\u00e0 S\u00e1p nh\u1eadp). V\u1edbi nh\u1eefng n\u1ed7 l\u1ef1c ti\u1ebfp c\u1eadn th\u1ecb tr\u01b0\u1eddng v\u00e0 chi\u1ebfn l\u01b0\u1ee3c ph\u00e1t tri\u1ec3n k\u00eanh, ch\u00fang t\u00f4i mong mu\u1ed1n gi\u00fap c\u00e1c \u0111\u1ed1i t\u00e1c, ng\u01b0\u1eddi b\u00e1n v\u00e0 nh\u00e0 \u0111\u1ea7u t\u01b0 kh\u00e1m ph\u00e1 ti\u1ec1m n\u0103ng M&amp;A, th\u00fac \u0111\u1ea9y s\u1ef1 ph\u00e1t tri\u1ec3n b\u1ec1n v\u1eefng cho c\u00e1c doanh nghi\u1ec7p.<\/span><\/p>\n<h2><span style=\"color: #808080;\"><b>V\u00ec Sao N\u00ean Ch\u1ecdn M&amp;A V\u1edbi Tokyo Venture Capital?<\/b><\/span><\/h2>\n<ul>\n<li style=\"font-weight: 400;\" aria-level=\"1\"><b>C\u01a1 H\u1ed9i H\u1ee3p T\u00e1c Chi\u1ebfn L\u01b0\u1ee3c<\/b><span style=\"font-weight: 400;\">: Ch\u00fang t\u00f4i t\u1ea1o ra c\u00e1c k\u1ebft n\u1ed1i gi\u00e1 tr\u1ecb gi\u1eefa c\u00e1c doanh nghi\u1ec7p trong v\u00e0 ngo\u00e0i n\u01b0\u1edbc, gi\u00fap x\u00e2y d\u1ef1ng nh\u1eefng \u0111\u1ed1i t\u00e1c chi\u1ebfn l\u01b0\u1ee3c v\u00e0 th\u00fac \u0111\u1ea9y s\u1ef1 t\u0103ng tr\u01b0\u1edfng l\u00e2u d\u00e0i.<\/span><\/li>\n<li style=\"font-weight: 400;\" aria-level=\"1\"><b>H\u01b0\u1edbng D\u1eabn Chuy\u00ean Nghi\u1ec7p<\/b><span style=\"font-weight: 400;\">: \u0110\u1ed9i ng\u0169 chuy\u00ean gia c\u1ee7a ch\u00fang t\u00f4i cung c\u1ea5p c\u00e1c d\u1ecbch v\u1ee5 M&amp;A chuy\u00ean nghi\u1ec7p, \u0111\u1ea3m b\u1ea3o quy tr\u00ecnh di\u1ec5n ra su\u00f4n s\u1ebb v\u00e0 hi\u1ec7u qu\u1ea3. Ch\u00fang t\u00f4i cung c\u1ea5p c\u00e1c gi\u1ea3i ph\u00e1p t\u00e0i ch\u00ednh linh ho\u1ea1t, ph\u00f9 h\u1ee3p v\u1edbi nhu c\u1ea7u c\u1ee7a c\u1ea3 b\u00ean mua v\u00e0 b\u00ean b\u00e1n.<\/span><\/li>\n<li style=\"font-weight: 400;\" aria-level=\"1\"><b>Ti\u1ebfp C\u1eadn Th\u1ecb Tr\u01b0\u1eddng To\u00e0n C\u1ea7u<\/b><span style=\"font-weight: 400;\">: V\u1edbi m\u1ea1ng l\u01b0\u1edbi v\u00e0 ngu\u1ed3n l\u1ef1c s\u1eb5n c\u00f3, ch\u00fang t\u00f4i gi\u00fap b\u1ea1n ti\u1ebfp c\u1eadn c\u00e1c c\u01a1 h\u1ed9i M&amp;A t\u1ea1i c\u1ea3 th\u1ecb tr\u01b0\u1eddng trong n\u01b0\u1edbc v\u00e0 qu\u1ed1c t\u1ebf, m\u1edf r\u1ed9ng c\u01a1 h\u1ed9i \u0111\u1ea7u t\u01b0 v\u00e0 ph\u00e1t tri\u1ec3n kinh doanh.<\/span><\/li>\n<\/ul>\n<h2><span style=\"color: #808080;\"><b>Kh\u00e1m Ph\u00e1 N\u1ed9i Dung v\u00e0 Tham Gia Cu\u1ed9c Tr\u00f2 Chuy\u1ec7n<\/b><\/span><\/h2>\n<p><span style=\"font-weight: 400;\">\u0110\u1ec3 hi\u1ec3u r\u00f5 h\u01a1n v\u1ec1 chi\u1ebfn l\u01b0\u1ee3c M&amp;A v\u00e0 c\u00e1c c\u01a1 h\u1ed9i h\u1ee3p t\u00e1c, ch\u00fang t\u00f4i m\u1eddi b\u1ea1n xem c\u00e1c video gi\u1edbi thi\u1ec7u v\u00e0 tham gia v\u00e0o c\u00e1c n\u1ec1n t\u1ea3ng truy\u1ec1n th\u00f4ng c\u1ee7a ch\u00fang t\u00f4i. Ch\u00fang t\u00f4i tin t\u01b0\u1edfng v\u00e0o s\u1ee9c m\u1ea1nh c\u1ee7a s\u1ef1 h\u1ee3p t\u00e1c v\u00e0 khuy\u1ebfn kh\u00edch c\u00e1c chuy\u00ean gia, \u0111\u1ed1i t\u00e1c v\u00e0 ng\u01b0\u1eddi b\u00e1n chia s\u1ebb nh\u1eefng hi\u1ec3u bi\u1ebft v\u00e0 kinh nghi\u1ec7m c\u1ee7a m\u00ecnh v\u1ec1 M&amp;A.<\/span><\/p>\n<p><span style=\"font-weight: 400;\">\ud83c\udfa5 <\/span><b>Xem video gi\u1edbi thi\u1ec7u v\u1ec1 c\u01a1 h\u1ed9i M&amp;A v\u00e0 h\u1ee3p t\u00e1c<\/b><span style=\"font-weight: 400;\">:<\/span><span style=\"font-weight: 400;\"><br \/>\n<\/span><span style=\"font-weight: 400;\">\ud83d\udc49<\/span><a href=\"https:\/\/www.youtube.com\/watch?v=qY4yd0Ta0WI&amp;t=9s\"> <span style=\"font-weight: 400;\">Xem Ngay<\/span><\/a><\/p>\n<h2><span style=\"color: #808080;\"><b>K\u1ebft N\u1ed1i V\u1edbi Tokyo Venture Capital<\/b><\/span><\/h2>\n<p><span style=\"font-weight: 400;\">H\u00e3y theo d\u00f5i ch\u00fang t\u00f4i \u0111\u1ec3 c\u1eadp nh\u1eadt nh\u1eefng th\u00f4ng tin m\u1edbi nh\u1ea5t, nh\u1eefng c\u01a1 h\u1ed9i \u0111\u1ea7u t\u01b0 v\u00e0 ph\u00e1t tri\u1ec3n t\u1eeb c\u00e1c k\u00eanh truy\u1ec1n th\u00f4ng sau:<\/span><\/p>\n<ul>\n<li style=\"font-weight: 400;\" aria-level=\"1\"><b><i>YouTube<\/i><\/b><i><span style=\"font-weight: 400;\">:<\/span><\/i><a href=\"https:\/\/www.youtube.com\/@tokyoventurecapital\"> <i><span style=\"font-weight: 400;\">Tokyo Venture Capital Channel<\/span><\/i><\/a><\/li>\n<\/ul>\n<ul>\n<li style=\"font-weight: 400;\" aria-level=\"1\"><b><i>Twitter (X)<\/i><\/b><i><span style=\"font-weight: 400;\">: @venture_to5515<\/span><\/i><\/li>\n<\/ul>\n<ul>\n<li style=\"font-weight: 400;\" aria-level=\"1\"><b><i>LinkedIn<\/i><\/b><i><span style=\"font-weight: 400;\">:<\/span><\/i><a href=\"https:\/\/www.linkedin.com\/company\/tokyovc\/\"> <i><span style=\"font-weight: 400;\">Tokyo Venture Capital tr\u00ean LinkedIn<\/span><\/i><\/a><\/li>\n<\/ul>\n<ul>\n<li style=\"font-weight: 400;\" aria-level=\"1\"><b><i>Website<\/i><\/b><i><span style=\"font-weight: 400;\">:<\/span><\/i><a href=\"https:\/\/www.tokyoventurecapital.co.jp\"> <i><span style=\"font-weight: 400;\">Trang Web c\u1ee7a Tokyo Venture Capital<\/span><\/i><\/a><\/li>\n<\/ul>\n<h2><span style=\"color: #808080;\"><b>H\u1ee3p T\u00e1c v\u00e0 Chia S\u1ebb Ki\u1ebfn Th\u1ee9c C\u00f9ng Ch\u00fang T\u00f4i<\/b><\/span><\/h2>\n<p><span style=\"font-weight: 400;\">Ch\u00fang t\u00f4i khuy\u1ebfn kh\u00edch c\u00e1c chuy\u00ean gia M&amp;A, ng\u01b0\u1eddi b\u00e1n v\u00e0 \u0111\u1ed1i t\u00e1c <\/span><b>chia s\u1ebb ki\u1ebfn th\u1ee9c v\u00e0 kinh nghi\u1ec7m<\/b><span style=\"font-weight: 400;\"> c\u1ee7a m\u00ecnh. B\u1ea5t c\u1ee9 khi n\u00e0o b\u1ea1n c\u00f3 video, b\u00e0i vi\u1ebft hay quan \u0111i\u1ec3m g\u00ec, ch\u00fang t\u00f4i lu\u00f4n ch\u00e0o \u0111\u00f3n s\u1ef1 \u0111\u00f3ng g\u00f3p c\u1ee7a b\u1ea1n. Vi\u1ec7c c\u00f9ng nhau chia s\u1ebb v\u00e0 h\u1ecdc h\u1ecfi s\u1ebd gi\u00fap ch\u00fang ta k\u1ebft n\u1ed1i v\u00e0 ph\u00e1t tri\u1ec3n, t\u1eeb \u0111\u00f3 m\u1edf ra nh\u1eefng c\u01a1 h\u1ed9i M&amp;A th\u00e0nh c\u00f4ng cho t\u1ea5t c\u1ea3 c\u00e1c b\u00ean.<\/span><\/p>\n<p><span style=\"font-weight: 400;\">H\u00e3y c\u00f9ng nhau t\u1ea1o ra nh\u1eefng c\u01a1 h\u1ed9i h\u1ee3p t\u00e1c c\u00f9ng ph\u00e1t tri\u1ec3n hi\u1ec7u qu\u1ea3, l\u00e2u d\u00e0i!<\/span><\/p>\n<p><b><i>Tham Gia Ngay H\u00f4m Nay!<\/i><\/b><\/p>\n<p><i><span style=\"font-weight: 400;\">T\u1ea1i TVC, \u0111\u1ed9i ng\u0169 c\u1ee7a ch\u00fang t\u00f4i k\u1ebft h\u1ee3p h\u01a1n nhi\u1ec1u n\u0103m kinh nghi\u1ec7m trong l\u0129nh v\u1ef1c M&amp;A, \u0111\u1ea7u t\u01b0 m\u1ea1o hi\u1ec3m v\u00e0 chi\u1ebfn l\u01b0\u1ee3c t\u00e0i ch\u00ednh. S\u1ee9 m\u1ec7nh c\u1ee7a ch\u00fang t\u00f4i l\u00e0 t\u1ea1o ra gi\u00e1 tr\u1ecb b\u1eb1ng c\u00e1ch k\u1ebft n\u1ed1i nh\u1eefng con ng\u01b0\u1eddi, \u00fd t\u01b0\u1edfng v\u00e0 ngu\u1ed3n l\u1ef1c ph\u00f9 h\u1ee3p trong m\u00f4i tr\u01b0\u1eddng kinh doanh \u0111\u1ea7y bi\u1ebfn \u0111\u1ed9ng. D\u00f9 b\u1ea1n \u0111ang t\u00ecm ki\u1ebfm c\u01a1 h\u1ed9i b\u00e1n, mua hay \u0111\u1ea7u t\u01b0, Tokyo Venture Capital l\u00e0 \u0111\u1ed1i t\u00e1c \u0111\u00e1ng tin c\u1eady gi\u00fap b\u1ea1n \u0111i\u1ec1u h\u01b0\u1edbng qua nh\u1eefng th\u00e1ch th\u1ee9c c\u1ee7a th\u1ecb tr\u01b0\u1eddng M&amp;A.<\/span><\/i><\/p>\n<p><i><span style=\"font-weight: 400;\">Ch\u00fang t\u00f4i r\u1ea5t mong \u0111\u01b0\u1ee3c k\u1ebft n\u1ed1i v\u00e0 h\u1ee3p t\u00e1c c\u00f9ng b\u1ea1n. N\u1ebfu b\u1ea1n c\u00f3 b\u1ea5t k\u1ef3 c\u00e2u h\u1ecfi n\u00e0o ho\u1eb7c mu\u1ed1n t\u00ecm hi\u1ec3u th\u00eam v\u1ec1 c\u00e1ch Tokyo Venture Capital c\u00f3 th\u1ec3 h\u1ed7 tr\u1ee3 h\u00e0nh tr\u00ecnh M&amp;A c\u1ee7a b\u1ea1n, \u0111\u1eebng ng\u1ea7n ng\u1ea1i li\u00ean h\u1ec7 v\u1edbi ch\u00fang t\u00f4i.<\/span><\/i><\/p>\n<p><b><i>L\u1eddi K\u00eau G\u1ecdi H\u00e0nh \u0110\u1ed9ng<\/i><\/b><i><span style=\"font-weight: 400;\">: H\u00e3y kh\u00e1m ph\u00e1 c\u00e1c t\u00e0i nguy\u00ean c\u1ee7a ch\u00fang t\u00f4i v\u00e0 k\u1ebft n\u1ed1i qua website ho\u1eb7c c\u00e1c k\u00eanh truy\u1ec1n th\u00f4ng x\u00e3 h\u1ed9i \u0111\u1ec3 lu\u00f4n c\u1eadp nh\u1eadt nh\u1eefng c\u01a1 h\u1ed9i M&amp;A m\u1edbi nh\u1ea5t.<\/span><\/i><\/p>\n<p><i><span style=\"font-weight: 400;\">TokyoConsultingFirm #TCF #TokyoVentureCapital #M&amp;A #MergerAndAcquisition #InvestmentOpportunities #BusinessGrowth #Partnerships\u00a0<\/span><\/i>[\/vc_column_text][\/vc_column][\/vc_row]<\/p>\n","protected":false},"excerpt":{"rendered":"<p>[vc_row][vc_column][vc_column_text] Kh\u00e1m Ph\u00e1 C\u01a1 H\u1ed9i M&amp;A C\u00f9ng Tokyo Venture Capital Ch\u00fang t\u00f4i r\u1ea5t vui m\u1eebng th\u00f4ng b\u00e1o r\u1eb1ng Tokyo Venture Capital (TVC) \u0111\u00e3 tri\u1ec3n khai c\u00e1c s\u00e1ng ki\u1ebfn v\u00e0 k\u00eanh truy\u1ec1n th\u00f4ng m\u1edbi nh\u1eb1m t\u1ea1o ra nh\u1eefng c\u01a1 h\u1ed9i k\u1ebft n\u1ed1i v\u00e0 h\u1ee3p t\u00e1c trong l\u0129nh v\u1ef1c M&amp;A (Mua b\u00e1n v\u00e0 S\u00e1p nh\u1eadp). V\u1edbi nh\u1eefng<\/p>\n","protected":false},"author":2,"featured_media":0,"parent":6674,"menu_order":2,"comment_status":"closed","ping_status":"closed","template":"","meta":[],"_links":{"self":[{"href":"https:\/\/tokyoconsultingfirm.com\/vietnam\/wp-json\/wp\/v2\/pages\/7944"}],"collection":[{"href":"https:\/\/tokyoconsultingfirm.com\/vietnam\/wp-json\/wp\/v2\/pages"}],"about":[{"href":"https:\/\/tokyoconsultingfirm.com\/vietnam\/wp-json\/wp\/v2\/types\/page"}],"author":[{"embeddable":true,"href":"https:\/\/tokyoconsultingfirm.com\/vietnam\/wp-json\/wp\/v2\/users\/2"}],"replies":[{"embeddable":true,"href":"https:\/\/tokyoconsultingfirm.com\/vietnam\/wp-json\/wp\/v2\/comments?post=7944"}],"version-history":[{"count":0,"href":"https:\/\/tokyoconsultingfirm.com\/vietnam\/wp-json\/wp\/v2\/pages\/7944\/revisions"}],"up":[{"embeddable":true,"href":"https:\/\/tokyoconsultingfirm.com\/vietnam\/wp-json\/wp\/v2\/pages\/6674"}],"wp:attachment":[{"href":"https:\/\/tokyoconsultingfirm.com\/vietnam\/wp-json\/wp\/v2\/media?parent=7944"}],"curies":[{"name":"wp","href":"https:\/\/api.w.org\/{rel}","templated":true}]}}